{"id":2680,"date":"2020-12-10T13:47:31","date_gmt":"2020-12-10T13:47:31","guid":{"rendered":"https:\/\/buczny.pl\/%d0%b4%d0%b5%d0%ba%d0%be%d1%80%d0%b0%d1%82%d0%be%d1%80-%d0%b8%d0%bd%d1%82%d0%b5%d1%80%d1%8c%d0%b5%d1%80%d0%b0\/"},"modified":"2020-12-10T13:48:17","modified_gmt":"2020-12-10T13:48:17","slug":"%d0%b4%d0%b5%d0%ba%d0%be%d1%80%d0%b0%d1%82%d0%be%d1%80-%d0%b8%d0%bd%d1%82%d0%b5%d1%80%d1%8c%d0%b5%d1%80%d0%b0","status":"publish","type":"page","link":"https:\/\/buczny.pl\/ru\/%d0%b4%d0%b5%d0%ba%d0%be%d1%80%d0%b0%d1%82%d0%be%d1%80-%d0%b8%d0%bd%d1%82%d0%b5%d1%80%d1%8c%d0%b5%d1%80%d0%b0\/","title":{"rendered":"\u0434\u0435\u043a\u043e\u0440\u0430\u0442\u043e\u0440 \u0438\u043d\u0442\u0435\u0440\u044c\u0435\u0440\u0430"},"content":{"rendered":"\n<p>\u041d\u0430\u0448\u0430 \u0441\u0442\u0443\u0434\u0438\u044f \u0434\u0438\u0437\u0430\u0439\u043d\u0430 \u0438\u043d\u0442\u0435\u0440\u044c\u0435\u0440\u043e\u0432 \u0440\u0430\u0431\u043e\u0442\u0430\u0435\u0442 \u043d\u0430 \u0440\u044b\u043d\u043a\u0435 25 \u043b\u0435\u0442. \u041a\u0430\u0436\u0434\u044b\u0439 \u0438\u0437 \u043d\u0430\u0441, \u0434\u0438\u0437\u0430\u0439\u043d\u0435\u0440 \u0438\u043d\u0442\u0435\u0440\u044c\u0435\u0440\u0430, \u0430\u0440\u0445\u0438\u0442\u0435\u043a\u0442\u043e\u0440, \u0434\u0438\u0437\u0430\u0439\u043d\u0435\u0440 \u0438\u043d\u0442\u0435\u0440\u044c\u0435\u0440\u0430 \u0432\u0441\u0435\u0433\u0434\u0430 \u0432 \u0412\u0430\u0448\u0435\u043c \u0440\u0430\u0441\u043f\u043e\u0440\u044f\u0436\u0435\u043d\u0438\u0438. \u041d\u0430\u0448\u0430 \u0441\u0442\u0443\u0434\u0438\u044f \u0432\u043d\u0443\u0442\u0440\u0435\u043d\u043d\u0435\u0439 \u043e\u0442\u0434\u0435\u043b\u043a\u0438 &#8212; \u044d\u0442\u043e \u043c\u0435\u0441\u0442\u043e, \u0433\u0434\u0435 \u0432\u044b \u043d\u0430\u0439\u0434\u0435\u0442\u0435 \u0443\u043d\u0438\u043a\u0430\u043b\u044c\u043d\u044b\u0435 \u043c\u0430\u0442\u0435\u0440\u0438\u0430\u043b\u044b \u0434\u043b\u044f \u043e\u0442\u0434\u0435\u043b\u043a\u0438 \u0438 \u043c\u0435\u0431\u043b\u0438\u0440\u043e\u0432\u043a\u0438 \u0432\u0430\u0448\u0438\u0445 \u0438\u043d\u0442\u0435\u0440\u044c\u0435\u0440\u043e\u0432. \u0421\u043f\u0435\u0446\u0438\u0430\u043b\u044c\u043d\u043e \u0434\u043b\u044f \u0412\u0430\u0441 \u043c\u044b \u0438\u043c\u043f\u043e\u0440\u0442\u0438\u0440\u0443\u0435\u043c \u044d\u043a\u0441\u043a\u043b\u044e\u0437\u0438\u0432\u043d\u0443\u044e \u043c\u0435\u0431\u0435\u043b\u044c \u0438 \u0441\u0432\u0435\u0442\u0438\u043b\u044c\u043d\u0438\u043a\u0438, \u043a\u043e\u0442\u043e\u0440\u044b\u0445 \u043d\u0435 \u043c\u043e\u0436\u0435\u0442 \u043d\u0435 \u0445\u0432\u0430\u0442\u0430\u0442\u044c \u0432 \u044d\u043b\u0435\u0433\u0430\u043d\u0442\u043d\u043e\u043c \u0438\u043d\u0442\u0435\u0440\u044c\u0435\u0440\u0435.<\/p>\n\n\n\n<p>\u0412\u0430\u0440\u0448\u0430\u0432\u0430, \u041f\u043e\u0437\u043d\u0430\u043d\u044c, \u0412\u0440\u043e\u0446\u043b\u0430\u0432, \u0429\u0435\u0446\u0438\u043d \u0438\u043b\u0438 \u0416\u0435\u0448\u0443\u0432 &#8212; \u044d\u0442\u043e \u0433\u043e\u0440\u043e\u0434\u0430, \u0432 \u043a\u043e\u0442\u043e\u0440\u044b\u0445 \u0443 \u043d\u0430\u0441 \u0435\u0441\u0442\u044c \u0441\u0432\u043e\u0438 \u043f\u0440\u043e\u0435\u043a\u0442\u044b. \u041c\u044b \u043e\u0442\u043a\u0440\u044b\u0442\u044b \u0434\u043b\u044f \u043d\u043e\u0432\u044b\u0445 \u043c\u0435\u0441\u0442 \u0438 \u043d\u043e\u0432\u044b\u0445 \u0432\u044b\u0437\u043e\u0432\u043e\u0432.<\/p>\n\n\n\n<p>\u0426\u0435\u043d\u0430 \u043a\u0430\u0436\u0434\u043e\u0433\u043e \u043f\u0440\u043e\u0435\u043a\u0442\u0430 \u0440\u0430\u0437\u043b\u0438\u0447\u043d\u0430, \u0432 \u0437\u0430\u0432\u0438\u0441\u0438\u043c\u043e\u0441\u0442\u0438 \u043e\u0442 \u043f\u043b\u0430\u043d\u0438\u0440\u0443\u0435\u043c\u043e\u0433\u043e \u043e\u0431\u044a\u0435\u043c\u0430 \u0440\u0430\u0431\u043e\u0442. \u041d\u0430 \u043d\u0430\u0448\u0435\u043c \u0441\u0430\u0439\u0442\u0435 \u0432\u044b \u043d\u0430\u0439\u0434\u0435\u0442\u0435 \u0438\u0441\u0447\u0435\u0440\u043f\u044b\u0432\u0430\u044e\u0449\u0443\u044e \u0438\u043d\u0444\u043e\u0440\u043c\u0430\u0446\u0438\u044e, \u043a\u043e\u0442\u043e\u0440\u0430\u044f \u043f\u043e\u0437\u0432\u043e\u043b\u0438\u0442 \u0432\u0430\u043c \u0443\u0432\u0438\u0434\u0435\u0442\u044c, \u043a\u0430\u043a \u043c\u044b \u0446\u0435\u043d\u0438\u043c \u043a\u0430\u0436\u0434\u044b\u0439, \u0438\u043d\u0434\u0438\u0432\u0438\u0434\u0443\u0430\u043b\u044c\u043d\u044b\u0439, \u043d\u0435\u043f\u043e\u0432\u0442\u043e\u0440\u0438\u043c\u044b\u0439, \u0435\u0434\u0438\u043d\u0441\u0442\u0432\u0435\u043d\u043d\u044b\u0439 \u0432 \u0441\u0432\u043e\u0435\u043c \u0440\u043e\u0434\u0435 \u0434\u0438\u0437\u0430\u0439\u043d \u0438\u043d\u0442\u0435\u0440\u044c\u0435\u0440\u0430: buczny.pl\/jak-pracajemy\/<\/p>\n\n\n\n<p class=\"has-text-align-center cta\"><strong>\u0414\u0430\u0432\u0430\u0439\u0442\u0435 \u0432\u043c\u0435\u0441\u0442\u0435 \u0441\u043e\u0437\u0434\u0430\u0434\u0438\u043c \u0432\u0430\u0448 \u043f\u0440\u0435\u043a\u0440\u0430\u0441\u043d\u044b\u0439 \u0438\u043d\u0442\u0435\u0440\u044c\u0435\u0440<\/strong><br><a href=\"https:\/\/buczny.pl\/kontakt\/\">\u0421\u0432\u044f\u0436\u0438\u0442\u0435\u0441\u044c \u0441 \u043d\u0430\u043c\u0438<\/a><\/p>\n","protected":false},"excerpt":{"rendered":"<p>\u041d\u0430\u0448\u0430 \u0441\u0442\u0443\u0434\u0438\u044f \u0434\u0438\u0437\u0430\u0439\u043d\u0430 \u0438\u043d\u0442\u0435\u0440\u044c\u0435\u0440\u043e\u0432 \u0440\u0430\u0431\u043e\u0442\u0430\u0435\u0442 \u043d\u0430 \u0440\u044b\u043d\u043a\u0435 25 \u043b\u0435\u0442. \u041a\u0430\u0436\u0434\u044b\u0439 \u0438\u0437 \u043d\u0430\u0441, \u0434\u0438\u0437\u0430\u0439\u043d\u0435\u0440 \u0438\u043d\u0442\u0435\u0440\u044c\u0435\u0440\u0430, \u0430\u0440\u0445\u0438\u0442\u0435\u043a\u0442\u043e\u0440, [&hellip;]<\/p>\n","protected":false},"author":1001003,"featured_media":0,"parent":0,"menu_order":0,"comment_status":"closed","ping_status":"closed","template":"","meta":{"_acf_changed":false,"ngg_post_thumbnail":0,"footnotes":""},"class_list":["post-2680","page","type-page","status-publish","hentry"],"acf":[],"yoast_head":"<!-- This site is optimized with the Yoast SEO plugin v23.5 - https:\/\/yoast.com\/wordpress\/plugins\/seo\/ -->\n<title>\u0434\u0435\u043a\u043e\u0440\u0430\u0442\u043e\u0440 \u0438\u043d\u0442\u0435\u0440\u044c\u0435\u0440\u0430 - Anna Buczny Projektowanie i Aran\u017cacja Wn\u0119trz<\/title>\n<meta name=\"robots\" content=\"index, follow, max-snippet:-1, max-image-preview:large, max-video-preview:-1\" \/>\n<link rel=\"canonical\" href=\"https:\/\/buczny.pl\/ru\/\u0434\u0435\u043a\u043e\u0440\u0430\u0442\u043e\u0440-\u0438\u043d\u0442\u0435\u0440\u044c\u0435\u0440\u0430\/\" \/>\n<meta property=\"og:locale\" content=\"ru_RU\" \/>\n<meta property=\"og:type\" content=\"article\" \/>\n<meta property=\"og:title\" content=\"\u0434\u0435\u043a\u043e\u0440\u0430\u0442\u043e\u0440 \u0438\u043d\u0442\u0435\u0440\u044c\u0435\u0440\u0430 - Anna Buczny Projektowanie i Aran\u017cacja Wn\u0119trz\" \/>\n<meta property=\"og:description\" content=\"\u041d\u0430\u0448\u0430 \u0441\u0442\u0443\u0434\u0438\u044f \u0434\u0438\u0437\u0430\u0439\u043d\u0430 \u0438\u043d\u0442\u0435\u0440\u044c\u0435\u0440\u043e\u0432 \u0440\u0430\u0431\u043e\u0442\u0430\u0435\u0442 \u043d\u0430 \u0440\u044b\u043d\u043a\u0435 25 \u043b\u0435\u0442. \u041a\u0430\u0436\u0434\u044b\u0439 \u0438\u0437 \u043d\u0430\u0441, \u0434\u0438\u0437\u0430\u0439\u043d\u0435\u0440 \u0438\u043d\u0442\u0435\u0440\u044c\u0435\u0440\u0430, \u0430\u0440\u0445\u0438\u0442\u0435\u043a\u0442\u043e\u0440, [&hellip;]\" \/>\n<meta property=\"og:url\" content=\"https:\/\/buczny.pl\/ru\/\u0434\u0435\u043a\u043e\u0440\u0430\u0442\u043e\u0440-\u0438\u043d\u0442\u0435\u0440\u044c\u0435\u0440\u0430\/\" \/>\n<meta property=\"og:site_name\" content=\"Anna Buczny Projektowanie i Aran\u017cacja Wn\u0119trz\" \/>\n<meta property=\"article:modified_time\" content=\"2020-12-10T13:48:17+00:00\" \/>\n<script type=\"application\/ld+json\" class=\"yoast-schema-graph\">{\"@context\":\"https:\/\/schema.org\",\"@graph\":[{\"@type\":\"WebPage\",\"@id\":\"https:\/\/buczny.pl\/ru\/%d0%b4%d0%b5%d0%ba%d0%be%d1%80%d0%b0%d1%82%d0%be%d1%80-%d0%b8%d0%bd%d1%82%d0%b5%d1%80%d1%8c%d0%b5%d1%80%d0%b0\/\",\"url\":\"https:\/\/buczny.pl\/ru\/%d0%b4%d0%b5%d0%ba%d0%be%d1%80%d0%b0%d1%82%d0%be%d1%80-%d0%b8%d0%bd%d1%82%d0%b5%d1%80%d1%8c%d0%b5%d1%80%d0%b0\/\",\"name\":\"\u0434\u0435\u043a\u043e\u0440\u0430\u0442\u043e\u0440 \u0438\u043d\u0442\u0435\u0440\u044c\u0435\u0440\u0430 - Anna Buczny Projektowanie i Aran\u017cacja Wn\u0119trz\",\"isPartOf\":{\"@id\":\"https:\/\/buczny.pl\/en\/#website\"},\"datePublished\":\"2020-12-10T13:47:31+00:00\",\"dateModified\":\"2020-12-10T13:48:17+00:00\",\"breadcrumb\":{\"@id\":\"https:\/\/buczny.pl\/ru\/%d0%b4%d0%b5%d0%ba%d0%be%d1%80%d0%b0%d1%82%d0%be%d1%80-%d0%b8%d0%bd%d1%82%d0%b5%d1%80%d1%8c%d0%b5%d1%80%d0%b0\/#breadcrumb\"},\"inLanguage\":\"ru-RU\",\"potentialAction\":[{\"@type\":\"ReadAction\",\"target\":[\"https:\/\/buczny.pl\/ru\/%d0%b4%d0%b5%d0%ba%d0%be%d1%80%d0%b0%d1%82%d0%be%d1%80-%d0%b8%d0%bd%d1%82%d0%b5%d1%80%d1%8c%d0%b5%d1%80%d0%b0\/\"]}]},{\"@type\":\"BreadcrumbList\",\"@id\":\"https:\/\/buczny.pl\/ru\/%d0%b4%d0%b5%d0%ba%d0%be%d1%80%d0%b0%d1%82%d0%be%d1%80-%d0%b8%d0%bd%d1%82%d0%b5%d1%80%d1%8c%d0%b5%d1%80%d0%b0\/#breadcrumb\",\"itemListElement\":[{\"@type\":\"ListItem\",\"position\":1,\"name\":\"Strona g\u0142\u00f3wna\",\"item\":\"https:\/\/buczny.pl\/ru\/\"},{\"@type\":\"ListItem\",\"position\":2,\"name\":\"\u0434\u0435\u043a\u043e\u0440\u0430\u0442\u043e\u0440 \u0438\u043d\u0442\u0435\u0440\u044c\u0435\u0440\u0430\"}]},{\"@type\":\"WebSite\",\"@id\":\"https:\/\/buczny.pl\/en\/#website\",\"url\":\"https:\/\/buczny.pl\/en\/\",\"name\":\"Anna Buczny Projektowanie i Aran\u017cacja Wn\u0119trz\",\"description\":\"Projektowanie i Aran\u017cacja Wn\u0119trz\",\"potentialAction\":[{\"@type\":\"SearchAction\",\"target\":{\"@type\":\"EntryPoint\",\"urlTemplate\":\"https:\/\/buczny.pl\/en\/?s={search_term_string}\"},\"query-input\":{\"@type\":\"PropertyValueSpecification\",\"valueRequired\":true,\"valueName\":\"search_term_string\"}}],\"inLanguage\":\"ru-RU\"}]}<\/script>\n<!-- \/ Yoast SEO plugin. -->","yoast_head_json":{"title":"\u0434\u0435\u043a\u043e\u0440\u0430\u0442\u043e\u0440 \u0438\u043d\u0442\u0435\u0440\u044c\u0435\u0440\u0430 - Anna Buczny Projektowanie i Aran\u017cacja Wn\u0119trz","robots":{"index":"index","follow":"follow","max-snippet":"max-snippet:-1","max-image-preview":"max-image-preview:large","max-video-preview":"max-video-preview:-1"},"canonical":"https:\/\/buczny.pl\/ru\/\u0434\u0435\u043a\u043e\u0440\u0430\u0442\u043e\u0440-\u0438\u043d\u0442\u0435\u0440\u044c\u0435\u0440\u0430\/","og_locale":"ru_RU","og_type":"article","og_title":"\u0434\u0435\u043a\u043e\u0440\u0430\u0442\u043e\u0440 \u0438\u043d\u0442\u0435\u0440\u044c\u0435\u0440\u0430 - Anna Buczny Projektowanie i Aran\u017cacja Wn\u0119trz","og_description":"\u041d\u0430\u0448\u0430 \u0441\u0442\u0443\u0434\u0438\u044f \u0434\u0438\u0437\u0430\u0439\u043d\u0430 \u0438\u043d\u0442\u0435\u0440\u044c\u0435\u0440\u043e\u0432 \u0440\u0430\u0431\u043e\u0442\u0430\u0435\u0442 \u043d\u0430 \u0440\u044b\u043d\u043a\u0435 25 \u043b\u0435\u0442. \u041a\u0430\u0436\u0434\u044b\u0439 \u0438\u0437 \u043d\u0430\u0441, \u0434\u0438\u0437\u0430\u0439\u043d\u0435\u0440 \u0438\u043d\u0442\u0435\u0440\u044c\u0435\u0440\u0430, \u0430\u0440\u0445\u0438\u0442\u0435\u043a\u0442\u043e\u0440, [&hellip;]","og_url":"https:\/\/buczny.pl\/ru\/\u0434\u0435\u043a\u043e\u0440\u0430\u0442\u043e\u0440-\u0438\u043d\u0442\u0435\u0440\u044c\u0435\u0440\u0430\/","og_site_name":"Anna Buczny Projektowanie i Aran\u017cacja Wn\u0119trz","article_modified_time":"2020-12-10T13:48:17+00:00","schema":{"@context":"https:\/\/schema.org","@graph":[{"@type":"WebPage","@id":"https:\/\/buczny.pl\/ru\/%d0%b4%d0%b5%d0%ba%d0%be%d1%80%d0%b0%d1%82%d0%be%d1%80-%d0%b8%d0%bd%d1%82%d0%b5%d1%80%d1%8c%d0%b5%d1%80%d0%b0\/","url":"https:\/\/buczny.pl\/ru\/%d0%b4%d0%b5%d0%ba%d0%be%d1%80%d0%b0%d1%82%d0%be%d1%80-%d0%b8%d0%bd%d1%82%d0%b5%d1%80%d1%8c%d0%b5%d1%80%d0%b0\/","name":"\u0434\u0435\u043a\u043e\u0440\u0430\u0442\u043e\u0440 \u0438\u043d\u0442\u0435\u0440\u044c\u0435\u0440\u0430 - Anna Buczny Projektowanie i Aran\u017cacja Wn\u0119trz","isPartOf":{"@id":"https:\/\/buczny.pl\/en\/#website"},"datePublished":"2020-12-10T13:47:31+00:00","dateModified":"2020-12-10T13:48:17+00:00","breadcrumb":{"@id":"https:\/\/buczny.pl\/ru\/%d0%b4%d0%b5%d0%ba%d0%be%d1%80%d0%b0%d1%82%d0%be%d1%80-%d0%b8%d0%bd%d1%82%d0%b5%d1%80%d1%8c%d0%b5%d1%80%d0%b0\/#breadcrumb"},"inLanguage":"ru-RU","potentialAction":[{"@type":"ReadAction","target":["https:\/\/buczny.pl\/ru\/%d0%b4%d0%b5%d0%ba%d0%be%d1%80%d0%b0%d1%82%d0%be%d1%80-%d0%b8%d0%bd%d1%82%d0%b5%d1%80%d1%8c%d0%b5%d1%80%d0%b0\/"]}]},{"@type":"BreadcrumbList","@id":"https:\/\/buczny.pl\/ru\/%d0%b4%d0%b5%d0%ba%d0%be%d1%80%d0%b0%d1%82%d0%be%d1%80-%d0%b8%d0%bd%d1%82%d0%b5%d1%80%d1%8c%d0%b5%d1%80%d0%b0\/#breadcrumb","itemListElement":[{"@type":"ListItem","position":1,"name":"Strona g\u0142\u00f3wna","item":"https:\/\/buczny.pl\/ru\/"},{"@type":"ListItem","position":2,"name":"\u0434\u0435\u043a\u043e\u0440\u0430\u0442\u043e\u0440 \u0438\u043d\u0442\u0435\u0440\u044c\u0435\u0440\u0430"}]},{"@type":"WebSite","@id":"https:\/\/buczny.pl\/en\/#website","url":"https:\/\/buczny.pl\/en\/","name":"Anna Buczny Projektowanie i Aran\u017cacja Wn\u0119trz","description":"Projektowanie i Aran\u017cacja Wn\u0119trz","potentialAction":[{"@type":"SearchAction","target":{"@type":"EntryPoint","urlTemplate":"https:\/\/buczny.pl\/en\/?s={search_term_string}"},"query-input":{"@type":"PropertyValueSpecification","valueRequired":true,"valueName":"search_term_string"}}],"inLanguage":"ru-RU"}]}},"_links":{"self":[{"href":"https:\/\/buczny.pl\/ru\/wp-json\/wp\/v2\/pages\/2680"}],"collection":[{"href":"https:\/\/buczny.pl\/ru\/wp-json\/wp\/v2\/pages"}],"about":[{"href":"https:\/\/buczny.pl\/ru\/wp-json\/wp\/v2\/types\/page"}],"author":[{"embeddable":true,"href":"https:\/\/buczny.pl\/ru\/wp-json\/wp\/v2\/users\/1001003"}],"replies":[{"embeddable":true,"href":"https:\/\/buczny.pl\/ru\/wp-json\/wp\/v2\/comments?post=2680"}],"version-history":[{"count":0,"href":"https:\/\/buczny.pl\/ru\/wp-json\/wp\/v2\/pages\/2680\/revisions"}],"wp:attachment":[{"href":"https:\/\/buczny.pl\/ru\/wp-json\/wp\/v2\/media?parent=2680"}],"curies":[{"name":"wp","href":"https:\/\/api.w.org\/{rel}","templated":true}]}}