{"id":1324,"date":"2013-07-19T13:34:43","date_gmt":"2013-07-19T13:34:43","guid":{"rendered":"http:\/\/buczny.pl\/%d0%be%d1%82%d0%b7%d1%8b%d0%b2%d1%8b-%d0%ba%d0%bb%d0%b8%d0%b5%d0%bd%d1%82%d0%be%d0%b2\/"},"modified":"2018-03-12T10:41:06","modified_gmt":"2018-03-12T10:41:06","slug":"1-%d0%be%d1%82%d0%b7%d1%8b%d0%b2%d1%8b-%d0%ba%d0%bb%d0%b8%d0%b5%d0%bd%d1%82%d0%be%d0%b2","status":"publish","type":"page","link":"https:\/\/buczny.pl\/ru\/1-%d0%be%d1%82%d0%b7%d1%8b%d0%b2%d1%8b-%d0%ba%d0%bb%d0%b8%d0%b5%d0%bd%d1%82%d0%be%d0%b2\/","title":{"rendered":"\u041e\u0442\u0437\u044b\u0432\u044b \u041a\u043b\u0438\u0435\u043d\u0442\u043e\u0432"},"content":{"rendered":"<h3>\u0413\u043e\u0441\u043f\u043e\u0436\u0430 \u0418\u043e\u043b\u0430\u043d\u0442\u0430 Niszczota<\/h3>\n<p>\u041e\u0442\u0437\u044b\u0432 \u0418\u043d\u0432\u0435\u0441\u0442\u043e\u0440\u0430:<br \/>\n\u0412\u044b\u043f\u043e\u043b\u043d\u0435\u043d\u0438\u0435 \u043f\u043e\u043b\u043d\u043e\u0433\u043e \u043a\u043e\u043c\u043f\u043b\u0435\u043a\u0441\u0430 \u0440\u0430\u0431\u043e\u0442, \u0440\u0435\u043c\u043e\u043d\u0442 \u0430\u043f\u0430\u0440\u0442\u0430\u043c\u0435\u043d\u0442\u0430. \u0420\u0435\u0430\u043b\u0438\u0437\u0430\u0446\u0438\u044f \u201e\u043f\u043e\u0434 \u043a\u043b\u044e\u0447\u201d.<\/p>\n<div class=\"video-embed\">\n<div class=\"video-container\"><iframe loading=\"lazy\" src=\"https:\/\/www.youtube.com\/embed\/7qB1OWRMB1E?rel=0\" width=\"640\" height=\"380\" frameborder=\"0\" allowfullscreen=\"allowfullscreen\"><\/iframe><\/div>\n<\/div>\n<h3>\u0413\u043e\u0441\u043f\u043e\u0436\u0430 \u0410\u0433\u043d\u0435\u0448\u043a\u0430 \u041d\u043e\u0440\u0434\u0431\u043e<\/h3>\n<p>\u041e\u0442\u0437\u044b\u0432 \u0418\u043d\u0432\u0435\u0441\u0442\u043e\u0440\u0430:<br \/>\n\u0412\u044b\u043f\u043e\u043b\u043d\u0435\u043d\u0438\u0435 \u043f\u043e\u043b\u043d\u043e\u0433\u043e \u043a\u043e\u043c\u043f\u043b\u0435\u043a\u0441\u0430 \u0440\u0430\u0431\u043e\u0442, \u0440\u0435\u043c\u043e\u043d\u0442 \u0430\u043f\u0430\u0440\u0442\u0430\u043c\u0435\u043d\u0442\u0430. \u0420\u0435\u0430\u043b\u0438\u0437\u0430\u0446\u0438\u044f \u201e\u043f\u043e\u0434 \u043a\u043b\u044e\u0447\u201d.<\/p>\n<div class=\"video-embed\">\n<div class=\"video-container\"><iframe loading=\"lazy\" src=\"https:\/\/www.youtube.com\/embed\/bFOnniKPBGs?rel=0&amp;cc_load_policy=1&amp;hl=ru\" width=\"640\" height=\"380\" frameborder=\"0\" allowfullscreen=\"allowfullscreen\"><\/iframe><\/div>\n<\/div>\n<h3>\u0413\u043e\u0441\u043f\u043e\u0436\u0430 \u042d\u043b\u044c\u0436\u0431\u0435\u0442\u0430 \u0428\u0438\u0434\u0435\u043b\u044c\u0441\u043a\u0430-\u0420\u043e\u0448\u0430\u043a<\/h3>\n<p>\u041e\u0442\u0437\u044b\u0432 \u0418\u043d\u0432\u0435\u0441\u0442\u043e\u0440\u0430:<br \/>\n\u041f\u0440\u043e\u0435\u043a\u0442 \u0438\u043d\u0442\u0435\u0440\u044c\u0435\u0440\u0430, \u0432\u044b\u043f\u043e\u043b\u043d\u0435\u043d\u0438\u0435 \u043f\u043e\u043b\u043d\u043e\u0433\u043e \u043a\u043e\u043c\u043f\u043b\u0435\u043a\u0441\u0430 \u0440\u0430\u0431\u043e\u0442 \u0438 \u043e\u0441\u043d\u0430\u0449\u0435\u043d\u0438\u0435. \u0420\u0435\u0430\u043b\u0438\u0437\u0430\u0446\u0438\u044f \u201e\u043f\u043e\u0434 \u043a\u043b\u044e\u0447\u201d.<\/p>\n<div class=\"video-embed\">\n<div class=\"video-container\"><iframe loading=\"lazy\" src=\"https:\/\/www.youtube.com\/embed\/i497Z0OxG5c?rel=0&amp;cc_load_policy=1&amp;hl=ru\" width=\"640\" height=\"380\" frameborder=\"0\" allowfullscreen=\"allowfullscreen\">&lt;span data-mce-type=&#187;bookmark&#187; style=&#187;display: inline-block; width: 0px; overflow: hidden; line-height: 0;&#187; class=&#187;mce_SELRES_start&#187;&gt;\ufeff&lt;\/span&gt;<\/iframe><\/div>\n<\/div>\n","protected":false},"excerpt":{"rendered":"<p>\u0413\u043e\u0441\u043f\u043e\u0436\u0430 \u0418\u043e\u043b\u0430\u043d\u0442\u0430 Niszczota \u041e\u0442\u0437\u044b\u0432 \u0418\u043d\u0432\u0435\u0441\u0442\u043e\u0440\u0430: \u0412\u044b\u043f\u043e\u043b\u043d\u0435\u043d\u0438\u0435 \u043f\u043e\u043b\u043d\u043e\u0433\u043e \u043a\u043e\u043c\u043f\u043b\u0435\u043a\u0441\u0430 \u0440\u0430\u0431\u043e\u0442, \u0440\u0435\u043c\u043e\u043d\u0442 \u0430\u043f\u0430\u0440\u0442\u0430\u043c\u0435\u043d\u0442\u0430. \u0420\u0435\u0430\u043b\u0438\u0437\u0430\u0446\u0438\u044f \u201e\u043f\u043e\u0434 \u043a\u043b\u044e\u0447\u201d. \u0413\u043e\u0441\u043f\u043e\u0436\u0430 [&hellip;]<\/p>\n","protected":false},"author":3,"featured_media":0,"parent":0,"menu_order":0,"comment_status":"open","ping_status":"open","template":"page-nowe-opinie-klientow.php","meta":{"_acf_changed":false,"ngg_post_thumbnail":0,"footnotes":""},"class_list":["post-1324","page","type-page","status-publish","hentry"],"acf":[],"yoast_head":"<!-- This site is optimized with the Yoast SEO plugin v23.5 - https:\/\/yoast.com\/wordpress\/plugins\/seo\/ -->\n<title>\u041e\u0442\u0437\u044b\u0432\u044b \u041a\u043b\u0438\u0435\u043d\u0442\u043e\u0432 - Anna Buczny Projektowanie i Aran\u017cacja Wn\u0119trz<\/title>\n<meta name=\"robots\" content=\"index, follow, max-snippet:-1, max-image-preview:large, max-video-preview:-1\" \/>\n<link rel=\"canonical\" href=\"https:\/\/buczny.pl\/ru\/1-\u043e\u0442\u0437\u044b\u0432\u044b-\u043a\u043b\u0438\u0435\u043d\u0442\u043e\u0432\/\" \/>\n<meta property=\"og:locale\" content=\"ru_RU\" \/>\n<meta property=\"og:type\" content=\"article\" \/>\n<meta property=\"og:title\" content=\"\u041e\u0442\u0437\u044b\u0432\u044b \u041a\u043b\u0438\u0435\u043d\u0442\u043e\u0432 - Anna Buczny Projektowanie i Aran\u017cacja Wn\u0119trz\" \/>\n<meta property=\"og:description\" content=\"\u0413\u043e\u0441\u043f\u043e\u0436\u0430 \u0418\u043e\u043b\u0430\u043d\u0442\u0430 Niszczota \u041e\u0442\u0437\u044b\u0432 \u0418\u043d\u0432\u0435\u0441\u0442\u043e\u0440\u0430: \u0412\u044b\u043f\u043e\u043b\u043d\u0435\u043d\u0438\u0435 \u043f\u043e\u043b\u043d\u043e\u0433\u043e \u043a\u043e\u043c\u043f\u043b\u0435\u043a\u0441\u0430 \u0440\u0430\u0431\u043e\u0442, \u0440\u0435\u043c\u043e\u043d\u0442 \u0430\u043f\u0430\u0440\u0442\u0430\u043c\u0435\u043d\u0442\u0430. \u0420\u0435\u0430\u043b\u0438\u0437\u0430\u0446\u0438\u044f \u201e\u043f\u043e\u0434 \u043a\u043b\u044e\u0447\u201d. \u0413\u043e\u0441\u043f\u043e\u0436\u0430 [&hellip;]\" \/>\n<meta property=\"og:url\" content=\"https:\/\/buczny.pl\/ru\/1-\u043e\u0442\u0437\u044b\u0432\u044b-\u043a\u043b\u0438\u0435\u043d\u0442\u043e\u0432\/\" \/>\n<meta property=\"og:site_name\" content=\"Anna Buczny Projektowanie i Aran\u017cacja Wn\u0119trz\" \/>\n<meta property=\"article:modified_time\" content=\"2018-03-12T10:41:06+00:00\" \/>\n<script type=\"application\/ld+json\" class=\"yoast-schema-graph\">{\"@context\":\"https:\/\/schema.org\",\"@graph\":[{\"@type\":\"WebPage\",\"@id\":\"https:\/\/buczny.pl\/ru\/1-%d0%be%d1%82%d0%b7%d1%8b%d0%b2%d1%8b-%d0%ba%d0%bb%d0%b8%d0%b5%d0%bd%d1%82%d0%be%d0%b2\/\",\"url\":\"https:\/\/buczny.pl\/ru\/1-%d0%be%d1%82%d0%b7%d1%8b%d0%b2%d1%8b-%d0%ba%d0%bb%d0%b8%d0%b5%d0%bd%d1%82%d0%be%d0%b2\/\",\"name\":\"\u041e\u0442\u0437\u044b\u0432\u044b \u041a\u043b\u0438\u0435\u043d\u0442\u043e\u0432 - Anna Buczny Projektowanie i Aran\u017cacja Wn\u0119trz\",\"isPartOf\":{\"@id\":\"https:\/\/buczny.pl\/en\/#website\"},\"datePublished\":\"2013-07-19T13:34:43+00:00\",\"dateModified\":\"2018-03-12T10:41:06+00:00\",\"breadcrumb\":{\"@id\":\"https:\/\/buczny.pl\/ru\/1-%d0%be%d1%82%d0%b7%d1%8b%d0%b2%d1%8b-%d0%ba%d0%bb%d0%b8%d0%b5%d0%bd%d1%82%d0%be%d0%b2\/#breadcrumb\"},\"inLanguage\":\"ru-RU\",\"potentialAction\":[{\"@type\":\"ReadAction\",\"target\":[\"https:\/\/buczny.pl\/ru\/1-%d0%be%d1%82%d0%b7%d1%8b%d0%b2%d1%8b-%d0%ba%d0%bb%d0%b8%d0%b5%d0%bd%d1%82%d0%be%d0%b2\/\"]}]},{\"@type\":\"BreadcrumbList\",\"@id\":\"https:\/\/buczny.pl\/ru\/1-%d0%be%d1%82%d0%b7%d1%8b%d0%b2%d1%8b-%d0%ba%d0%bb%d0%b8%d0%b5%d0%bd%d1%82%d0%be%d0%b2\/#breadcrumb\",\"itemListElement\":[{\"@type\":\"ListItem\",\"position\":1,\"name\":\"Strona g\u0142\u00f3wna\",\"item\":\"https:\/\/buczny.pl\/ru\/\"},{\"@type\":\"ListItem\",\"position\":2,\"name\":\"\u041e\u0442\u0437\u044b\u0432\u044b \u041a\u043b\u0438\u0435\u043d\u0442\u043e\u0432\"}]},{\"@type\":\"WebSite\",\"@id\":\"https:\/\/buczny.pl\/en\/#website\",\"url\":\"https:\/\/buczny.pl\/en\/\",\"name\":\"Anna Buczny Projektowanie i Aran\u017cacja Wn\u0119trz\",\"description\":\"Projektowanie i Aran\u017cacja Wn\u0119trz\",\"potentialAction\":[{\"@type\":\"SearchAction\",\"target\":{\"@type\":\"EntryPoint\",\"urlTemplate\":\"https:\/\/buczny.pl\/en\/?s={search_term_string}\"},\"query-input\":{\"@type\":\"PropertyValueSpecification\",\"valueRequired\":true,\"valueName\":\"search_term_string\"}}],\"inLanguage\":\"ru-RU\"}]}<\/script>\n<!-- \/ Yoast SEO plugin. -->","yoast_head_json":{"title":"\u041e\u0442\u0437\u044b\u0432\u044b \u041a\u043b\u0438\u0435\u043d\u0442\u043e\u0432 - Anna Buczny Projektowanie i Aran\u017cacja Wn\u0119trz","robots":{"index":"index","follow":"follow","max-snippet":"max-snippet:-1","max-image-preview":"max-image-preview:large","max-video-preview":"max-video-preview:-1"},"canonical":"https:\/\/buczny.pl\/ru\/1-\u043e\u0442\u0437\u044b\u0432\u044b-\u043a\u043b\u0438\u0435\u043d\u0442\u043e\u0432\/","og_locale":"ru_RU","og_type":"article","og_title":"\u041e\u0442\u0437\u044b\u0432\u044b \u041a\u043b\u0438\u0435\u043d\u0442\u043e\u0432 - Anna Buczny Projektowanie i Aran\u017cacja Wn\u0119trz","og_description":"\u0413\u043e\u0441\u043f\u043e\u0436\u0430 \u0418\u043e\u043b\u0430\u043d\u0442\u0430 Niszczota \u041e\u0442\u0437\u044b\u0432 \u0418\u043d\u0432\u0435\u0441\u0442\u043e\u0440\u0430: \u0412\u044b\u043f\u043e\u043b\u043d\u0435\u043d\u0438\u0435 \u043f\u043e\u043b\u043d\u043e\u0433\u043e \u043a\u043e\u043c\u043f\u043b\u0435\u043a\u0441\u0430 \u0440\u0430\u0431\u043e\u0442, \u0440\u0435\u043c\u043e\u043d\u0442 \u0430\u043f\u0430\u0440\u0442\u0430\u043c\u0435\u043d\u0442\u0430. \u0420\u0435\u0430\u043b\u0438\u0437\u0430\u0446\u0438\u044f \u201e\u043f\u043e\u0434 \u043a\u043b\u044e\u0447\u201d. \u0413\u043e\u0441\u043f\u043e\u0436\u0430 [&hellip;]","og_url":"https:\/\/buczny.pl\/ru\/1-\u043e\u0442\u0437\u044b\u0432\u044b-\u043a\u043b\u0438\u0435\u043d\u0442\u043e\u0432\/","og_site_name":"Anna Buczny Projektowanie i Aran\u017cacja Wn\u0119trz","article_modified_time":"2018-03-12T10:41:06+00:00","schema":{"@context":"https:\/\/schema.org","@graph":[{"@type":"WebPage","@id":"https:\/\/buczny.pl\/ru\/1-%d0%be%d1%82%d0%b7%d1%8b%d0%b2%d1%8b-%d0%ba%d0%bb%d0%b8%d0%b5%d0%bd%d1%82%d0%be%d0%b2\/","url":"https:\/\/buczny.pl\/ru\/1-%d0%be%d1%82%d0%b7%d1%8b%d0%b2%d1%8b-%d0%ba%d0%bb%d0%b8%d0%b5%d0%bd%d1%82%d0%be%d0%b2\/","name":"\u041e\u0442\u0437\u044b\u0432\u044b \u041a\u043b\u0438\u0435\u043d\u0442\u043e\u0432 - Anna Buczny Projektowanie i Aran\u017cacja Wn\u0119trz","isPartOf":{"@id":"https:\/\/buczny.pl\/en\/#website"},"datePublished":"2013-07-19T13:34:43+00:00","dateModified":"2018-03-12T10:41:06+00:00","breadcrumb":{"@id":"https:\/\/buczny.pl\/ru\/1-%d0%be%d1%82%d0%b7%d1%8b%d0%b2%d1%8b-%d0%ba%d0%bb%d0%b8%d0%b5%d0%bd%d1%82%d0%be%d0%b2\/#breadcrumb"},"inLanguage":"ru-RU","potentialAction":[{"@type":"ReadAction","target":["https:\/\/buczny.pl\/ru\/1-%d0%be%d1%82%d0%b7%d1%8b%d0%b2%d1%8b-%d0%ba%d0%bb%d0%b8%d0%b5%d0%bd%d1%82%d0%be%d0%b2\/"]}]},{"@type":"BreadcrumbList","@id":"https:\/\/buczny.pl\/ru\/1-%d0%be%d1%82%d0%b7%d1%8b%d0%b2%d1%8b-%d0%ba%d0%bb%d0%b8%d0%b5%d0%bd%d1%82%d0%be%d0%b2\/#breadcrumb","itemListElement":[{"@type":"ListItem","position":1,"name":"Strona g\u0142\u00f3wna","item":"https:\/\/buczny.pl\/ru\/"},{"@type":"ListItem","position":2,"name":"\u041e\u0442\u0437\u044b\u0432\u044b \u041a\u043b\u0438\u0435\u043d\u0442\u043e\u0432"}]},{"@type":"WebSite","@id":"https:\/\/buczny.pl\/en\/#website","url":"https:\/\/buczny.pl\/en\/","name":"Anna Buczny Projektowanie i Aran\u017cacja Wn\u0119trz","description":"Projektowanie i Aran\u017cacja Wn\u0119trz","potentialAction":[{"@type":"SearchAction","target":{"@type":"EntryPoint","urlTemplate":"https:\/\/buczny.pl\/en\/?s={search_term_string}"},"query-input":{"@type":"PropertyValueSpecification","valueRequired":true,"valueName":"search_term_string"}}],"inLanguage":"ru-RU"}]}},"_links":{"self":[{"href":"https:\/\/buczny.pl\/ru\/wp-json\/wp\/v2\/pages\/1324"}],"collection":[{"href":"https:\/\/buczny.pl\/ru\/wp-json\/wp\/v2\/pages"}],"about":[{"href":"https:\/\/buczny.pl\/ru\/wp-json\/wp\/v2\/types\/page"}],"author":[{"embeddable":true,"href":"https:\/\/buczny.pl\/ru\/wp-json\/wp\/v2\/users\/3"}],"replies":[{"embeddable":true,"href":"https:\/\/buczny.pl\/ru\/wp-json\/wp\/v2\/comments?post=1324"}],"version-history":[{"count":0,"href":"https:\/\/buczny.pl\/ru\/wp-json\/wp\/v2\/pages\/1324\/revisions"}],"wp:attachment":[{"href":"https:\/\/buczny.pl\/ru\/wp-json\/wp\/v2\/media?parent=1324"}],"curies":[{"name":"wp","href":"https:\/\/api.w.org\/{rel}","templated":true}]}}