{"id":1318,"date":"2013-04-10T12:42:19","date_gmt":"2013-04-10T12:42:19","guid":{"rendered":"http:\/\/buczny.pl\/%d0%bf%d1%80%d0%b5%d0%b4%d0%bb%d0%be%d0%b6%d0%b5%d0%bd%d0%b8%d0%b5\/"},"modified":"2020-12-10T13:21:49","modified_gmt":"2020-12-10T13:21:49","slug":"%d0%bf%d1%80%d0%b5%d0%b4%d0%bb%d0%be%d0%b6%d0%b5%d0%bd%d0%b8%d0%b5","status":"publish","type":"page","link":"https:\/\/buczny.pl\/ru\/%d0%bf%d1%80%d0%b5%d0%b4%d0%bb%d0%be%d0%b6%d0%b5%d0%bd%d0%b8%d0%b5\/","title":{"rendered":"\u041f\u0440\u0435\u0434\u043b\u043e\u0436\u0435\u043d\u0438\u0435"},"content":{"rendered":"\n<p>\u0424\u0438\u0440\u043c\u0430 \u0410\u043d\u043d\u0430 \u0411\u0443\u0447\u043d\u044b \u041f\u0420\u041e\u0415\u041a\u0422\u0418\u0420\u041e\u0412\u0410\u041d\u0418\u0415 \u0418\u041d\u0422\u0415\u0420\u042c\u0415\u0420\u041e\u0412 \u0431\u044b\u043b\u0430 \u043e\u0441\u043d\u043e\u0432\u0430\u043d\u0430 \u0438 \u0432\u043e\u0437\u0433\u043b\u0430\u0432\u043b\u044f\u0435\u0442\u0441\u044f \u0430\u0440\u0445\u0438\u0442\u0435\u043a\u0442\u043e\u0440\u043e\u043c \u0410\u043d\u043d\u0430 \u0411\u0443\u0447\u043d\u044b, \u0437\u0430\u043d\u0438\u043c\u0430\u0435\u0442\u0441\u044f \u043f\u0440\u043e\u0435\u043a\u0442\u0438\u0440\u043e\u0432\u0430\u043d\u0438\u0435\u043c \u0438\u043d\u0442\u0435\u0440\u044c\u0435\u0440\u043e\u0432 \u0434\u043e\u043c\u043e\u0432, \u0430\u043f\u0430\u0440\u0442\u0430\u043c\u0435\u043d\u0442\u043e\u0432, \u0442\u043e\u0440\u0433\u043e\u0432\u044b\u0445 \u043f\u043e\u043c\u0435\u0449\u0435\u043d\u0438\u0439, \u0433\u043e\u0441\u0442\u0438\u043d\u0438\u0446 \u0438 \u044f\u0445\u0442 \u0441 1995\u0433, \u0432 \u0437\u043d\u0430\u0447\u0438\u0442\u0435\u043b\u044c\u043d\u043e\u0439 \u0447\u0430\u0441\u0442\u0438 \u0440\u0435\u0430\u043b\u0438\u0437\u043e\u0432\u0430\u043d\u043d\u044b\u0445 \u043f\u043e\u0434 \u043a\u043b\u044e\u0447. \u042d\u0442\u043e \u043e\u0437\u043d\u0430\u0447\u0430\u0435\u0442, \u0447\u0442\u043e \u043a\u0440\u043e\u043c\u0435 \u043f\u0440\u043e\u0435\u043a\u0442\u043e\u0432 \u0438\u043d\u0442\u0435\u0440\u044c\u0435\u0440\u043e\u0432, \u043a\u043e\u043c\u043f\u0430\u043d\u0438\u044f \u0410\u043d\u043d\u0430 \u0411\u0443\u0447\u043d\u044b \u041f\u0420\u041e\u0415\u041a\u0422\u0418\u0420\u041e\u0412\u0410\u041d\u0418\u0415 \u0418\u041d\u0422\u0415\u0420\u042c\u0415\u0420\u041e\u0412 \u0432\u044b\u043f\u043e\u043b\u043d\u044f\u0435\u0442 \u043f\u043e\u043b\u043d\u044b\u0439 \u043a\u043e\u043c\u043f\u043b\u0435\u043a\u0441 \u0440\u0435\u043c\u043e\u043d\u0442\u043d\u043e-\u0441\u0442\u0440\u043e\u0438\u0442\u0435\u043b\u044c\u043d\u044b\u0445 \u0440\u0430\u0431\u043e\u0442, \u043f\u043e\u043b\u043d\u043e\u0441\u0442\u044c\u044e \u043e\u0441\u043d\u0430\u0449\u0430\u044f \u043c\u043e\u0434\u0435\u0440\u043d\u0438\u0437\u0438\u0440\u043e\u0432\u0430\u043d\u043d\u044b\u0435 \u0438\u043d\u0442\u0435\u0440\u044c\u0435\u0440\u044b. \u041a\u043b\u0438\u0435\u043d\u0442\u0430\u043c\u0438 \u043e\u0444\u0438\u0441\u0430 \u0432 \u043e\u0441\u043d\u043e\u0432\u043d\u043e\u043c \u044f\u0432\u043b\u044f\u044e\u0442\u0441\u044f \u0438\u043d\u0434\u0438\u0432\u0438\u0434\u0443\u0430\u043b\u044c\u043d\u044b\u0435 \u0438 \u0438\u043d\u0441\u0442\u0438\u0442\u0443\u0446\u0438\u043e\u043d\u0430\u043b\u044c\u043d\u044b\u0435 \u0437\u0430\u043a\u0430\u0437\u0447\u0438\u043a\u0438. \u0412 \u043a\u043e\u043c\u043c\u0435\u0440\u0447\u0435\u0441\u043a\u043e\u043c \u043f\u0440\u0435\u0434\u043b\u043e\u0436\u0435\u043d\u0438\u0438 \u0410\u043d\u043d\u0430 \u0411\u0443\u0447\u043d\u044b \u041f\u0420\u041e\u0415\u041a\u0422\u0418\u0420\u041e\u0412\u0410\u041d\u0418\u0415 \u0418\u041d\u0422\u0415\u0420\u042c\u0415\u0420\u041e\u0412 \u043d\u0430\u0445\u043e\u0434\u044f\u0442\u0441\u044f \u0432\u044b\u0441\u043e\u043a\u043e\u043a\u0430\u0447\u0435\u0441\u0442\u0432\u0435\u043d\u043d\u044b\u0435 \u043f\u0440\u0435\u0434\u043c\u0435\u0442\u044b \u043e\u0441\u043d\u0430\u0449\u0435\u043d\u0438\u044f \u0438\u043d\u0442\u0435\u0440\u044c\u0435\u0440\u043e\u0432, \u0441\u0432\u0435\u0442\u0438\u043b\u044c\u043d\u0438\u043a\u0438, \u043a\u0443\u0445\u043e\u043d\u043d\u0430\u044f \u043c\u0435\u0431\u0435\u043b\u044c, \u043c\u0435\u0431\u0435\u043b\u044c \u0434\u043b\u044f \u0433\u043e\u0441\u0442\u0438\u043d\u043e\u0439 \u0438 \u043e\u0444\u0438\u0441\u0430, \u043a\u0435\u0440\u0430\u043c\u0438\u043a\u0430 \u0438 \u0441\u0430\u043d\u0442\u0435\u0445\u043d\u0438\u043a\u0430, \u0442\u0430\u043a\u0438\u0445 \u043f\u0440\u043e\u0438\u0437\u0432\u043e\u0434\u0438\u0442\u0435\u043b\u0435\u0439 \u043a\u0430\u043a Swarovski, Schonbek, SerienLighting, Alno, Bruehl, Fiam Italia, Porada, Villeroy&amp;Boch.<\/p>\n\n\n\n<p>\u041a\u043e\u043c\u043f\u043b\u0435\u043a\u0441\u043d\u043e\u0441\u0442\u044c \u0443\u0441\u043b\u0443\u0433 \u0444\u0438\u0440\u043c\u044b \u0410\u043d\u043d\u0430 \u0411\u0443\u0447\u043d\u044b \u041f\u0420\u041e\u0415\u041a\u0422\u0418\u0420\u041e\u0412\u0410\u041d\u0418\u0415 \u0418\u041d\u0422\u0415\u0420\u042c\u0415\u0420\u041e\u0412 \u043f\u0440\u0438\u0447\u0438\u043d\u044f\u0435\u0442, \u0447\u0442\u043e \u041a\u043b\u0438\u0435\u043d\u0442\u0430\u043c \u043f\u0440\u0435\u0434\u043e\u0441\u0442\u0430\u0432\u043b\u044f\u0435\u0442\u0441\u044f \u043f\u043e\u043b\u043d\u044b\u0439 \u0441\u043f\u0435\u043a\u0442\u0440 \u0443\u0441\u043b\u0443\u0433 \u043d\u0435 \u0442\u043e\u043b\u044c\u043a\u043e \u0432 \u043f\u0440\u043e\u0446\u0435\u0441\u0441\u0435 \u0440\u0435\u043c\u043e\u043d\u0442\u043d\u043e-\u0441\u0442\u0440\u043e\u0438\u0442\u0435\u043b\u044c\u043d\u044b\u0445 \u0440\u0430\u0431\u043e\u0442, \u043d\u043e \u0438 \u043f\u043e\u0441\u043b\u0435 \u0438\u0445 \u0437\u0430\u0432\u0435\u0440\u0448\u0435\u043d\u0438\u044f.<\/p>\n\n\n\n<div class=\"wp-block-columns has-6-columns offer-grid is-layout-flex wp-container-core-columns-is-layout-1 wp-block-columns-is-layout-flex\">\n<div class=\"wp-block-column is-layout-flow wp-block-column-is-layout-flow\">\n<h2 class=\"wp-block-heading\"><a href=\"https:\/\/buczny.pl\/ru\/%d0%b4%d0%b8%d0%b7%d0%b0%d0%b9%d0%bd-%d0%b8%d0%bd%d1%82%d0%b5%d1%80%d1%8c%d0%b5%d1%80%d0%b0\/\">\u0434\u0438\u0437\u0430\u0439\u043d \u0438\u043d\u0442\u0435\u0440\u044c\u0435\u0440\u0430<\/a><\/h2>\n\n\n\n<figure class=\"wp-block-image\"><a href=\"https:\/\/buczny.pl\/ru\/%d0%b4%d0%b8%d0%b7%d0%b0%d0%b9%d0%bd-%d0%b8%d0%bd%d1%82%d0%b5%d1%80%d1%8c%d0%b5%d1%80%d0%b0\/\"><img loading=\"lazy\" decoding=\"async\" width=\"600\" height=\"350\" src=\"https:\/\/buczny.pl\/wp-content\/uploads\/2019\/08\/projektowanie-wnetrz.jpg\" alt=\"Projektowanie Wn\u0119trz\" class=\"wp-image-2559\" srcset=\"https:\/\/buczny.pl\/wp-content\/uploads\/2019\/08\/projektowanie-wnetrz.jpg 600w, https:\/\/buczny.pl\/wp-content\/uploads\/2019\/08\/projektowanie-wnetrz-300x175.jpg 300w, https:\/\/buczny.pl\/wp-content\/uploads\/2019\/08\/projektowanie-wnetrz-353x206.jpg 353w\" sizes=\"(max-width: 600px) 100vw, 600px\" \/><\/a><\/figure>\n\n\n\n<div class=\"wp-block-buttons is-layout-flex wp-block-buttons-is-layout-flex\">\n<div class=\"wp-block-button offer-btn\"><a class=\"wp-block-button__link no-border-radius\" href=\"https:\/\/buczny.pl\/ru\/%d0%b4%d0%b8%d0%b7%d0%b0%d0%b9%d0%bd-%d0%b8%d0%bd%d1%82%d0%b5%d1%80%d1%8c%d0%b5%d1%80%d0%b0\/\">\u0447\u0438\u0442\u0430\u0442\u044c \u0434\u0430\u043b\u044c\u0448\u0435<\/a><\/div>\n<\/div>\n<\/div>\n\n\n\n<div class=\"wp-block-column is-layout-flow wp-block-column-is-layout-flow\">\n<h2 class=\"wp-block-heading\"><a href=\"https:\/\/buczny.pl\/ru\/%d0%b4%d0%b8%d0%b7%d0%b0%d0%b9%d0%bd-%d0%b8%d0%bd%d1%82%d0%b5%d1%80%d1%8c%d0%b5%d1%80%d0%b0\/\">\u0434\u0438\u0437\u0430\u0439\u043d \u0438\u043d\u0442\u0435\u0440\u044c\u0435\u0440\u043e\u0432<\/a><\/h2>\n\n\n\n<figure class=\"wp-block-image\"><a href=\"https:\/\/buczny.pl\/ru\/%d0%b4%d0%b8%d0%b7%d0%b0%d0%b9%d0%bd-%d0%b8%d0%bd%d1%82%d0%b5%d1%80%d1%8c%d0%b5%d1%80%d0%b0\/\"><img loading=\"lazy\" decoding=\"async\" width=\"600\" height=\"350\" src=\"https:\/\/buczny.pl\/wp-content\/uploads\/2019\/08\/aranzacja-wnetrz.jpg\" alt=\"Aran\u017cacja Wn\u0119trz\" class=\"wp-image-2571\" srcset=\"https:\/\/buczny.pl\/wp-content\/uploads\/2019\/08\/aranzacja-wnetrz.jpg 600w, https:\/\/buczny.pl\/wp-content\/uploads\/2019\/08\/aranzacja-wnetrz-300x175.jpg 300w, https:\/\/buczny.pl\/wp-content\/uploads\/2019\/08\/aranzacja-wnetrz-353x206.jpg 353w\" sizes=\"(max-width: 600px) 100vw, 600px\" \/><\/a><\/figure>\n\n\n\n<div class=\"wp-block-buttons is-layout-flex wp-block-buttons-is-layout-flex\">\n<div class=\"wp-block-button offer-btn\"><a class=\"wp-block-button__link no-border-radius\" href=\"https:\/\/buczny.pl\/ru\/%d0%b4%d0%b8%d0%b7%d0%b0%d0%b9%d0%bd-%d0%b8%d0%bd%d1%82%d0%b5%d1%80%d1%8c%d0%b5%d1%80%d0%b0\/\">\u0447\u0438\u0442\u0430\u0442\u044c \u0434\u0430\u043b\u044c\u0448\u0435<\/a><\/div>\n<\/div>\n<\/div>\n\n\n\n<div class=\"wp-block-column is-layout-flow wp-block-column-is-layout-flow\">\n<h2 class=\"wp-block-heading\"><a href=\"https:\/\/buczny.pl\/ru\/%d0%b4%d0%b8%d0%b7%d0%b0%d0%b9%d0%bd%d0%b5%d1%80-%d0%b8%d0%bd%d1%82%d0%b5%d1%80%d1%8c%d0%b5%d1%80%d0%be%d0%b2\/\">\u0434\u0438\u0437\u0430\u0439\u043d\u0435\u0440 \u0438\u043d\u0442\u0435\u0440\u044c\u0435\u0440\u043e\u0432<\/a><\/h2>\n\n\n\n<figure class=\"wp-block-image\"><a href=\"https:\/\/buczny.pl\/ru\/%d0%b4%d0%b8%d0%b7%d0%b0%d0%b9%d0%bd%d0%b5%d1%80-%d0%b8%d0%bd%d1%82%d0%b5%d1%80%d1%8c%d0%b5%d1%80%d0%be%d0%b2\/\"><img loading=\"lazy\" decoding=\"async\" width=\"600\" height=\"350\" src=\"https:\/\/buczny.pl\/wp-content\/uploads\/2019\/08\/architekt-wnetrz.jpg\" alt=\"Architekt Wn\u0119trz\" class=\"wp-image-2551\" srcset=\"https:\/\/buczny.pl\/wp-content\/uploads\/2019\/08\/architekt-wnetrz.jpg 600w, https:\/\/buczny.pl\/wp-content\/uploads\/2019\/08\/architekt-wnetrz-300x175.jpg 300w, https:\/\/buczny.pl\/wp-content\/uploads\/2019\/08\/architekt-wnetrz-353x206.jpg 353w\" sizes=\"(max-width: 600px) 100vw, 600px\" \/><\/a><\/figure>\n\n\n\n<div class=\"wp-block-buttons is-layout-flex wp-block-buttons-is-layout-flex\">\n<div class=\"wp-block-button offer-btn\"><a class=\"wp-block-button__link no-border-radius\" href=\"https:\/\/buczny.pl\/ru\/%d0%b4%d0%b8%d0%b7%d0%b0%d0%b9%d0%bd%d0%b5%d1%80-%d0%b8%d0%bd%d1%82%d0%b5%d1%80%d1%8c%d0%b5%d1%80%d0%be%d0%b2\/\">\u0447\u0438\u0442\u0430\u0442\u044c \u0434\u0430\u043b\u044c\u0448\u0435<\/a><\/div>\n<\/div>\n<\/div>\n\n\n\n<div class=\"wp-block-column is-layout-flow wp-block-column-is-layout-flow\">\n<h2 class=\"wp-block-heading\"><a href=\"https:\/\/buczny.pl\/ru\/%d0%b2%d0%bd%d1%83%d1%82%d1%80%d0%b5%d0%bd%d0%bd%d1%8f%d1%8f-%d0%be%d1%82%d0%b4%d0%b5%d0%bb%d0%ba%d0%b0\/\">\u0432\u043d\u0443\u0442\u0440\u0435\u043d\u043d\u044f\u044f \u043e\u0442\u0434\u0435\u043b\u043a\u0430<\/a> <\/h2>\n\n\n\n<figure class=\"wp-block-image\"><a href=\"https:\/\/buczny.pl\/ru\/%d0%b2%d0%bd%d1%83%d1%82%d1%80%d0%b5%d0%bd%d0%bd%d1%8f%d1%8f-%d0%be%d1%82%d0%b4%d0%b5%d0%bb%d0%ba%d0%b0\/\"><img loading=\"lazy\" decoding=\"async\" width=\"600\" height=\"350\" src=\"https:\/\/buczny.pl\/wp-content\/uploads\/2019\/08\/wykonczenie-wnetrz.jpg\" alt=\"Wyko\u0144czenie Wn\u0119trz\" class=\"wp-image-2563\" srcset=\"https:\/\/buczny.pl\/wp-content\/uploads\/2019\/08\/wykonczenie-wnetrz.jpg 600w, https:\/\/buczny.pl\/wp-content\/uploads\/2019\/08\/wykonczenie-wnetrz-300x175.jpg 300w, https:\/\/buczny.pl\/wp-content\/uploads\/2019\/08\/wykonczenie-wnetrz-353x206.jpg 353w\" sizes=\"(max-width: 600px) 100vw, 600px\" \/><\/a><\/figure>\n\n\n\n<div class=\"wp-block-buttons is-layout-flex wp-block-buttons-is-layout-flex\">\n<div class=\"wp-block-button offer-btn\"><a class=\"wp-block-button__link no-border-radius\" href=\"https:\/\/buczny.pl\/ru\/%d0%b2%d0%bd%d1%83%d1%82%d1%80%d0%b5%d0%bd%d0%bd%d1%8f%d1%8f-%d0%be%d1%82%d0%b4%d0%b5%d0%bb%d0%ba%d0%b0\/\">\u0447\u0438\u0442\u0430\u0442\u044c \u0434\u0430\u043b\u044c\u0448\u0435<\/a><\/div>\n<\/div>\n<\/div>\n\n\n\n<div class=\"wp-block-column is-layout-flow wp-block-column-is-layout-flow\">\n<h2 class=\"wp-block-heading\"><a href=\"https:\/\/buczny.pl\/ru\/%d0%b4%d0%b5%d0%ba%d0%be%d1%80%d0%b0%d1%82%d0%be%d1%80-%d0%b8%d0%bd%d1%82%d0%b5%d1%80%d1%8c%d0%b5%d1%80%d0%b0\/\">\u0434\u0438\u0437\u0430\u0439\u043d\u0435\u0440 \u0438\u043d\u0442\u0435\u0440\u044c\u0435\u0440\u0430<\/a><\/h2>\n\n\n\n<figure class=\"wp-block-image\"><a href=\"https:\/\/buczny.pl\/ru\/%d0%b4%d0%b5%d0%ba%d0%be%d1%80%d0%b0%d1%82%d0%be%d1%80-%d0%b8%d0%bd%d1%82%d0%b5%d1%80%d1%8c%d0%b5%d1%80%d0%b0\/\"><img loading=\"lazy\" decoding=\"async\" width=\"600\" height=\"350\" src=\"https:\/\/buczny.pl\/wp-content\/uploads\/2019\/08\/dekorator-wnetrz.jpg\" alt=\"Dekorator Wn\u0119trz\" class=\"wp-image-2555\" srcset=\"https:\/\/buczny.pl\/wp-content\/uploads\/2019\/08\/dekorator-wnetrz.jpg 600w, https:\/\/buczny.pl\/wp-content\/uploads\/2019\/08\/dekorator-wnetrz-300x175.jpg 300w, https:\/\/buczny.pl\/wp-content\/uploads\/2019\/08\/dekorator-wnetrz-353x206.jpg 353w\" sizes=\"(max-width: 600px) 100vw, 600px\" \/><\/a><\/figure>\n\n\n\n<div class=\"wp-block-buttons is-layout-flex wp-block-buttons-is-layout-flex\">\n<div class=\"wp-block-button offer-btn\"><a class=\"wp-block-button__link no-border-radius\" href=\"https:\/\/buczny.pl\/ru\/%d0%b4%d0%b5%d0%ba%d0%be%d1%80%d0%b0%d1%82%d0%be%d1%80-%d0%b8%d0%bd%d1%82%d0%b5%d1%80%d1%8c%d0%b5%d1%80%d0%b0\/\">\u0447\u0438\u0442\u0430\u0442\u044c \u0434\u0430\u043b\u044c\u0448\u0435<\/a><\/div>\n<\/div>\n<\/div>\n\n\n\n<div class=\"wp-block-column is-layout-flow wp-block-column-is-layout-flow\">\n<h2 class=\"wp-block-heading\"><a href=\"https:\/\/buczny.pl\/ru\/%d0%be%d1%82%d0%b4%d0%b5%d0%bb%d0%ba%d0%b0-%d0%bf%d0%be%d0%b4-%d0%ba%d0%bb%d1%8e%d1%87\/\">\u041e\u0442\u0434\u0435\u043b\u043a\u0430 \u043f\u043e\u0434 \u043a\u043b\u044e\u0447<\/a><\/h2>\n\n\n\n<figure class=\"wp-block-image\"><a href=\"https:\/\/buczny.pl\/ru\/%d0%be%d1%82%d0%b4%d0%b5%d0%bb%d0%ba%d0%b0-%d0%bf%d0%be%d0%b4-%d0%ba%d0%bb%d1%8e%d1%87\/\"><img loading=\"lazy\" decoding=\"async\" width=\"600\" height=\"350\" src=\"https:\/\/buczny.pl\/wp-content\/uploads\/2019\/08\/wykonzenie-pod-klucz.jpg\" alt=\"Wyko\u0144czenie Pod Klucz\" class=\"wp-image-2567\" srcset=\"https:\/\/buczny.pl\/wp-content\/uploads\/2019\/08\/wykonzenie-pod-klucz.jpg 600w, https:\/\/buczny.pl\/wp-content\/uploads\/2019\/08\/wykonzenie-pod-klucz-300x175.jpg 300w, https:\/\/buczny.pl\/wp-content\/uploads\/2019\/08\/wykonzenie-pod-klucz-353x206.jpg 353w\" sizes=\"(max-width: 600px) 100vw, 600px\" \/><\/a><\/figure>\n\n\n\n<div class=\"wp-block-buttons is-layout-flex wp-block-buttons-is-layout-flex\">\n<div class=\"wp-block-button offer-btn\"><a class=\"wp-block-button__link no-border-radius\" href=\"https:\/\/buczny.pl\/ru\/%d0%be%d1%82%d0%b4%d0%b5%d0%bb%d0%ba%d0%b0-%d0%bf%d0%be%d0%b4-%d0%ba%d0%bb%d1%8e%d1%87\/\">\u0447\u0438\u0442\u0430\u0442\u044c \u0434\u0430\u043b\u044c\u0448\u0435<\/a><\/div>\n<\/div>\n<\/div>\n<\/div>\n","protected":false},"excerpt":{"rendered":"<p>\u0424\u0438\u0440\u043c\u0430 \u0410\u043d\u043d\u0430 \u0411\u0443\u0447\u043d\u044b \u041f\u0420\u041e\u0415\u041a\u0422\u0418\u0420\u041e\u0412\u0410\u041d\u0418\u0415 \u0418\u041d\u0422\u0415\u0420\u042c\u0415\u0420\u041e\u0412 \u0431\u044b\u043b\u0430 \u043e\u0441\u043d\u043e\u0432\u0430\u043d\u0430 \u0438 \u0432\u043e\u0437\u0433\u043b\u0430\u0432\u043b\u044f\u0435\u0442\u0441\u044f \u0430\u0440\u0445\u0438\u0442\u0435\u043a\u0442\u043e\u0440\u043e\u043c \u0410\u043d\u043d\u0430 \u0411\u0443\u0447\u043d\u044b, \u0437\u0430\u043d\u0438\u043c\u0430\u0435\u0442\u0441\u044f \u043f\u0440\u043e\u0435\u043a\u0442\u0438\u0440\u043e\u0432\u0430\u043d\u0438\u0435\u043c \u0438\u043d\u0442\u0435\u0440\u044c\u0435\u0440\u043e\u0432 [&hellip;]<\/p>\n","protected":false},"author":3,"featured_media":0,"parent":0,"menu_order":0,"comment_status":"open","ping_status":"open","template":"","meta":{"_acf_changed":false,"ngg_post_thumbnail":0,"footnotes":""},"class_list":["post-1318","page","type-page","status-publish","hentry"],"acf":[],"yoast_head":"<!-- This site is optimized with the Yoast SEO plugin v23.5 - https:\/\/yoast.com\/wordpress\/plugins\/seo\/ -->\n<title>\u041f\u0440\u0435\u0434\u043b\u043e\u0436\u0435\u043d\u0438\u0435 - Anna Buczny Projektowanie i Aran\u017cacja Wn\u0119trz<\/title>\n<meta name=\"robots\" content=\"index, follow, max-snippet:-1, max-image-preview:large, max-video-preview:-1\" \/>\n<link rel=\"canonical\" href=\"https:\/\/buczny.pl\/ru\/\u043f\u0440\u0435\u0434\u043b\u043e\u0436\u0435\u043d\u0438\u0435\/\" \/>\n<meta property=\"og:locale\" content=\"ru_RU\" \/>\n<meta property=\"og:type\" content=\"article\" \/>\n<meta property=\"og:title\" content=\"\u041f\u0440\u0435\u0434\u043b\u043e\u0436\u0435\u043d\u0438\u0435 - Anna Buczny Projektowanie i Aran\u017cacja Wn\u0119trz\" \/>\n<meta property=\"og:description\" content=\"\u0424\u0438\u0440\u043c\u0430 \u0410\u043d\u043d\u0430 \u0411\u0443\u0447\u043d\u044b \u041f\u0420\u041e\u0415\u041a\u0422\u0418\u0420\u041e\u0412\u0410\u041d\u0418\u0415 \u0418\u041d\u0422\u0415\u0420\u042c\u0415\u0420\u041e\u0412 \u0431\u044b\u043b\u0430 \u043e\u0441\u043d\u043e\u0432\u0430\u043d\u0430 \u0438 \u0432\u043e\u0437\u0433\u043b\u0430\u0432\u043b\u044f\u0435\u0442\u0441\u044f \u0430\u0440\u0445\u0438\u0442\u0435\u043a\u0442\u043e\u0440\u043e\u043c \u0410\u043d\u043d\u0430 \u0411\u0443\u0447\u043d\u044b, \u0437\u0430\u043d\u0438\u043c\u0430\u0435\u0442\u0441\u044f \u043f\u0440\u043e\u0435\u043a\u0442\u0438\u0440\u043e\u0432\u0430\u043d\u0438\u0435\u043c \u0438\u043d\u0442\u0435\u0440\u044c\u0435\u0440\u043e\u0432 [&hellip;]\" \/>\n<meta property=\"og:url\" content=\"https:\/\/buczny.pl\/ru\/\u043f\u0440\u0435\u0434\u043b\u043e\u0436\u0435\u043d\u0438\u0435\/\" \/>\n<meta property=\"og:site_name\" content=\"Anna Buczny Projektowanie i Aran\u017cacja Wn\u0119trz\" \/>\n<meta property=\"article:modified_time\" content=\"2020-12-10T13:21:49+00:00\" \/>\n<meta property=\"og:image\" content=\"https:\/\/buczny.pl\/wp-content\/uploads\/2019\/08\/projektowanie-wnetrz.jpg\" \/>\n<script type=\"application\/ld+json\" class=\"yoast-schema-graph\">{\"@context\":\"https:\/\/schema.org\",\"@graph\":[{\"@type\":\"WebPage\",\"@id\":\"https:\/\/buczny.pl\/ru\/%d0%bf%d1%80%d0%b5%d0%b4%d0%bb%d0%be%d0%b6%d0%b5%d0%bd%d0%b8%d0%b5\/\",\"url\":\"https:\/\/buczny.pl\/ru\/%d0%bf%d1%80%d0%b5%d0%b4%d0%bb%d0%be%d0%b6%d0%b5%d0%bd%d0%b8%d0%b5\/\",\"name\":\"\u041f\u0440\u0435\u0434\u043b\u043e\u0436\u0435\u043d\u0438\u0435 - Anna Buczny Projektowanie i Aran\u017cacja Wn\u0119trz\",\"isPartOf\":{\"@id\":\"https:\/\/buczny.pl\/en\/#website\"},\"primaryImageOfPage\":{\"@id\":\"https:\/\/buczny.pl\/ru\/%d0%bf%d1%80%d0%b5%d0%b4%d0%bb%d0%be%d0%b6%d0%b5%d0%bd%d0%b8%d0%b5\/#primaryimage\"},\"image\":{\"@id\":\"https:\/\/buczny.pl\/ru\/%d0%bf%d1%80%d0%b5%d0%b4%d0%bb%d0%be%d0%b6%d0%b5%d0%bd%d0%b8%d0%b5\/#primaryimage\"},\"thumbnailUrl\":\"https:\/\/buczny.pl\/wp-content\/uploads\/2019\/08\/projektowanie-wnetrz.jpg\",\"datePublished\":\"2013-04-10T12:42:19+00:00\",\"dateModified\":\"2020-12-10T13:21:49+00:00\",\"breadcrumb\":{\"@id\":\"https:\/\/buczny.pl\/ru\/%d0%bf%d1%80%d0%b5%d0%b4%d0%bb%d0%be%d0%b6%d0%b5%d0%bd%d0%b8%d0%b5\/#breadcrumb\"},\"inLanguage\":\"ru-RU\",\"potentialAction\":[{\"@type\":\"ReadAction\",\"target\":[\"https:\/\/buczny.pl\/ru\/%d0%bf%d1%80%d0%b5%d0%b4%d0%bb%d0%be%d0%b6%d0%b5%d0%bd%d0%b8%d0%b5\/\"]}]},{\"@type\":\"ImageObject\",\"inLanguage\":\"ru-RU\",\"@id\":\"https:\/\/buczny.pl\/ru\/%d0%bf%d1%80%d0%b5%d0%b4%d0%bb%d0%be%d0%b6%d0%b5%d0%bd%d0%b8%d0%b5\/#primaryimage\",\"url\":\"https:\/\/buczny.pl\/wp-content\/uploads\/2019\/08\/projektowanie-wnetrz.jpg\",\"contentUrl\":\"https:\/\/buczny.pl\/wp-content\/uploads\/2019\/08\/projektowanie-wnetrz.jpg\"},{\"@type\":\"BreadcrumbList\",\"@id\":\"https:\/\/buczny.pl\/ru\/%d0%bf%d1%80%d0%b5%d0%b4%d0%bb%d0%be%d0%b6%d0%b5%d0%bd%d0%b8%d0%b5\/#breadcrumb\",\"itemListElement\":[{\"@type\":\"ListItem\",\"position\":1,\"name\":\"Strona g\u0142\u00f3wna\",\"item\":\"https:\/\/buczny.pl\/ru\/\"},{\"@type\":\"ListItem\",\"position\":2,\"name\":\"\u041f\u0440\u0435\u0434\u043b\u043e\u0436\u0435\u043d\u0438\u0435\"}]},{\"@type\":\"WebSite\",\"@id\":\"https:\/\/buczny.pl\/en\/#website\",\"url\":\"https:\/\/buczny.pl\/en\/\",\"name\":\"Anna Buczny Projektowanie i Aran\u017cacja Wn\u0119trz\",\"description\":\"Projektowanie i Aran\u017cacja Wn\u0119trz\",\"potentialAction\":[{\"@type\":\"SearchAction\",\"target\":{\"@type\":\"EntryPoint\",\"urlTemplate\":\"https:\/\/buczny.pl\/en\/?s={search_term_string}\"},\"query-input\":{\"@type\":\"PropertyValueSpecification\",\"valueRequired\":true,\"valueName\":\"search_term_string\"}}],\"inLanguage\":\"ru-RU\"}]}<\/script>\n<!-- \/ Yoast SEO plugin. -->","yoast_head_json":{"title":"\u041f\u0440\u0435\u0434\u043b\u043e\u0436\u0435\u043d\u0438\u0435 - Anna Buczny Projektowanie i Aran\u017cacja Wn\u0119trz","robots":{"index":"index","follow":"follow","max-snippet":"max-snippet:-1","max-image-preview":"max-image-preview:large","max-video-preview":"max-video-preview:-1"},"canonical":"https:\/\/buczny.pl\/ru\/\u043f\u0440\u0435\u0434\u043b\u043e\u0436\u0435\u043d\u0438\u0435\/","og_locale":"ru_RU","og_type":"article","og_title":"\u041f\u0440\u0435\u0434\u043b\u043e\u0436\u0435\u043d\u0438\u0435 - Anna Buczny Projektowanie i Aran\u017cacja Wn\u0119trz","og_description":"\u0424\u0438\u0440\u043c\u0430 \u0410\u043d\u043d\u0430 \u0411\u0443\u0447\u043d\u044b \u041f\u0420\u041e\u0415\u041a\u0422\u0418\u0420\u041e\u0412\u0410\u041d\u0418\u0415 \u0418\u041d\u0422\u0415\u0420\u042c\u0415\u0420\u041e\u0412 \u0431\u044b\u043b\u0430 \u043e\u0441\u043d\u043e\u0432\u0430\u043d\u0430 \u0438 \u0432\u043e\u0437\u0433\u043b\u0430\u0432\u043b\u044f\u0435\u0442\u0441\u044f \u0430\u0440\u0445\u0438\u0442\u0435\u043a\u0442\u043e\u0440\u043e\u043c \u0410\u043d\u043d\u0430 \u0411\u0443\u0447\u043d\u044b, \u0437\u0430\u043d\u0438\u043c\u0430\u0435\u0442\u0441\u044f \u043f\u0440\u043e\u0435\u043a\u0442\u0438\u0440\u043e\u0432\u0430\u043d\u0438\u0435\u043c \u0438\u043d\u0442\u0435\u0440\u044c\u0435\u0440\u043e\u0432 [&hellip;]","og_url":"https:\/\/buczny.pl\/ru\/\u043f\u0440\u0435\u0434\u043b\u043e\u0436\u0435\u043d\u0438\u0435\/","og_site_name":"Anna Buczny Projektowanie i Aran\u017cacja Wn\u0119trz","article_modified_time":"2020-12-10T13:21:49+00:00","og_image":[{"url":"https:\/\/buczny.pl\/wp-content\/uploads\/2019\/08\/projektowanie-wnetrz.jpg"}],"schema":{"@context":"https:\/\/schema.org","@graph":[{"@type":"WebPage","@id":"https:\/\/buczny.pl\/ru\/%d0%bf%d1%80%d0%b5%d0%b4%d0%bb%d0%be%d0%b6%d0%b5%d0%bd%d0%b8%d0%b5\/","url":"https:\/\/buczny.pl\/ru\/%d0%bf%d1%80%d0%b5%d0%b4%d0%bb%d0%be%d0%b6%d0%b5%d0%bd%d0%b8%d0%b5\/","name":"\u041f\u0440\u0435\u0434\u043b\u043e\u0436\u0435\u043d\u0438\u0435 - Anna Buczny Projektowanie i Aran\u017cacja Wn\u0119trz","isPartOf":{"@id":"https:\/\/buczny.pl\/en\/#website"},"primaryImageOfPage":{"@id":"https:\/\/buczny.pl\/ru\/%d0%bf%d1%80%d0%b5%d0%b4%d0%bb%d0%be%d0%b6%d0%b5%d0%bd%d0%b8%d0%b5\/#primaryimage"},"image":{"@id":"https:\/\/buczny.pl\/ru\/%d0%bf%d1%80%d0%b5%d0%b4%d0%bb%d0%be%d0%b6%d0%b5%d0%bd%d0%b8%d0%b5\/#primaryimage"},"thumbnailUrl":"https:\/\/buczny.pl\/wp-content\/uploads\/2019\/08\/projektowanie-wnetrz.jpg","datePublished":"2013-04-10T12:42:19+00:00","dateModified":"2020-12-10T13:21:49+00:00","breadcrumb":{"@id":"https:\/\/buczny.pl\/ru\/%d0%bf%d1%80%d0%b5%d0%b4%d0%bb%d0%be%d0%b6%d0%b5%d0%bd%d0%b8%d0%b5\/#breadcrumb"},"inLanguage":"ru-RU","potentialAction":[{"@type":"ReadAction","target":["https:\/\/buczny.pl\/ru\/%d0%bf%d1%80%d0%b5%d0%b4%d0%bb%d0%be%d0%b6%d0%b5%d0%bd%d0%b8%d0%b5\/"]}]},{"@type":"ImageObject","inLanguage":"ru-RU","@id":"https:\/\/buczny.pl\/ru\/%d0%bf%d1%80%d0%b5%d0%b4%d0%bb%d0%be%d0%b6%d0%b5%d0%bd%d0%b8%d0%b5\/#primaryimage","url":"https:\/\/buczny.pl\/wp-content\/uploads\/2019\/08\/projektowanie-wnetrz.jpg","contentUrl":"https:\/\/buczny.pl\/wp-content\/uploads\/2019\/08\/projektowanie-wnetrz.jpg"},{"@type":"BreadcrumbList","@id":"https:\/\/buczny.pl\/ru\/%d0%bf%d1%80%d0%b5%d0%b4%d0%bb%d0%be%d0%b6%d0%b5%d0%bd%d0%b8%d0%b5\/#breadcrumb","itemListElement":[{"@type":"ListItem","position":1,"name":"Strona g\u0142\u00f3wna","item":"https:\/\/buczny.pl\/ru\/"},{"@type":"ListItem","position":2,"name":"\u041f\u0440\u0435\u0434\u043b\u043e\u0436\u0435\u043d\u0438\u0435"}]},{"@type":"WebSite","@id":"https:\/\/buczny.pl\/en\/#website","url":"https:\/\/buczny.pl\/en\/","name":"Anna Buczny Projektowanie i Aran\u017cacja Wn\u0119trz","description":"Projektowanie i Aran\u017cacja Wn\u0119trz","potentialAction":[{"@type":"SearchAction","target":{"@type":"EntryPoint","urlTemplate":"https:\/\/buczny.pl\/en\/?s={search_term_string}"},"query-input":{"@type":"PropertyValueSpecification","valueRequired":true,"valueName":"search_term_string"}}],"inLanguage":"ru-RU"}]}},"_links":{"self":[{"href":"https:\/\/buczny.pl\/ru\/wp-json\/wp\/v2\/pages\/1318"}],"collection":[{"href":"https:\/\/buczny.pl\/ru\/wp-json\/wp\/v2\/pages"}],"about":[{"href":"https:\/\/buczny.pl\/ru\/wp-json\/wp\/v2\/types\/page"}],"author":[{"embeddable":true,"href":"https:\/\/buczny.pl\/ru\/wp-json\/wp\/v2\/users\/3"}],"replies":[{"embeddable":true,"href":"https:\/\/buczny.pl\/ru\/wp-json\/wp\/v2\/comments?post=1318"}],"version-history":[{"count":0,"href":"https:\/\/buczny.pl\/ru\/wp-json\/wp\/v2\/pages\/1318\/revisions"}],"wp:attachment":[{"href":"https:\/\/buczny.pl\/ru\/wp-json\/wp\/v2\/media?parent=1318"}],"curies":[{"name":"wp","href":"https:\/\/api.w.org\/{rel}","templated":true}]}}