{"id":2633,"date":"2020-12-10T12:44:36","date_gmt":"2020-12-10T12:44:36","guid":{"rendered":"https:\/\/buczny.pl\/?page_id=2633"},"modified":"2020-12-10T12:44:37","modified_gmt":"2020-12-10T12:44:37","slug":"turnkey-finishing","status":"publish","type":"page","link":"https:\/\/buczny.pl\/en\/turnkey-finishing\/","title":{"rendered":"Turnkey finishing"},"content":{"rendered":"\n<p>Finishing a turnkey apartment, just like finishing a turnkey house, is a stage of work in which we also specialize. After the completion of the projects, we prepare cost estimates covering the full range of work and finishing materials, including comprehensive equipment. Our &#8220;turnkey finishing&#8221; offer is addressed primarily to those for whom construction, and thus active participation in it, is too time-consuming and cumbersome. In the case of turnkey interiors we take over the full range of work and responsibilities. Including supervising the construction, directing particular groups of our subcontractors.<\/p>\n\n\n\n<p>When asked about the price of our services, we answer: the price depends on how extravagant and laborious will be the interiors that we have to design and then, perform.<\/p>\n\n\n\n<p>After the completion of the investment, we provide maintenance services for our clients.<\/p>\n\n\n\n<p>We have turnkey projects in Warsaw, Wroc\u0142aw, Cracow and Szczecin, among others.<\/p>\n\n\n\n<p class=\"has-text-align-center cta\"><strong><strong>Let&#8217;s create your beautiful interior together<\/strong><\/strong><br><a href=\"https:\/\/buczny.pl\/en\/contact\/\">Contact us<\/a><\/p>\n","protected":false},"excerpt":{"rendered":"<p>Finishing a turnkey apartment, just like finishing a turnkey house, is a stage of work [&hellip;]<\/p>\n","protected":false},"author":3,"featured_media":0,"parent":0,"menu_order":0,"comment_status":"closed","ping_status":"closed","template":"","meta":{"_acf_changed":false,"ngg_post_thumbnail":0,"footnotes":""},"class_list":["post-2633","page","type-page","status-publish","hentry"],"acf":[],"yoast_head":"<!-- This site is optimized with the Yoast SEO plugin v23.5 - https:\/\/yoast.com\/wordpress\/plugins\/seo\/ -->\n<title>Turnkey finishing - Anna Buczny Projektowanie i Aran\u017cacja Wn\u0119trz<\/title>\n<meta name=\"robots\" content=\"index, follow, max-snippet:-1, max-image-preview:large, max-video-preview:-1\" \/>\n<link rel=\"canonical\" href=\"https:\/\/buczny.pl\/en\/turnkey-finishing\/\" \/>\n<meta property=\"og:locale\" content=\"en_US\" \/>\n<meta property=\"og:type\" content=\"article\" \/>\n<meta property=\"og:title\" content=\"Turnkey finishing - Anna Buczny Projektowanie i Aran\u017cacja Wn\u0119trz\" \/>\n<meta property=\"og:description\" content=\"Finishing a turnkey apartment, just like finishing a turnkey house, is a stage of work [&hellip;]\" \/>\n<meta property=\"og:url\" content=\"https:\/\/buczny.pl\/en\/turnkey-finishing\/\" \/>\n<meta property=\"og:site_name\" content=\"Anna Buczny Projektowanie i Aran\u017cacja Wn\u0119trz\" \/>\n<meta property=\"article:modified_time\" content=\"2020-12-10T12:44:37+00:00\" \/>\n<meta name=\"twitter:label1\" content=\"Est. reading time\" \/>\n\t<meta name=\"twitter:data1\" content=\"1 minute\" \/>\n<script type=\"application\/ld+json\" class=\"yoast-schema-graph\">{\"@context\":\"https:\/\/schema.org\",\"@graph\":[{\"@type\":\"WebPage\",\"@id\":\"https:\/\/buczny.pl\/en\/turnkey-finishing\/\",\"url\":\"https:\/\/buczny.pl\/en\/turnkey-finishing\/\",\"name\":\"Turnkey finishing - Anna Buczny Projektowanie i Aran\u017cacja Wn\u0119trz\",\"isPartOf\":{\"@id\":\"https:\/\/buczny.pl\/en\/#website\"},\"datePublished\":\"2020-12-10T12:44:36+00:00\",\"dateModified\":\"2020-12-10T12:44:37+00:00\",\"breadcrumb\":{\"@id\":\"https:\/\/buczny.pl\/en\/turnkey-finishing\/#breadcrumb\"},\"inLanguage\":\"en-US\",\"potentialAction\":[{\"@type\":\"ReadAction\",\"target\":[\"https:\/\/buczny.pl\/en\/turnkey-finishing\/\"]}]},{\"@type\":\"BreadcrumbList\",\"@id\":\"https:\/\/buczny.pl\/en\/turnkey-finishing\/#breadcrumb\",\"itemListElement\":[{\"@type\":\"ListItem\",\"position\":1,\"name\":\"Strona g\u0142\u00f3wna\",\"item\":\"https:\/\/buczny.pl\/en\/\"},{\"@type\":\"ListItem\",\"position\":2,\"name\":\"Turnkey finishing\"}]},{\"@type\":\"WebSite\",\"@id\":\"https:\/\/buczny.pl\/en\/#website\",\"url\":\"https:\/\/buczny.pl\/en\/\",\"name\":\"Anna Buczny Projektowanie i Aran\u017cacja Wn\u0119trz\",\"description\":\"Projektowanie i Aran\u017cacja Wn\u0119trz\",\"potentialAction\":[{\"@type\":\"SearchAction\",\"target\":{\"@type\":\"EntryPoint\",\"urlTemplate\":\"https:\/\/buczny.pl\/en\/?s={search_term_string}\"},\"query-input\":{\"@type\":\"PropertyValueSpecification\",\"valueRequired\":true,\"valueName\":\"search_term_string\"}}],\"inLanguage\":\"en-US\"}]}<\/script>\n<!-- \/ Yoast SEO plugin. -->","yoast_head_json":{"title":"Turnkey finishing - Anna Buczny Projektowanie i Aran\u017cacja Wn\u0119trz","robots":{"index":"index","follow":"follow","max-snippet":"max-snippet:-1","max-image-preview":"max-image-preview:large","max-video-preview":"max-video-preview:-1"},"canonical":"https:\/\/buczny.pl\/en\/turnkey-finishing\/","og_locale":"en_US","og_type":"article","og_title":"Turnkey finishing - Anna Buczny Projektowanie i Aran\u017cacja Wn\u0119trz","og_description":"Finishing a turnkey apartment, just like finishing a turnkey house, is a stage of work [&hellip;]","og_url":"https:\/\/buczny.pl\/en\/turnkey-finishing\/","og_site_name":"Anna Buczny Projektowanie i Aran\u017cacja Wn\u0119trz","article_modified_time":"2020-12-10T12:44:37+00:00","twitter_misc":{"Est. reading time":"1 minute"},"schema":{"@context":"https:\/\/schema.org","@graph":[{"@type":"WebPage","@id":"https:\/\/buczny.pl\/en\/turnkey-finishing\/","url":"https:\/\/buczny.pl\/en\/turnkey-finishing\/","name":"Turnkey finishing - Anna Buczny Projektowanie i Aran\u017cacja Wn\u0119trz","isPartOf":{"@id":"https:\/\/buczny.pl\/en\/#website"},"datePublished":"2020-12-10T12:44:36+00:00","dateModified":"2020-12-10T12:44:37+00:00","breadcrumb":{"@id":"https:\/\/buczny.pl\/en\/turnkey-finishing\/#breadcrumb"},"inLanguage":"en-US","potentialAction":[{"@type":"ReadAction","target":["https:\/\/buczny.pl\/en\/turnkey-finishing\/"]}]},{"@type":"BreadcrumbList","@id":"https:\/\/buczny.pl\/en\/turnkey-finishing\/#breadcrumb","itemListElement":[{"@type":"ListItem","position":1,"name":"Strona g\u0142\u00f3wna","item":"https:\/\/buczny.pl\/en\/"},{"@type":"ListItem","position":2,"name":"Turnkey finishing"}]},{"@type":"WebSite","@id":"https:\/\/buczny.pl\/en\/#website","url":"https:\/\/buczny.pl\/en\/","name":"Anna Buczny Projektowanie i Aran\u017cacja Wn\u0119trz","description":"Projektowanie i Aran\u017cacja Wn\u0119trz","potentialAction":[{"@type":"SearchAction","target":{"@type":"EntryPoint","urlTemplate":"https:\/\/buczny.pl\/en\/?s={search_term_string}"},"query-input":{"@type":"PropertyValueSpecification","valueRequired":true,"valueName":"search_term_string"}}],"inLanguage":"en-US"}]}},"_links":{"self":[{"href":"https:\/\/buczny.pl\/en\/wp-json\/wp\/v2\/pages\/2633"}],"collection":[{"href":"https:\/\/buczny.pl\/en\/wp-json\/wp\/v2\/pages"}],"about":[{"href":"https:\/\/buczny.pl\/en\/wp-json\/wp\/v2\/types\/page"}],"author":[{"embeddable":true,"href":"https:\/\/buczny.pl\/en\/wp-json\/wp\/v2\/users\/3"}],"replies":[{"embeddable":true,"href":"https:\/\/buczny.pl\/en\/wp-json\/wp\/v2\/comments?post=2633"}],"version-history":[{"count":0,"href":"https:\/\/buczny.pl\/en\/wp-json\/wp\/v2\/pages\/2633\/revisions"}],"wp:attachment":[{"href":"https:\/\/buczny.pl\/en\/wp-json\/wp\/v2\/media?parent=2633"}],"curies":[{"name":"wp","href":"https:\/\/api.w.org\/{rel}","templated":true}]}}