{"id":2631,"date":"2020-12-10T12:43:25","date_gmt":"2020-12-10T12:43:25","guid":{"rendered":"https:\/\/buczny.pl\/?page_id=2631"},"modified":"2020-12-10T12:43:26","modified_gmt":"2020-12-10T12:43:26","slug":"interior-decorator","status":"publish","type":"page","link":"https:\/\/buczny.pl\/en\/interior-decorator\/","title":{"rendered":"Interior decorator"},"content":{"rendered":"\n<p>Our interior design studio has been on the market for 25 years. Each of us, interior designer, architect, interior designer is always at your disposal. Our interior decoration studio is a place where you will find unique materials for finishing and furnishing your interiors. Especially for you, we import exclusive furniture and lamps, which cannot be missing in an elegant interior.<\/p>\n\n\n\n<p>Warsaw, Poznan, Wroclaw, Szczecin or Rzeszow are cities where we have our projects. We are open to new places and new challenges.<\/p>\n\n\n\n<p>The price of each project is different, depending on the planned scope of work. On our website, you will find comprehensive information that will allow you to see how we value each, individual, unique, one-of-a-kind interior design: <a href=\"https:\/\/buczny.pl\/en\/how-we-work\/\">buczny.pl\/en\/how-we-work\/<\/a><\/p>\n\n\n\n<p class=\"has-text-align-center cta\"><strong><strong>Let&#8217;s create your beautiful interior together<\/strong><\/strong><br><a href=\"https:\/\/buczny.pl\/en\/contact\/\">Contact us<\/a><\/p>\n","protected":false},"excerpt":{"rendered":"<p>Our interior design studio has been on the market for 25 years. Each of us, [&hellip;]<\/p>\n","protected":false},"author":3,"featured_media":0,"parent":0,"menu_order":0,"comment_status":"closed","ping_status":"closed","template":"","meta":{"_acf_changed":false,"ngg_post_thumbnail":0,"footnotes":""},"class_list":["post-2631","page","type-page","status-publish","hentry"],"acf":[],"yoast_head":"<!-- This site is optimized with the Yoast SEO plugin v23.5 - https:\/\/yoast.com\/wordpress\/plugins\/seo\/ -->\n<title>Interior decorator - Anna Buczny Projektowanie i Aran\u017cacja Wn\u0119trz<\/title>\n<meta name=\"robots\" content=\"index, follow, max-snippet:-1, max-image-preview:large, max-video-preview:-1\" \/>\n<link rel=\"canonical\" href=\"https:\/\/buczny.pl\/en\/interior-decorator\/\" \/>\n<meta property=\"og:locale\" content=\"en_US\" \/>\n<meta property=\"og:type\" content=\"article\" \/>\n<meta property=\"og:title\" content=\"Interior decorator - Anna Buczny Projektowanie i Aran\u017cacja Wn\u0119trz\" \/>\n<meta property=\"og:description\" content=\"Our interior design studio has been on the market for 25 years. Each of us, [&hellip;]\" \/>\n<meta property=\"og:url\" content=\"https:\/\/buczny.pl\/en\/interior-decorator\/\" \/>\n<meta property=\"og:site_name\" content=\"Anna Buczny Projektowanie i Aran\u017cacja Wn\u0119trz\" \/>\n<meta property=\"article:modified_time\" content=\"2020-12-10T12:43:26+00:00\" \/>\n<meta name=\"twitter:label1\" content=\"Est. reading time\" \/>\n\t<meta name=\"twitter:data1\" content=\"1 minute\" \/>\n<script type=\"application\/ld+json\" class=\"yoast-schema-graph\">{\"@context\":\"https:\/\/schema.org\",\"@graph\":[{\"@type\":\"WebPage\",\"@id\":\"https:\/\/buczny.pl\/en\/interior-decorator\/\",\"url\":\"https:\/\/buczny.pl\/en\/interior-decorator\/\",\"name\":\"Interior decorator - Anna Buczny Projektowanie i Aran\u017cacja Wn\u0119trz\",\"isPartOf\":{\"@id\":\"https:\/\/buczny.pl\/en\/#website\"},\"datePublished\":\"2020-12-10T12:43:25+00:00\",\"dateModified\":\"2020-12-10T12:43:26+00:00\",\"breadcrumb\":{\"@id\":\"https:\/\/buczny.pl\/en\/interior-decorator\/#breadcrumb\"},\"inLanguage\":\"en-US\",\"potentialAction\":[{\"@type\":\"ReadAction\",\"target\":[\"https:\/\/buczny.pl\/en\/interior-decorator\/\"]}]},{\"@type\":\"BreadcrumbList\",\"@id\":\"https:\/\/buczny.pl\/en\/interior-decorator\/#breadcrumb\",\"itemListElement\":[{\"@type\":\"ListItem\",\"position\":1,\"name\":\"Strona g\u0142\u00f3wna\",\"item\":\"https:\/\/buczny.pl\/en\/\"},{\"@type\":\"ListItem\",\"position\":2,\"name\":\"Interior decorator\"}]},{\"@type\":\"WebSite\",\"@id\":\"https:\/\/buczny.pl\/en\/#website\",\"url\":\"https:\/\/buczny.pl\/en\/\",\"name\":\"Anna Buczny Projektowanie i Aran\u017cacja Wn\u0119trz\",\"description\":\"Projektowanie i Aran\u017cacja Wn\u0119trz\",\"potentialAction\":[{\"@type\":\"SearchAction\",\"target\":{\"@type\":\"EntryPoint\",\"urlTemplate\":\"https:\/\/buczny.pl\/en\/?s={search_term_string}\"},\"query-input\":{\"@type\":\"PropertyValueSpecification\",\"valueRequired\":true,\"valueName\":\"search_term_string\"}}],\"inLanguage\":\"en-US\"}]}<\/script>\n<!-- \/ Yoast SEO plugin. -->","yoast_head_json":{"title":"Interior decorator - Anna Buczny Projektowanie i Aran\u017cacja Wn\u0119trz","robots":{"index":"index","follow":"follow","max-snippet":"max-snippet:-1","max-image-preview":"max-image-preview:large","max-video-preview":"max-video-preview:-1"},"canonical":"https:\/\/buczny.pl\/en\/interior-decorator\/","og_locale":"en_US","og_type":"article","og_title":"Interior decorator - Anna Buczny Projektowanie i Aran\u017cacja Wn\u0119trz","og_description":"Our interior design studio has been on the market for 25 years. Each of us, [&hellip;]","og_url":"https:\/\/buczny.pl\/en\/interior-decorator\/","og_site_name":"Anna Buczny Projektowanie i Aran\u017cacja Wn\u0119trz","article_modified_time":"2020-12-10T12:43:26+00:00","twitter_misc":{"Est. reading time":"1 minute"},"schema":{"@context":"https:\/\/schema.org","@graph":[{"@type":"WebPage","@id":"https:\/\/buczny.pl\/en\/interior-decorator\/","url":"https:\/\/buczny.pl\/en\/interior-decorator\/","name":"Interior decorator - Anna Buczny Projektowanie i Aran\u017cacja Wn\u0119trz","isPartOf":{"@id":"https:\/\/buczny.pl\/en\/#website"},"datePublished":"2020-12-10T12:43:25+00:00","dateModified":"2020-12-10T12:43:26+00:00","breadcrumb":{"@id":"https:\/\/buczny.pl\/en\/interior-decorator\/#breadcrumb"},"inLanguage":"en-US","potentialAction":[{"@type":"ReadAction","target":["https:\/\/buczny.pl\/en\/interior-decorator\/"]}]},{"@type":"BreadcrumbList","@id":"https:\/\/buczny.pl\/en\/interior-decorator\/#breadcrumb","itemListElement":[{"@type":"ListItem","position":1,"name":"Strona g\u0142\u00f3wna","item":"https:\/\/buczny.pl\/en\/"},{"@type":"ListItem","position":2,"name":"Interior decorator"}]},{"@type":"WebSite","@id":"https:\/\/buczny.pl\/en\/#website","url":"https:\/\/buczny.pl\/en\/","name":"Anna Buczny Projektowanie i Aran\u017cacja Wn\u0119trz","description":"Projektowanie i Aran\u017cacja Wn\u0119trz","potentialAction":[{"@type":"SearchAction","target":{"@type":"EntryPoint","urlTemplate":"https:\/\/buczny.pl\/en\/?s={search_term_string}"},"query-input":{"@type":"PropertyValueSpecification","valueRequired":true,"valueName":"search_term_string"}}],"inLanguage":"en-US"}]}},"_links":{"self":[{"href":"https:\/\/buczny.pl\/en\/wp-json\/wp\/v2\/pages\/2631"}],"collection":[{"href":"https:\/\/buczny.pl\/en\/wp-json\/wp\/v2\/pages"}],"about":[{"href":"https:\/\/buczny.pl\/en\/wp-json\/wp\/v2\/types\/page"}],"author":[{"embeddable":true,"href":"https:\/\/buczny.pl\/en\/wp-json\/wp\/v2\/users\/3"}],"replies":[{"embeddable":true,"href":"https:\/\/buczny.pl\/en\/wp-json\/wp\/v2\/comments?post=2631"}],"version-history":[{"count":0,"href":"https:\/\/buczny.pl\/en\/wp-json\/wp\/v2\/pages\/2631\/revisions"}],"wp:attachment":[{"href":"https:\/\/buczny.pl\/en\/wp-json\/wp\/v2\/media?parent=2631"}],"curies":[{"name":"wp","href":"https:\/\/api.w.org\/{rel}","templated":true}]}}