{"id":2629,"date":"2020-12-10T12:41:52","date_gmt":"2020-12-10T12:41:52","guid":{"rendered":"https:\/\/buczny.pl\/?page_id=2629"},"modified":"2020-12-10T12:41:53","modified_gmt":"2020-12-10T12:41:53","slug":"interior-finishing","status":"publish","type":"page","link":"https:\/\/buczny.pl\/en\/interior-finishing\/","title":{"rendered":"Interior finishing"},"content":{"rendered":"\n<p><strong>Interior finishing<\/strong> is a beautiful and fascinating job, in which we willingly realize ourselves. For most of you, construction is a battlefield where it is difficult to find yourself. We have created a unique offer for all those who want to avoid problems and hardships connected with running their construction, furnishing their house, furnishing their apartment or apartment:<\/p>\n\n\n\n<p><strong>interior finishing of the house, interior finishing of the apartment and turnkey finishing of the apartment.<\/strong><\/p>\n\n\n\n<p>It is a comprehensive offer due to the fact that the project has been completed and will be completed at a later date. As a result, our client receives the keys to a completely furnished and equipped interior. For 25 years we have been working on executive projects and interior visualizations, we build your interior from scratch, performing renovation works and all assembly works, including carpentry and stone. The offer of exclusive interior finishing is the result of many years of our work, great knowledge and experience gained and your expectations.<\/p>\n\n\n\n<p>In many cities, such as Gdansk, Katowice, Lodz or Tri-City, there are our realizations. The area where we work is unlimited.<\/p>\n\n\n\n<p>And for all inquiries about price lists, valuables and valuations we refer to our website: <a href=\"https:\/\/buczny.pl\/en\/how-we-work\/\">buczny.pl\/en\/how-we-work\/<\/a><\/p>\n\n\n\n<p class=\"has-text-align-center cta\"><strong><strong>Let&#8217;s create your beautiful interior together<\/strong><\/strong><br><a href=\"https:\/\/buczny.pl\/en\/contact\/\">Contact us<\/a><\/p>\n","protected":false},"excerpt":{"rendered":"<p>Interior finishing is a beautiful and fascinating job, in which we willingly realize ourselves. For [&hellip;]<\/p>\n","protected":false},"author":3,"featured_media":0,"parent":0,"menu_order":0,"comment_status":"closed","ping_status":"closed","template":"","meta":{"_acf_changed":false,"ngg_post_thumbnail":0,"footnotes":""},"class_list":["post-2629","page","type-page","status-publish","hentry"],"acf":[],"yoast_head":"<!-- This site is optimized with the Yoast SEO plugin v23.5 - https:\/\/yoast.com\/wordpress\/plugins\/seo\/ -->\n<title>Interior finishing - Anna Buczny Projektowanie i Aran\u017cacja Wn\u0119trz<\/title>\n<meta name=\"robots\" content=\"index, follow, max-snippet:-1, max-image-preview:large, max-video-preview:-1\" \/>\n<link rel=\"canonical\" href=\"https:\/\/buczny.pl\/en\/interior-finishing\/\" \/>\n<meta property=\"og:locale\" content=\"en_US\" \/>\n<meta property=\"og:type\" content=\"article\" \/>\n<meta property=\"og:title\" content=\"Interior finishing - Anna Buczny Projektowanie i Aran\u017cacja Wn\u0119trz\" \/>\n<meta property=\"og:description\" content=\"Interior finishing is a beautiful and fascinating job, in which we willingly realize ourselves. For [&hellip;]\" \/>\n<meta property=\"og:url\" content=\"https:\/\/buczny.pl\/en\/interior-finishing\/\" \/>\n<meta property=\"og:site_name\" content=\"Anna Buczny Projektowanie i Aran\u017cacja Wn\u0119trz\" \/>\n<meta property=\"article:modified_time\" content=\"2020-12-10T12:41:53+00:00\" \/>\n<meta name=\"twitter:label1\" content=\"Est. reading time\" \/>\n\t<meta name=\"twitter:data1\" content=\"1 minute\" \/>\n<script type=\"application\/ld+json\" class=\"yoast-schema-graph\">{\"@context\":\"https:\/\/schema.org\",\"@graph\":[{\"@type\":\"WebPage\",\"@id\":\"https:\/\/buczny.pl\/en\/interior-finishing\/\",\"url\":\"https:\/\/buczny.pl\/en\/interior-finishing\/\",\"name\":\"Interior finishing - Anna Buczny Projektowanie i Aran\u017cacja Wn\u0119trz\",\"isPartOf\":{\"@id\":\"https:\/\/buczny.pl\/en\/#website\"},\"datePublished\":\"2020-12-10T12:41:52+00:00\",\"dateModified\":\"2020-12-10T12:41:53+00:00\",\"breadcrumb\":{\"@id\":\"https:\/\/buczny.pl\/en\/interior-finishing\/#breadcrumb\"},\"inLanguage\":\"en-US\",\"potentialAction\":[{\"@type\":\"ReadAction\",\"target\":[\"https:\/\/buczny.pl\/en\/interior-finishing\/\"]}]},{\"@type\":\"BreadcrumbList\",\"@id\":\"https:\/\/buczny.pl\/en\/interior-finishing\/#breadcrumb\",\"itemListElement\":[{\"@type\":\"ListItem\",\"position\":1,\"name\":\"Strona g\u0142\u00f3wna\",\"item\":\"https:\/\/buczny.pl\/en\/\"},{\"@type\":\"ListItem\",\"position\":2,\"name\":\"Interior finishing\"}]},{\"@type\":\"WebSite\",\"@id\":\"https:\/\/buczny.pl\/en\/#website\",\"url\":\"https:\/\/buczny.pl\/en\/\",\"name\":\"Anna Buczny Projektowanie i Aran\u017cacja Wn\u0119trz\",\"description\":\"Projektowanie i Aran\u017cacja Wn\u0119trz\",\"potentialAction\":[{\"@type\":\"SearchAction\",\"target\":{\"@type\":\"EntryPoint\",\"urlTemplate\":\"https:\/\/buczny.pl\/en\/?s={search_term_string}\"},\"query-input\":{\"@type\":\"PropertyValueSpecification\",\"valueRequired\":true,\"valueName\":\"search_term_string\"}}],\"inLanguage\":\"en-US\"}]}<\/script>\n<!-- \/ Yoast SEO plugin. -->","yoast_head_json":{"title":"Interior finishing - Anna Buczny Projektowanie i Aran\u017cacja Wn\u0119trz","robots":{"index":"index","follow":"follow","max-snippet":"max-snippet:-1","max-image-preview":"max-image-preview:large","max-video-preview":"max-video-preview:-1"},"canonical":"https:\/\/buczny.pl\/en\/interior-finishing\/","og_locale":"en_US","og_type":"article","og_title":"Interior finishing - Anna Buczny Projektowanie i Aran\u017cacja Wn\u0119trz","og_description":"Interior finishing is a beautiful and fascinating job, in which we willingly realize ourselves. For [&hellip;]","og_url":"https:\/\/buczny.pl\/en\/interior-finishing\/","og_site_name":"Anna Buczny Projektowanie i Aran\u017cacja Wn\u0119trz","article_modified_time":"2020-12-10T12:41:53+00:00","twitter_misc":{"Est. reading time":"1 minute"},"schema":{"@context":"https:\/\/schema.org","@graph":[{"@type":"WebPage","@id":"https:\/\/buczny.pl\/en\/interior-finishing\/","url":"https:\/\/buczny.pl\/en\/interior-finishing\/","name":"Interior finishing - Anna Buczny Projektowanie i Aran\u017cacja Wn\u0119trz","isPartOf":{"@id":"https:\/\/buczny.pl\/en\/#website"},"datePublished":"2020-12-10T12:41:52+00:00","dateModified":"2020-12-10T12:41:53+00:00","breadcrumb":{"@id":"https:\/\/buczny.pl\/en\/interior-finishing\/#breadcrumb"},"inLanguage":"en-US","potentialAction":[{"@type":"ReadAction","target":["https:\/\/buczny.pl\/en\/interior-finishing\/"]}]},{"@type":"BreadcrumbList","@id":"https:\/\/buczny.pl\/en\/interior-finishing\/#breadcrumb","itemListElement":[{"@type":"ListItem","position":1,"name":"Strona g\u0142\u00f3wna","item":"https:\/\/buczny.pl\/en\/"},{"@type":"ListItem","position":2,"name":"Interior finishing"}]},{"@type":"WebSite","@id":"https:\/\/buczny.pl\/en\/#website","url":"https:\/\/buczny.pl\/en\/","name":"Anna Buczny Projektowanie i Aran\u017cacja Wn\u0119trz","description":"Projektowanie i Aran\u017cacja Wn\u0119trz","potentialAction":[{"@type":"SearchAction","target":{"@type":"EntryPoint","urlTemplate":"https:\/\/buczny.pl\/en\/?s={search_term_string}"},"query-input":{"@type":"PropertyValueSpecification","valueRequired":true,"valueName":"search_term_string"}}],"inLanguage":"en-US"}]}},"_links":{"self":[{"href":"https:\/\/buczny.pl\/en\/wp-json\/wp\/v2\/pages\/2629"}],"collection":[{"href":"https:\/\/buczny.pl\/en\/wp-json\/wp\/v2\/pages"}],"about":[{"href":"https:\/\/buczny.pl\/en\/wp-json\/wp\/v2\/types\/page"}],"author":[{"embeddable":true,"href":"https:\/\/buczny.pl\/en\/wp-json\/wp\/v2\/users\/3"}],"replies":[{"embeddable":true,"href":"https:\/\/buczny.pl\/en\/wp-json\/wp\/v2\/comments?post=2629"}],"version-history":[{"count":0,"href":"https:\/\/buczny.pl\/en\/wp-json\/wp\/v2\/pages\/2629\/revisions"}],"wp:attachment":[{"href":"https:\/\/buczny.pl\/en\/wp-json\/wp\/v2\/media?parent=2629"}],"curies":[{"name":"wp","href":"https:\/\/api.w.org\/{rel}","templated":true}]}}