{"id":2617,"date":"2019-08-20T16:27:42","date_gmt":"2019-08-20T16:27:42","guid":{"rendered":"https:\/\/buczny.pl\/?page_id=2617"},"modified":"2020-12-10T12:35:32","modified_gmt":"2020-12-10T12:35:32","slug":"interior-architect","status":"publish","type":"page","link":"https:\/\/buczny.pl\/en\/interior-architect\/","title":{"rendered":"Interior architect"},"content":{"rendered":"\n<p><strong>Interior architect, mgr in\u017c. Anna Buczny:&nbsp;<\/strong><\/p>\n\n\n\n<p>We have been working with you for 25 years, and our team has evolved during this time, just as the industry order market has changed. In response to your expectations, we are constantly expanding our offer by introducing new services and new products. Our team is now made up of <strong>interior designers and architects<\/strong>, who conscientiously work on every detail of your projects.<\/p>\n\n\n\n<p>Warsaw, Wroclaw, Cracow, Poznan, Lodz are cities where we not only design but also carry out a wide range of <strong>renovation and construction works<\/strong>. We are open to new challenges, to beautiful work that we are happy to do for you.<\/p>\n\n\n\n<p class=\"has-text-align-center cta\"><strong><strong>Let&#8217;s create your beautiful interior together<\/strong><\/strong><br><a href=\"https:\/\/buczny.pl\/en\/contact\/\">Contact us<\/a><\/p>\n","protected":false},"excerpt":{"rendered":"<p>Interior architect, mgr in\u017c. Anna Buczny:&nbsp; We have been working with you for 25 years, [&hellip;]<\/p>\n","protected":false},"author":1001003,"featured_media":0,"parent":0,"menu_order":0,"comment_status":"closed","ping_status":"closed","template":"","meta":{"_acf_changed":false,"ngg_post_thumbnail":0,"footnotes":""},"class_list":["post-2617","page","type-page","status-publish","hentry"],"acf":[],"yoast_head":"<!-- This site is optimized with the Yoast SEO plugin v23.5 - https:\/\/yoast.com\/wordpress\/plugins\/seo\/ -->\n<title>Interior architect - Anna Buczny Projektowanie i Aran\u017cacja Wn\u0119trz<\/title>\n<meta name=\"robots\" content=\"index, follow, max-snippet:-1, max-image-preview:large, max-video-preview:-1\" \/>\n<link rel=\"canonical\" href=\"https:\/\/buczny.pl\/en\/interior-architect\/\" \/>\n<meta property=\"og:locale\" content=\"en_US\" \/>\n<meta property=\"og:type\" content=\"article\" \/>\n<meta property=\"og:title\" content=\"Interior architect - Anna Buczny Projektowanie i Aran\u017cacja Wn\u0119trz\" \/>\n<meta property=\"og:description\" content=\"Interior architect, mgr in\u017c. Anna Buczny:&nbsp; We have been working with you for 25 years, [&hellip;]\" \/>\n<meta property=\"og:url\" content=\"https:\/\/buczny.pl\/en\/interior-architect\/\" \/>\n<meta property=\"og:site_name\" content=\"Anna Buczny Projektowanie i Aran\u017cacja Wn\u0119trz\" \/>\n<meta property=\"article:modified_time\" content=\"2020-12-10T12:35:32+00:00\" \/>\n<meta name=\"twitter:label1\" content=\"Est. reading time\" \/>\n\t<meta name=\"twitter:data1\" content=\"1 minute\" \/>\n<script type=\"application\/ld+json\" class=\"yoast-schema-graph\">{\"@context\":\"https:\/\/schema.org\",\"@graph\":[{\"@type\":\"WebPage\",\"@id\":\"https:\/\/buczny.pl\/en\/interior-architect\/\",\"url\":\"https:\/\/buczny.pl\/en\/interior-architect\/\",\"name\":\"Interior architect - Anna Buczny Projektowanie i Aran\u017cacja Wn\u0119trz\",\"isPartOf\":{\"@id\":\"https:\/\/buczny.pl\/en\/#website\"},\"datePublished\":\"2019-08-20T16:27:42+00:00\",\"dateModified\":\"2020-12-10T12:35:32+00:00\",\"breadcrumb\":{\"@id\":\"https:\/\/buczny.pl\/en\/interior-architect\/#breadcrumb\"},\"inLanguage\":\"en-US\",\"potentialAction\":[{\"@type\":\"ReadAction\",\"target\":[\"https:\/\/buczny.pl\/en\/interior-architect\/\"]}]},{\"@type\":\"BreadcrumbList\",\"@id\":\"https:\/\/buczny.pl\/en\/interior-architect\/#breadcrumb\",\"itemListElement\":[{\"@type\":\"ListItem\",\"position\":1,\"name\":\"Strona g\u0142\u00f3wna\",\"item\":\"https:\/\/buczny.pl\/en\/\"},{\"@type\":\"ListItem\",\"position\":2,\"name\":\"Interior architect\"}]},{\"@type\":\"WebSite\",\"@id\":\"https:\/\/buczny.pl\/en\/#website\",\"url\":\"https:\/\/buczny.pl\/en\/\",\"name\":\"Anna Buczny Projektowanie i Aran\u017cacja Wn\u0119trz\",\"description\":\"Projektowanie i Aran\u017cacja Wn\u0119trz\",\"potentialAction\":[{\"@type\":\"SearchAction\",\"target\":{\"@type\":\"EntryPoint\",\"urlTemplate\":\"https:\/\/buczny.pl\/en\/?s={search_term_string}\"},\"query-input\":{\"@type\":\"PropertyValueSpecification\",\"valueRequired\":true,\"valueName\":\"search_term_string\"}}],\"inLanguage\":\"en-US\"}]}<\/script>\n<!-- \/ Yoast SEO plugin. -->","yoast_head_json":{"title":"Interior architect - Anna Buczny Projektowanie i Aran\u017cacja Wn\u0119trz","robots":{"index":"index","follow":"follow","max-snippet":"max-snippet:-1","max-image-preview":"max-image-preview:large","max-video-preview":"max-video-preview:-1"},"canonical":"https:\/\/buczny.pl\/en\/interior-architect\/","og_locale":"en_US","og_type":"article","og_title":"Interior architect - Anna Buczny Projektowanie i Aran\u017cacja Wn\u0119trz","og_description":"Interior architect, mgr in\u017c. Anna Buczny:&nbsp; We have been working with you for 25 years, [&hellip;]","og_url":"https:\/\/buczny.pl\/en\/interior-architect\/","og_site_name":"Anna Buczny Projektowanie i Aran\u017cacja Wn\u0119trz","article_modified_time":"2020-12-10T12:35:32+00:00","twitter_misc":{"Est. reading time":"1 minute"},"schema":{"@context":"https:\/\/schema.org","@graph":[{"@type":"WebPage","@id":"https:\/\/buczny.pl\/en\/interior-architect\/","url":"https:\/\/buczny.pl\/en\/interior-architect\/","name":"Interior architect - Anna Buczny Projektowanie i Aran\u017cacja Wn\u0119trz","isPartOf":{"@id":"https:\/\/buczny.pl\/en\/#website"},"datePublished":"2019-08-20T16:27:42+00:00","dateModified":"2020-12-10T12:35:32+00:00","breadcrumb":{"@id":"https:\/\/buczny.pl\/en\/interior-architect\/#breadcrumb"},"inLanguage":"en-US","potentialAction":[{"@type":"ReadAction","target":["https:\/\/buczny.pl\/en\/interior-architect\/"]}]},{"@type":"BreadcrumbList","@id":"https:\/\/buczny.pl\/en\/interior-architect\/#breadcrumb","itemListElement":[{"@type":"ListItem","position":1,"name":"Strona g\u0142\u00f3wna","item":"https:\/\/buczny.pl\/en\/"},{"@type":"ListItem","position":2,"name":"Interior architect"}]},{"@type":"WebSite","@id":"https:\/\/buczny.pl\/en\/#website","url":"https:\/\/buczny.pl\/en\/","name":"Anna Buczny Projektowanie i Aran\u017cacja Wn\u0119trz","description":"Projektowanie i Aran\u017cacja Wn\u0119trz","potentialAction":[{"@type":"SearchAction","target":{"@type":"EntryPoint","urlTemplate":"https:\/\/buczny.pl\/en\/?s={search_term_string}"},"query-input":{"@type":"PropertyValueSpecification","valueRequired":true,"valueName":"search_term_string"}}],"inLanguage":"en-US"}]}},"_links":{"self":[{"href":"https:\/\/buczny.pl\/en\/wp-json\/wp\/v2\/pages\/2617"}],"collection":[{"href":"https:\/\/buczny.pl\/en\/wp-json\/wp\/v2\/pages"}],"about":[{"href":"https:\/\/buczny.pl\/en\/wp-json\/wp\/v2\/types\/page"}],"author":[{"embeddable":true,"href":"https:\/\/buczny.pl\/en\/wp-json\/wp\/v2\/users\/1001003"}],"replies":[{"embeddable":true,"href":"https:\/\/buczny.pl\/en\/wp-json\/wp\/v2\/comments?post=2617"}],"version-history":[{"count":0,"href":"https:\/\/buczny.pl\/en\/wp-json\/wp\/v2\/pages\/2617\/revisions"}],"wp:attachment":[{"href":"https:\/\/buczny.pl\/en\/wp-json\/wp\/v2\/media?parent=2617"}],"curies":[{"name":"wp","href":"https:\/\/api.w.org\/{rel}","templated":true}]}}