{"id":1334,"date":"2015-11-07T12:29:06","date_gmt":"2015-11-07T12:29:06","guid":{"rendered":"http:\/\/buczny.pl\/how-we-work\/"},"modified":"2015-11-07T12:29:06","modified_gmt":"2015-11-07T12:29:06","slug":"how-we-work","status":"publish","type":"page","link":"https:\/\/buczny.pl\/en\/how-we-work\/","title":{"rendered":"How we work"},"content":{"rendered":"<h2>Preliminary talks<\/h2>\n<p>Architect Anna Buczny, MSc, meets our Clients and coordinates projects. Preliminary talks take place in our offices or on site of a planned investment. During the first meeting, we discuss the scope and type of design works, which is necessary to prepare a tender.<\/p>\n<h2>Execution of concept<\/h2>\n<p>After establishing details and accepting the terms of cooperation, we survey an object. Then we develop a concept \u2013 a graphic summary of discussions and our vision.<\/p>\n<h2>Project development<\/h2>\n<p>Guidelines, summarizing the concept stage, are the basis for further precise studies that contain visualizations and technical drawings taking into account all information necessary to implement a project. As part of this stage, we make a presentation of prepared materials and samples. Our Clients, by watching our display, have the opportunity to assess the quality of equipment proposed by us.<\/p>\n<h2>Turnkey execution<\/h2>\n<p>Our Clients can not only order the execution but also the implementation of a project. We perform repairs, construction works, installations, and finishing works. We use proven materials of high quality. We comprehensively equip kitchens, dining rooms, living rooms, bedrooms, offices, children&#8217;s rooms, and bathrooms. We provide maintenance for goods bought from us and services performed by us. We are here for our Clients not only during the task implementation, but also after its completion.<\/p>\n<div class=\"grid-33\"><img loading=\"lazy\" decoding=\"async\" class=\"alignnone size-full wp-image-1040\" src=\"http:\/\/buczny.pl\/wp-content\/gallery\/nowosc\/thumbs\/thumbs_Anna-Buczny-Dom-Spelnionych-Marzen-Salon.jpg\" alt=\"\" width=\"800\" height=\"533\" \/><\/div>\n<div class=\"grid-33\"><img loading=\"lazy\" decoding=\"async\" class=\"alignnone size-full wp-image-1039\" src=\"https:\/\/buczny.pl\/wp-content\/uploads\/2015\/11\/IMG_02471.jpg\" alt=\"IMG_0247\" width=\"800\" height=\"533\" srcset=\"https:\/\/buczny.pl\/wp-content\/uploads\/2015\/11\/IMG_02471.jpg 800w, https:\/\/buczny.pl\/wp-content\/uploads\/2015\/11\/IMG_02471-768x512.jpg 768w, https:\/\/buczny.pl\/wp-content\/uploads\/2015\/11\/IMG_02471-150x100.jpg 150w, https:\/\/buczny.pl\/wp-content\/uploads\/2015\/11\/IMG_02471-394x264.jpg 394w, https:\/\/buczny.pl\/wp-content\/uploads\/2015\/11\/IMG_02471-300x200.jpg 300w, https:\/\/buczny.pl\/wp-content\/uploads\/2015\/11\/IMG_02471-353x235.jpg 353w\" sizes=\"(max-width: 800px) 100vw, 800px\" \/><\/div>\n<div class=\"grid-33\"><img loading=\"lazy\" decoding=\"async\" class=\"alignnone size-full wp-image-1041\" src=\"https:\/\/buczny.pl\/wp-content\/uploads\/2015\/11\/02_marchewka_real_katowice_2014_004.jpg\" alt=\"02_marchewka_real_katowice_2014_004\" width=\"800\" height=\"533\" srcset=\"https:\/\/buczny.pl\/wp-content\/uploads\/2015\/11\/02_marchewka_real_katowice_2014_004.jpg 800w, https:\/\/buczny.pl\/wp-content\/uploads\/2015\/11\/02_marchewka_real_katowice_2014_004-768x512.jpg 768w, https:\/\/buczny.pl\/wp-content\/uploads\/2015\/11\/02_marchewka_real_katowice_2014_004-150x100.jpg 150w, https:\/\/buczny.pl\/wp-content\/uploads\/2015\/11\/02_marchewka_real_katowice_2014_004-394x264.jpg 394w, https:\/\/buczny.pl\/wp-content\/uploads\/2015\/11\/02_marchewka_real_katowice_2014_004-300x200.jpg 300w, https:\/\/buczny.pl\/wp-content\/uploads\/2015\/11\/02_marchewka_real_katowice_2014_004-353x235.jpg 353w\" sizes=\"(max-width: 800px) 100vw, 800px\" \/><\/div>\n","protected":false},"excerpt":{"rendered":"<p>Preliminary talks Architect Anna Buczny, MSc, meets our Clients and coordinates projects. Preliminary talks take [&hellip;]<\/p>\n","protected":false},"author":3,"featured_media":0,"parent":0,"menu_order":0,"comment_status":"closed","ping_status":"open","template":"","meta":{"_acf_changed":false,"ngg_post_thumbnail":0,"footnotes":""},"class_list":["post-1334","page","type-page","status-publish","hentry"],"acf":[],"yoast_head":"<!-- This site is optimized with the Yoast SEO plugin v23.5 - https:\/\/yoast.com\/wordpress\/plugins\/seo\/ -->\n<title>How we work - Anna Buczny Projektowanie i Aran\u017cacja Wn\u0119trz<\/title>\n<meta name=\"robots\" content=\"index, follow, max-snippet:-1, max-image-preview:large, max-video-preview:-1\" \/>\n<link rel=\"canonical\" href=\"https:\/\/buczny.pl\/en\/how-we-work\/\" \/>\n<meta property=\"og:locale\" content=\"en_US\" \/>\n<meta property=\"og:type\" content=\"article\" \/>\n<meta property=\"og:title\" content=\"How we work - Anna Buczny Projektowanie i Aran\u017cacja Wn\u0119trz\" \/>\n<meta property=\"og:description\" content=\"Preliminary talks Architect Anna Buczny, MSc, meets our Clients and coordinates projects. Preliminary talks take [&hellip;]\" \/>\n<meta property=\"og:url\" content=\"https:\/\/buczny.pl\/en\/how-we-work\/\" \/>\n<meta property=\"og:site_name\" content=\"Anna Buczny Projektowanie i Aran\u017cacja Wn\u0119trz\" \/>\n<meta property=\"og:image\" content=\"http:\/\/buczny.pl\/wp-content\/gallery\/nowosc\/thumbs\/thumbs_Anna-Buczny-Dom-Spelnionych-Marzen-Salon.jpg\" \/>\n<meta name=\"twitter:label1\" content=\"Est. reading time\" \/>\n\t<meta name=\"twitter:data1\" content=\"1 minute\" \/>\n<script type=\"application\/ld+json\" class=\"yoast-schema-graph\">{\"@context\":\"https:\/\/schema.org\",\"@graph\":[{\"@type\":\"WebPage\",\"@id\":\"https:\/\/buczny.pl\/en\/how-we-work\/\",\"url\":\"https:\/\/buczny.pl\/en\/how-we-work\/\",\"name\":\"How we work - Anna Buczny Projektowanie i Aran\u017cacja Wn\u0119trz\",\"isPartOf\":{\"@id\":\"https:\/\/buczny.pl\/en\/#website\"},\"primaryImageOfPage\":{\"@id\":\"https:\/\/buczny.pl\/en\/how-we-work\/#primaryimage\"},\"image\":{\"@id\":\"https:\/\/buczny.pl\/en\/how-we-work\/#primaryimage\"},\"thumbnailUrl\":\"http:\/\/buczny.pl\/wp-content\/gallery\/nowosc\/thumbs\/thumbs_Anna-Buczny-Dom-Spelnionych-Marzen-Salon.jpg\",\"datePublished\":\"2015-11-07T12:29:06+00:00\",\"dateModified\":\"2015-11-07T12:29:06+00:00\",\"breadcrumb\":{\"@id\":\"https:\/\/buczny.pl\/en\/how-we-work\/#breadcrumb\"},\"inLanguage\":\"en-US\",\"potentialAction\":[{\"@type\":\"ReadAction\",\"target\":[\"https:\/\/buczny.pl\/en\/how-we-work\/\"]}]},{\"@type\":\"ImageObject\",\"inLanguage\":\"en-US\",\"@id\":\"https:\/\/buczny.pl\/en\/how-we-work\/#primaryimage\",\"url\":\"http:\/\/buczny.pl\/wp-content\/gallery\/nowosc\/thumbs\/thumbs_Anna-Buczny-Dom-Spelnionych-Marzen-Salon.jpg\",\"contentUrl\":\"http:\/\/buczny.pl\/wp-content\/gallery\/nowosc\/thumbs\/thumbs_Anna-Buczny-Dom-Spelnionych-Marzen-Salon.jpg\"},{\"@type\":\"BreadcrumbList\",\"@id\":\"https:\/\/buczny.pl\/en\/how-we-work\/#breadcrumb\",\"itemListElement\":[{\"@type\":\"ListItem\",\"position\":1,\"name\":\"Strona g\u0142\u00f3wna\",\"item\":\"https:\/\/buczny.pl\/en\/\"},{\"@type\":\"ListItem\",\"position\":2,\"name\":\"How we work\"}]},{\"@type\":\"WebSite\",\"@id\":\"https:\/\/buczny.pl\/en\/#website\",\"url\":\"https:\/\/buczny.pl\/en\/\",\"name\":\"Anna Buczny Projektowanie i Aran\u017cacja Wn\u0119trz\",\"description\":\"Projektowanie i Aran\u017cacja Wn\u0119trz\",\"potentialAction\":[{\"@type\":\"SearchAction\",\"target\":{\"@type\":\"EntryPoint\",\"urlTemplate\":\"https:\/\/buczny.pl\/en\/?s={search_term_string}\"},\"query-input\":{\"@type\":\"PropertyValueSpecification\",\"valueRequired\":true,\"valueName\":\"search_term_string\"}}],\"inLanguage\":\"en-US\"}]}<\/script>\n<!-- \/ Yoast SEO plugin. -->","yoast_head_json":{"title":"How we work - Anna Buczny Projektowanie i Aran\u017cacja Wn\u0119trz","robots":{"index":"index","follow":"follow","max-snippet":"max-snippet:-1","max-image-preview":"max-image-preview:large","max-video-preview":"max-video-preview:-1"},"canonical":"https:\/\/buczny.pl\/en\/how-we-work\/","og_locale":"en_US","og_type":"article","og_title":"How we work - Anna Buczny Projektowanie i Aran\u017cacja Wn\u0119trz","og_description":"Preliminary talks Architect Anna Buczny, MSc, meets our Clients and coordinates projects. Preliminary talks take [&hellip;]","og_url":"https:\/\/buczny.pl\/en\/how-we-work\/","og_site_name":"Anna Buczny Projektowanie i Aran\u017cacja Wn\u0119trz","og_image":[{"url":"http:\/\/buczny.pl\/wp-content\/gallery\/nowosc\/thumbs\/thumbs_Anna-Buczny-Dom-Spelnionych-Marzen-Salon.jpg"}],"twitter_misc":{"Est. reading time":"1 minute"},"schema":{"@context":"https:\/\/schema.org","@graph":[{"@type":"WebPage","@id":"https:\/\/buczny.pl\/en\/how-we-work\/","url":"https:\/\/buczny.pl\/en\/how-we-work\/","name":"How we work - Anna Buczny Projektowanie i Aran\u017cacja Wn\u0119trz","isPartOf":{"@id":"https:\/\/buczny.pl\/en\/#website"},"primaryImageOfPage":{"@id":"https:\/\/buczny.pl\/en\/how-we-work\/#primaryimage"},"image":{"@id":"https:\/\/buczny.pl\/en\/how-we-work\/#primaryimage"},"thumbnailUrl":"http:\/\/buczny.pl\/wp-content\/gallery\/nowosc\/thumbs\/thumbs_Anna-Buczny-Dom-Spelnionych-Marzen-Salon.jpg","datePublished":"2015-11-07T12:29:06+00:00","dateModified":"2015-11-07T12:29:06+00:00","breadcrumb":{"@id":"https:\/\/buczny.pl\/en\/how-we-work\/#breadcrumb"},"inLanguage":"en-US","potentialAction":[{"@type":"ReadAction","target":["https:\/\/buczny.pl\/en\/how-we-work\/"]}]},{"@type":"ImageObject","inLanguage":"en-US","@id":"https:\/\/buczny.pl\/en\/how-we-work\/#primaryimage","url":"http:\/\/buczny.pl\/wp-content\/gallery\/nowosc\/thumbs\/thumbs_Anna-Buczny-Dom-Spelnionych-Marzen-Salon.jpg","contentUrl":"http:\/\/buczny.pl\/wp-content\/gallery\/nowosc\/thumbs\/thumbs_Anna-Buczny-Dom-Spelnionych-Marzen-Salon.jpg"},{"@type":"BreadcrumbList","@id":"https:\/\/buczny.pl\/en\/how-we-work\/#breadcrumb","itemListElement":[{"@type":"ListItem","position":1,"name":"Strona g\u0142\u00f3wna","item":"https:\/\/buczny.pl\/en\/"},{"@type":"ListItem","position":2,"name":"How we work"}]},{"@type":"WebSite","@id":"https:\/\/buczny.pl\/en\/#website","url":"https:\/\/buczny.pl\/en\/","name":"Anna Buczny Projektowanie i Aran\u017cacja Wn\u0119trz","description":"Projektowanie i Aran\u017cacja Wn\u0119trz","potentialAction":[{"@type":"SearchAction","target":{"@type":"EntryPoint","urlTemplate":"https:\/\/buczny.pl\/en\/?s={search_term_string}"},"query-input":{"@type":"PropertyValueSpecification","valueRequired":true,"valueName":"search_term_string"}}],"inLanguage":"en-US"}]}},"_links":{"self":[{"href":"https:\/\/buczny.pl\/en\/wp-json\/wp\/v2\/pages\/1334"}],"collection":[{"href":"https:\/\/buczny.pl\/en\/wp-json\/wp\/v2\/pages"}],"about":[{"href":"https:\/\/buczny.pl\/en\/wp-json\/wp\/v2\/types\/page"}],"author":[{"embeddable":true,"href":"https:\/\/buczny.pl\/en\/wp-json\/wp\/v2\/users\/3"}],"replies":[{"embeddable":true,"href":"https:\/\/buczny.pl\/en\/wp-json\/wp\/v2\/comments?post=1334"}],"version-history":[{"count":0,"href":"https:\/\/buczny.pl\/en\/wp-json\/wp\/v2\/pages\/1334\/revisions"}],"wp:attachment":[{"href":"https:\/\/buczny.pl\/en\/wp-json\/wp\/v2\/media?parent=1334"}],"curies":[{"name":"wp","href":"https:\/\/api.w.org\/{rel}","templated":true}]}}