{"id":1323,"date":"2013-07-19T13:34:43","date_gmt":"2013-07-19T13:34:43","guid":{"rendered":"http:\/\/buczny.pl\/customers-reviews\/"},"modified":"2018-03-12T10:39:50","modified_gmt":"2018-03-12T10:39:50","slug":"new-customers-reviews","status":"publish","type":"page","link":"https:\/\/buczny.pl\/en\/new-customers-reviews\/","title":{"rendered":"Customers reviews"},"content":{"rendered":"<h3>Jolanta Niszczota<\/h3>\n<p>Investor\u2019s opinion:<br \/>\nComprehensive execution, renovation of an house. The house ready to move in after the renovation.<\/p>\n<div class=\"video-embed\">\n<div class=\"video-container\"><iframe loading=\"lazy\" src=\"https:\/\/www.youtube.com\/embed\/7qB1OWRMB1E?rel=0\" width=\"640\" height=\"380\" frameborder=\"0\" allowfullscreen=\"allowfullscreen\"><\/iframe><\/div>\n<\/div>\n<h3>Agnieszka Nordbo<\/h3>\n<p>Investor\u2019s opinion:<br \/>\nComprehensive execution, renovation of an apartment. The apartment ready to move in after the renovation.<\/p>\n<div class=\"video-embed\">\n<div class=\"video-container\"><iframe loading=\"lazy\" src=\"https:\/\/www.youtube.com\/embed\/bFOnniKPBGs?rel=0&amp;cc_load_policy=1&amp;hl=en\" width=\"640\" height=\"380\" frameborder=\"0\" allowfullscreen=\"allowfullscreen\"><\/iframe><\/div>\n<\/div>\n<h3>Pani El\u017cbieta Szydelska \u2013 Roszak<\/h3>\n<p>Investor&#8217;s opinion:<br \/>\nInterior design, comprehensive execution and equipment. Realisation &#8220;on a turnkey basis&#8221;<\/p>\n<div class=\"video-embed\">\n<div class=\"video-container\"><iframe loading=\"lazy\" src=\"https:\/\/www.youtube.com\/embed\/i497Z0OxG5c?rel=0&amp;cc_load_policy=1&amp;hl=en\" width=\"640\" height=\"380\" frameborder=\"0\" allowfullscreen=\"allowfullscreen\"><\/iframe><\/div>\n<\/div>\n","protected":false},"excerpt":{"rendered":"<p>Jolanta Niszczota Investor\u2019s opinion: Comprehensive execution, renovation of an house. The house ready to move [&hellip;]<\/p>\n","protected":false},"author":3,"featured_media":0,"parent":0,"menu_order":0,"comment_status":"open","ping_status":"open","template":"page-nowe-opinie-klientow.php","meta":{"_acf_changed":false,"ngg_post_thumbnail":0,"footnotes":""},"class_list":["post-1323","page","type-page","status-publish","hentry"],"acf":[],"yoast_head":"<!-- This site is optimized with the Yoast SEO plugin v23.5 - https:\/\/yoast.com\/wordpress\/plugins\/seo\/ -->\n<title>Customers reviews - Anna Buczny Projektowanie i Aran\u017cacja Wn\u0119trz<\/title>\n<meta name=\"robots\" content=\"index, follow, max-snippet:-1, max-image-preview:large, max-video-preview:-1\" \/>\n<link rel=\"canonical\" href=\"https:\/\/buczny.pl\/en\/new-customers-reviews\/\" \/>\n<meta property=\"og:locale\" content=\"en_US\" \/>\n<meta property=\"og:type\" content=\"article\" \/>\n<meta property=\"og:title\" content=\"Customers reviews - Anna Buczny Projektowanie i Aran\u017cacja Wn\u0119trz\" \/>\n<meta property=\"og:description\" content=\"Jolanta Niszczota Investor\u2019s opinion: Comprehensive execution, renovation of an house. The house ready to move [&hellip;]\" \/>\n<meta property=\"og:url\" content=\"https:\/\/buczny.pl\/en\/new-customers-reviews\/\" \/>\n<meta property=\"og:site_name\" content=\"Anna Buczny Projektowanie i Aran\u017cacja Wn\u0119trz\" \/>\n<meta property=\"article:modified_time\" content=\"2018-03-12T10:39:50+00:00\" \/>\n<script type=\"application\/ld+json\" class=\"yoast-schema-graph\">{\"@context\":\"https:\/\/schema.org\",\"@graph\":[{\"@type\":\"WebPage\",\"@id\":\"https:\/\/buczny.pl\/en\/new-customers-reviews\/\",\"url\":\"https:\/\/buczny.pl\/en\/new-customers-reviews\/\",\"name\":\"Customers reviews - Anna Buczny Projektowanie i Aran\u017cacja Wn\u0119trz\",\"isPartOf\":{\"@id\":\"https:\/\/buczny.pl\/en\/#website\"},\"datePublished\":\"2013-07-19T13:34:43+00:00\",\"dateModified\":\"2018-03-12T10:39:50+00:00\",\"breadcrumb\":{\"@id\":\"https:\/\/buczny.pl\/en\/new-customers-reviews\/#breadcrumb\"},\"inLanguage\":\"en-US\",\"potentialAction\":[{\"@type\":\"ReadAction\",\"target\":[\"https:\/\/buczny.pl\/en\/new-customers-reviews\/\"]}]},{\"@type\":\"BreadcrumbList\",\"@id\":\"https:\/\/buczny.pl\/en\/new-customers-reviews\/#breadcrumb\",\"itemListElement\":[{\"@type\":\"ListItem\",\"position\":1,\"name\":\"Strona g\u0142\u00f3wna\",\"item\":\"https:\/\/buczny.pl\/en\/\"},{\"@type\":\"ListItem\",\"position\":2,\"name\":\"Customers reviews\"}]},{\"@type\":\"WebSite\",\"@id\":\"https:\/\/buczny.pl\/en\/#website\",\"url\":\"https:\/\/buczny.pl\/en\/\",\"name\":\"Anna Buczny Projektowanie i Aran\u017cacja Wn\u0119trz\",\"description\":\"Projektowanie i Aran\u017cacja Wn\u0119trz\",\"potentialAction\":[{\"@type\":\"SearchAction\",\"target\":{\"@type\":\"EntryPoint\",\"urlTemplate\":\"https:\/\/buczny.pl\/en\/?s={search_term_string}\"},\"query-input\":{\"@type\":\"PropertyValueSpecification\",\"valueRequired\":true,\"valueName\":\"search_term_string\"}}],\"inLanguage\":\"en-US\"}]}<\/script>\n<!-- \/ Yoast SEO plugin. -->","yoast_head_json":{"title":"Customers reviews - Anna Buczny Projektowanie i Aran\u017cacja Wn\u0119trz","robots":{"index":"index","follow":"follow","max-snippet":"max-snippet:-1","max-image-preview":"max-image-preview:large","max-video-preview":"max-video-preview:-1"},"canonical":"https:\/\/buczny.pl\/en\/new-customers-reviews\/","og_locale":"en_US","og_type":"article","og_title":"Customers reviews - Anna Buczny Projektowanie i Aran\u017cacja Wn\u0119trz","og_description":"Jolanta Niszczota Investor\u2019s opinion: Comprehensive execution, renovation of an house. The house ready to move [&hellip;]","og_url":"https:\/\/buczny.pl\/en\/new-customers-reviews\/","og_site_name":"Anna Buczny Projektowanie i Aran\u017cacja Wn\u0119trz","article_modified_time":"2018-03-12T10:39:50+00:00","schema":{"@context":"https:\/\/schema.org","@graph":[{"@type":"WebPage","@id":"https:\/\/buczny.pl\/en\/new-customers-reviews\/","url":"https:\/\/buczny.pl\/en\/new-customers-reviews\/","name":"Customers reviews - Anna Buczny Projektowanie i Aran\u017cacja Wn\u0119trz","isPartOf":{"@id":"https:\/\/buczny.pl\/en\/#website"},"datePublished":"2013-07-19T13:34:43+00:00","dateModified":"2018-03-12T10:39:50+00:00","breadcrumb":{"@id":"https:\/\/buczny.pl\/en\/new-customers-reviews\/#breadcrumb"},"inLanguage":"en-US","potentialAction":[{"@type":"ReadAction","target":["https:\/\/buczny.pl\/en\/new-customers-reviews\/"]}]},{"@type":"BreadcrumbList","@id":"https:\/\/buczny.pl\/en\/new-customers-reviews\/#breadcrumb","itemListElement":[{"@type":"ListItem","position":1,"name":"Strona g\u0142\u00f3wna","item":"https:\/\/buczny.pl\/en\/"},{"@type":"ListItem","position":2,"name":"Customers reviews"}]},{"@type":"WebSite","@id":"https:\/\/buczny.pl\/en\/#website","url":"https:\/\/buczny.pl\/en\/","name":"Anna Buczny Projektowanie i Aran\u017cacja Wn\u0119trz","description":"Projektowanie i Aran\u017cacja Wn\u0119trz","potentialAction":[{"@type":"SearchAction","target":{"@type":"EntryPoint","urlTemplate":"https:\/\/buczny.pl\/en\/?s={search_term_string}"},"query-input":{"@type":"PropertyValueSpecification","valueRequired":true,"valueName":"search_term_string"}}],"inLanguage":"en-US"}]}},"_links":{"self":[{"href":"https:\/\/buczny.pl\/en\/wp-json\/wp\/v2\/pages\/1323"}],"collection":[{"href":"https:\/\/buczny.pl\/en\/wp-json\/wp\/v2\/pages"}],"about":[{"href":"https:\/\/buczny.pl\/en\/wp-json\/wp\/v2\/types\/page"}],"author":[{"embeddable":true,"href":"https:\/\/buczny.pl\/en\/wp-json\/wp\/v2\/users\/3"}],"replies":[{"embeddable":true,"href":"https:\/\/buczny.pl\/en\/wp-json\/wp\/v2\/comments?post=1323"}],"version-history":[{"count":0,"href":"https:\/\/buczny.pl\/en\/wp-json\/wp\/v2\/pages\/1323\/revisions"}],"wp:attachment":[{"href":"https:\/\/buczny.pl\/en\/wp-json\/wp\/v2\/media?parent=1323"}],"curies":[{"name":"wp","href":"https:\/\/api.w.org\/{rel}","templated":true}]}}