{"id":1317,"date":"2013-04-10T12:42:19","date_gmt":"2013-04-10T12:42:19","guid":{"rendered":"http:\/\/buczny.pl\/commercial-offer\/"},"modified":"2020-12-10T12:59:35","modified_gmt":"2020-12-10T12:59:35","slug":"commercial-offer","status":"publish","type":"page","link":"https:\/\/buczny.pl\/en\/commercial-offer\/","title":{"rendered":"Commercial offer"},"content":{"rendered":"\n<p>The company Anna Buczny INTERIOR DESIGN, founded and managed by the architect Anna Buczny, has been engaged in designing the interiors of houses, apartments, commercial premises, hotels, and yachts since 1995, many of which are turnkey designs. It means that aside from preparing interior designs, Anna Buczny&nbsp;INTERIOR DESIGN performs a full range of renovation and construction works, comprehensively furnishing the modernized interiors. The company\u2019s Customers are mainly individual and institutional clients. On its commercial offer Anna Buczny&nbsp;INTERIOR DESIGN has high-quality furnishing products, lamps, kitchen furniture, living room and office furniture, ceramics, and bathroom fixtures by such manufacturers as Swarovski, Schonbek, SerienLighting, Alno, Bruehl, Fiam Italia, Porada, or Villeroy&amp;Boch.<\/p>\n\n\n\n<p>The comprehensive services offered by Anna Buczny&nbsp;INTERIOR DESIGN provide the Customers with extensive assistance not only during renovation and construction works, but also after their completion.<\/p>\n\n\n\n<div class=\"wp-block-columns has-6-columns offer-grid is-layout-flex wp-container-core-columns-is-layout-1 wp-block-columns-is-layout-flex\">\n<div class=\"wp-block-column is-layout-flow wp-block-column-is-layout-flow\">\n<h2 class=\"wp-block-heading\"><a href=\"https:\/\/buczny.pl\/en\/interior-design\/\">Interior design<\/a><\/h2>\n\n\n\n<figure class=\"wp-block-image\"><a href=\"https:\/\/buczny.pl\/en\/interior-design\/\"><img loading=\"lazy\" decoding=\"async\" width=\"600\" height=\"350\" src=\"https:\/\/buczny.pl\/wp-content\/uploads\/2019\/08\/projektowanie-wnetrz.jpg\" alt=\"Projektowanie Wn\u0119trz\" class=\"wp-image-2557\" srcset=\"https:\/\/buczny.pl\/wp-content\/uploads\/2019\/08\/projektowanie-wnetrz.jpg 600w, https:\/\/buczny.pl\/wp-content\/uploads\/2019\/08\/projektowanie-wnetrz-300x175.jpg 300w, https:\/\/buczny.pl\/wp-content\/uploads\/2019\/08\/projektowanie-wnetrz-353x206.jpg 353w\" sizes=\"(max-width: 600px) 100vw, 600px\" \/><\/a><\/figure>\n\n\n\n<div class=\"wp-block-buttons is-layout-flex wp-block-buttons-is-layout-flex\">\n<div class=\"wp-block-button offer-btn\"><a class=\"wp-block-button__link no-border-radius\" href=\"https:\/\/buczny.pl\/en\/interior-design\/\">Read more<\/a><\/div>\n<\/div>\n<\/div>\n\n\n\n<div class=\"wp-block-column is-layout-flow wp-block-column-is-layout-flow\">\n<h2 class=\"wp-block-heading\"><a href=\"https:\/\/buczny.pl\/en\/interior-arrangement\/\">Interior arrangement<\/a><\/h2>\n\n\n\n<figure class=\"wp-block-image\"><a href=\"https:\/\/buczny.pl\/en\/interior-arrangement\/\"><img loading=\"lazy\" decoding=\"async\" width=\"600\" height=\"350\" src=\"https:\/\/buczny.pl\/wp-content\/uploads\/2019\/08\/aranzacja-wnetrz.jpg\" alt=\"Aran\u017cacja Wn\u0119trz\" class=\"wp-image-2569\" srcset=\"https:\/\/buczny.pl\/wp-content\/uploads\/2019\/08\/aranzacja-wnetrz.jpg 600w, https:\/\/buczny.pl\/wp-content\/uploads\/2019\/08\/aranzacja-wnetrz-300x175.jpg 300w, https:\/\/buczny.pl\/wp-content\/uploads\/2019\/08\/aranzacja-wnetrz-353x206.jpg 353w\" sizes=\"(max-width: 600px) 100vw, 600px\" \/><\/a><\/figure>\n\n\n\n<div class=\"wp-block-buttons is-layout-flex wp-block-buttons-is-layout-flex\">\n<div class=\"wp-block-button offer-btn\"><a class=\"wp-block-button__link no-border-radius\" href=\"https:\/\/buczny.pl\/en\/interior-arrangement\/\">Read more<\/a><\/div>\n<\/div>\n<\/div>\n\n\n\n<div class=\"wp-block-column is-layout-flow wp-block-column-is-layout-flow\">\n<h2 class=\"wp-block-heading\"><a href=\"https:\/\/buczny.pl\/en\/interior-architect\/\">Interior architect<\/a><\/h2>\n\n\n\n<figure class=\"wp-block-image\"><a href=\"https:\/\/buczny.pl\/en\/interior-architect\/\"><img loading=\"lazy\" decoding=\"async\" width=\"600\" height=\"350\" src=\"https:\/\/buczny.pl\/wp-content\/uploads\/2019\/08\/architekt-wnetrz.jpg\" alt=\"Architekt Wn\u0119trz\" class=\"wp-image-2549\" srcset=\"https:\/\/buczny.pl\/wp-content\/uploads\/2019\/08\/architekt-wnetrz.jpg 600w, https:\/\/buczny.pl\/wp-content\/uploads\/2019\/08\/architekt-wnetrz-300x175.jpg 300w, https:\/\/buczny.pl\/wp-content\/uploads\/2019\/08\/architekt-wnetrz-353x206.jpg 353w\" sizes=\"(max-width: 600px) 100vw, 600px\" \/><\/a><\/figure>\n\n\n\n<div class=\"wp-block-buttons is-layout-flex wp-block-buttons-is-layout-flex\">\n<div class=\"wp-block-button offer-btn\"><a class=\"wp-block-button__link no-border-radius\" href=\"https:\/\/buczny.pl\/en\/interior-architect\/\">Read more<\/a><\/div>\n<\/div>\n<\/div>\n\n\n\n<div class=\"wp-block-column is-layout-flow wp-block-column-is-layout-flow\">\n<h2 class=\"wp-block-heading\"><a href=\"https:\/\/buczny.pl\/en\/interior-finishing\/\">Interior finishing<\/a> <\/h2>\n\n\n\n<figure class=\"wp-block-image\"><a href=\"https:\/\/buczny.pl\/en\/interior-finishing\/\"><img loading=\"lazy\" decoding=\"async\" width=\"600\" height=\"350\" src=\"https:\/\/buczny.pl\/wp-content\/uploads\/2019\/08\/wykonczenie-wnetrz.jpg\" alt=\"Wyko\u0144czenie Wn\u0119trz\" class=\"wp-image-2561\" srcset=\"https:\/\/buczny.pl\/wp-content\/uploads\/2019\/08\/wykonczenie-wnetrz.jpg 600w, https:\/\/buczny.pl\/wp-content\/uploads\/2019\/08\/wykonczenie-wnetrz-300x175.jpg 300w, https:\/\/buczny.pl\/wp-content\/uploads\/2019\/08\/wykonczenie-wnetrz-353x206.jpg 353w\" sizes=\"(max-width: 600px) 100vw, 600px\" \/><\/a><\/figure>\n\n\n\n<div class=\"wp-block-buttons is-layout-flex wp-block-buttons-is-layout-flex\">\n<div class=\"wp-block-button offer-btn\"><a class=\"wp-block-button__link no-border-radius\" href=\"https:\/\/buczny.pl\/en\/interior-finishing\/\">Read more<\/a><\/div>\n<\/div>\n<\/div>\n\n\n\n<div class=\"wp-block-column is-layout-flow wp-block-column-is-layout-flow\">\n<h2 class=\"wp-block-heading\"><a href=\"https:\/\/buczny.pl\/en\/interior-decorator\/\">Interior decorator<\/a><\/h2>\n\n\n\n<figure class=\"wp-block-image\"><a href=\"https:\/\/buczny.pl\/en\/interior-decorator\/\"><img loading=\"lazy\" decoding=\"async\" width=\"600\" height=\"350\" src=\"https:\/\/buczny.pl\/wp-content\/uploads\/2019\/08\/dekorator-wnetrz.jpg\" alt=\"Dekorator Wn\u0119trz\" class=\"wp-image-2553\" srcset=\"https:\/\/buczny.pl\/wp-content\/uploads\/2019\/08\/dekorator-wnetrz.jpg 600w, https:\/\/buczny.pl\/wp-content\/uploads\/2019\/08\/dekorator-wnetrz-300x175.jpg 300w, https:\/\/buczny.pl\/wp-content\/uploads\/2019\/08\/dekorator-wnetrz-353x206.jpg 353w\" sizes=\"(max-width: 600px) 100vw, 600px\" \/><\/a><\/figure>\n\n\n\n<div class=\"wp-block-buttons is-layout-flex wp-block-buttons-is-layout-flex\">\n<div class=\"wp-block-button offer-btn\"><a class=\"wp-block-button__link no-border-radius\" href=\"https:\/\/buczny.pl\/en\/interior-decorator\/\">Read more<\/a><\/div>\n<\/div>\n<\/div>\n\n\n\n<div class=\"wp-block-column is-layout-flow wp-block-column-is-layout-flow\">\n<h2 class=\"wp-block-heading\"><a href=\"https:\/\/buczny.pl\/en\/turnkey-finishing\/\">Turnkey finishing<\/a><\/h2>\n\n\n\n<figure class=\"wp-block-image\"><a href=\"https:\/\/buczny.pl\/en\/turnkey-finishing\/\"><img loading=\"lazy\" decoding=\"async\" width=\"600\" height=\"350\" src=\"https:\/\/buczny.pl\/wp-content\/uploads\/2019\/08\/wykonzenie-pod-klucz.jpg\" alt=\"Wyko\u0144czenie Pod Klucz\" class=\"wp-image-2565\" srcset=\"https:\/\/buczny.pl\/wp-content\/uploads\/2019\/08\/wykonzenie-pod-klucz.jpg 600w, https:\/\/buczny.pl\/wp-content\/uploads\/2019\/08\/wykonzenie-pod-klucz-300x175.jpg 300w, https:\/\/buczny.pl\/wp-content\/uploads\/2019\/08\/wykonzenie-pod-klucz-353x206.jpg 353w\" sizes=\"(max-width: 600px) 100vw, 600px\" \/><\/a><\/figure>\n\n\n\n<div class=\"wp-block-buttons is-layout-flex wp-block-buttons-is-layout-flex\">\n<div class=\"wp-block-button offer-btn\"><a class=\"wp-block-button__link no-border-radius\" href=\"https:\/\/buczny.pl\/en\/turnkey-finishing\/\">Read more<\/a><\/div>\n<\/div>\n<\/div>\n<\/div>\n","protected":false},"excerpt":{"rendered":"<p>The company Anna Buczny INTERIOR DESIGN, founded and managed by the architect Anna Buczny, has [&hellip;]<\/p>\n","protected":false},"author":3,"featured_media":0,"parent":0,"menu_order":0,"comment_status":"open","ping_status":"open","template":"","meta":{"_acf_changed":false,"ngg_post_thumbnail":0,"footnotes":""},"class_list":["post-1317","page","type-page","status-publish","hentry"],"acf":[],"yoast_head":"<!-- This site is optimized with the Yoast SEO plugin v23.5 - https:\/\/yoast.com\/wordpress\/plugins\/seo\/ -->\n<title>Commercial offer - Anna Buczny Projektowanie i Aran\u017cacja Wn\u0119trz<\/title>\n<meta name=\"robots\" content=\"index, follow, max-snippet:-1, max-image-preview:large, max-video-preview:-1\" \/>\n<link rel=\"canonical\" href=\"https:\/\/buczny.pl\/en\/commercial-offer\/\" \/>\n<meta property=\"og:locale\" content=\"en_US\" \/>\n<meta property=\"og:type\" content=\"article\" \/>\n<meta property=\"og:title\" content=\"Commercial offer - Anna Buczny Projektowanie i Aran\u017cacja Wn\u0119trz\" \/>\n<meta property=\"og:description\" content=\"The company Anna Buczny INTERIOR DESIGN, founded and managed by the architect Anna Buczny, has [&hellip;]\" \/>\n<meta property=\"og:url\" content=\"https:\/\/buczny.pl\/en\/commercial-offer\/\" \/>\n<meta property=\"og:site_name\" content=\"Anna Buczny Projektowanie i Aran\u017cacja Wn\u0119trz\" \/>\n<meta property=\"article:modified_time\" content=\"2020-12-10T12:59:35+00:00\" \/>\n<meta property=\"og:image\" content=\"https:\/\/buczny.pl\/wp-content\/uploads\/2019\/08\/projektowanie-wnetrz.jpg\" \/>\n<meta name=\"twitter:label1\" content=\"Est. reading time\" \/>\n\t<meta name=\"twitter:data1\" content=\"1 minute\" \/>\n<script type=\"application\/ld+json\" class=\"yoast-schema-graph\">{\"@context\":\"https:\/\/schema.org\",\"@graph\":[{\"@type\":\"WebPage\",\"@id\":\"https:\/\/buczny.pl\/en\/commercial-offer\/\",\"url\":\"https:\/\/buczny.pl\/en\/commercial-offer\/\",\"name\":\"Commercial offer - Anna Buczny Projektowanie i Aran\u017cacja Wn\u0119trz\",\"isPartOf\":{\"@id\":\"https:\/\/buczny.pl\/en\/#website\"},\"primaryImageOfPage\":{\"@id\":\"https:\/\/buczny.pl\/en\/commercial-offer\/#primaryimage\"},\"image\":{\"@id\":\"https:\/\/buczny.pl\/en\/commercial-offer\/#primaryimage\"},\"thumbnailUrl\":\"https:\/\/buczny.pl\/wp-content\/uploads\/2019\/08\/projektowanie-wnetrz.jpg\",\"datePublished\":\"2013-04-10T12:42:19+00:00\",\"dateModified\":\"2020-12-10T12:59:35+00:00\",\"breadcrumb\":{\"@id\":\"https:\/\/buczny.pl\/en\/commercial-offer\/#breadcrumb\"},\"inLanguage\":\"en-US\",\"potentialAction\":[{\"@type\":\"ReadAction\",\"target\":[\"https:\/\/buczny.pl\/en\/commercial-offer\/\"]}]},{\"@type\":\"ImageObject\",\"inLanguage\":\"en-US\",\"@id\":\"https:\/\/buczny.pl\/en\/commercial-offer\/#primaryimage\",\"url\":\"https:\/\/buczny.pl\/wp-content\/uploads\/2019\/08\/projektowanie-wnetrz.jpg\",\"contentUrl\":\"https:\/\/buczny.pl\/wp-content\/uploads\/2019\/08\/projektowanie-wnetrz.jpg\"},{\"@type\":\"BreadcrumbList\",\"@id\":\"https:\/\/buczny.pl\/en\/commercial-offer\/#breadcrumb\",\"itemListElement\":[{\"@type\":\"ListItem\",\"position\":1,\"name\":\"Strona g\u0142\u00f3wna\",\"item\":\"https:\/\/buczny.pl\/en\/\"},{\"@type\":\"ListItem\",\"position\":2,\"name\":\"Commercial offer\"}]},{\"@type\":\"WebSite\",\"@id\":\"https:\/\/buczny.pl\/en\/#website\",\"url\":\"https:\/\/buczny.pl\/en\/\",\"name\":\"Anna Buczny Projektowanie i Aran\u017cacja Wn\u0119trz\",\"description\":\"Projektowanie i Aran\u017cacja Wn\u0119trz\",\"potentialAction\":[{\"@type\":\"SearchAction\",\"target\":{\"@type\":\"EntryPoint\",\"urlTemplate\":\"https:\/\/buczny.pl\/en\/?s={search_term_string}\"},\"query-input\":{\"@type\":\"PropertyValueSpecification\",\"valueRequired\":true,\"valueName\":\"search_term_string\"}}],\"inLanguage\":\"en-US\"}]}<\/script>\n<!-- \/ Yoast SEO plugin. -->","yoast_head_json":{"title":"Commercial offer - Anna Buczny Projektowanie i Aran\u017cacja Wn\u0119trz","robots":{"index":"index","follow":"follow","max-snippet":"max-snippet:-1","max-image-preview":"max-image-preview:large","max-video-preview":"max-video-preview:-1"},"canonical":"https:\/\/buczny.pl\/en\/commercial-offer\/","og_locale":"en_US","og_type":"article","og_title":"Commercial offer - Anna Buczny Projektowanie i Aran\u017cacja Wn\u0119trz","og_description":"The company Anna Buczny INTERIOR DESIGN, founded and managed by the architect Anna Buczny, has [&hellip;]","og_url":"https:\/\/buczny.pl\/en\/commercial-offer\/","og_site_name":"Anna Buczny Projektowanie i Aran\u017cacja Wn\u0119trz","article_modified_time":"2020-12-10T12:59:35+00:00","og_image":[{"url":"https:\/\/buczny.pl\/wp-content\/uploads\/2019\/08\/projektowanie-wnetrz.jpg"}],"twitter_misc":{"Est. reading time":"1 minute"},"schema":{"@context":"https:\/\/schema.org","@graph":[{"@type":"WebPage","@id":"https:\/\/buczny.pl\/en\/commercial-offer\/","url":"https:\/\/buczny.pl\/en\/commercial-offer\/","name":"Commercial offer - Anna Buczny Projektowanie i Aran\u017cacja Wn\u0119trz","isPartOf":{"@id":"https:\/\/buczny.pl\/en\/#website"},"primaryImageOfPage":{"@id":"https:\/\/buczny.pl\/en\/commercial-offer\/#primaryimage"},"image":{"@id":"https:\/\/buczny.pl\/en\/commercial-offer\/#primaryimage"},"thumbnailUrl":"https:\/\/buczny.pl\/wp-content\/uploads\/2019\/08\/projektowanie-wnetrz.jpg","datePublished":"2013-04-10T12:42:19+00:00","dateModified":"2020-12-10T12:59:35+00:00","breadcrumb":{"@id":"https:\/\/buczny.pl\/en\/commercial-offer\/#breadcrumb"},"inLanguage":"en-US","potentialAction":[{"@type":"ReadAction","target":["https:\/\/buczny.pl\/en\/commercial-offer\/"]}]},{"@type":"ImageObject","inLanguage":"en-US","@id":"https:\/\/buczny.pl\/en\/commercial-offer\/#primaryimage","url":"https:\/\/buczny.pl\/wp-content\/uploads\/2019\/08\/projektowanie-wnetrz.jpg","contentUrl":"https:\/\/buczny.pl\/wp-content\/uploads\/2019\/08\/projektowanie-wnetrz.jpg"},{"@type":"BreadcrumbList","@id":"https:\/\/buczny.pl\/en\/commercial-offer\/#breadcrumb","itemListElement":[{"@type":"ListItem","position":1,"name":"Strona g\u0142\u00f3wna","item":"https:\/\/buczny.pl\/en\/"},{"@type":"ListItem","position":2,"name":"Commercial offer"}]},{"@type":"WebSite","@id":"https:\/\/buczny.pl\/en\/#website","url":"https:\/\/buczny.pl\/en\/","name":"Anna Buczny Projektowanie i Aran\u017cacja Wn\u0119trz","description":"Projektowanie i Aran\u017cacja Wn\u0119trz","potentialAction":[{"@type":"SearchAction","target":{"@type":"EntryPoint","urlTemplate":"https:\/\/buczny.pl\/en\/?s={search_term_string}"},"query-input":{"@type":"PropertyValueSpecification","valueRequired":true,"valueName":"search_term_string"}}],"inLanguage":"en-US"}]}},"_links":{"self":[{"href":"https:\/\/buczny.pl\/en\/wp-json\/wp\/v2\/pages\/1317"}],"collection":[{"href":"https:\/\/buczny.pl\/en\/wp-json\/wp\/v2\/pages"}],"about":[{"href":"https:\/\/buczny.pl\/en\/wp-json\/wp\/v2\/types\/page"}],"author":[{"embeddable":true,"href":"https:\/\/buczny.pl\/en\/wp-json\/wp\/v2\/users\/3"}],"replies":[{"embeddable":true,"href":"https:\/\/buczny.pl\/en\/wp-json\/wp\/v2\/comments?post=1317"}],"version-history":[{"count":0,"href":"https:\/\/buczny.pl\/en\/wp-json\/wp\/v2\/pages\/1317\/revisions"}],"wp:attachment":[{"href":"https:\/\/buczny.pl\/en\/wp-json\/wp\/v2\/media?parent=1317"}],"curies":[{"name":"wp","href":"https:\/\/api.w.org\/{rel}","templated":true}]}}