{"id":1309,"date":"2013-04-07T14:17:04","date_gmt":"2013-04-07T14:17:04","guid":{"rendered":"http:\/\/buczny.pl\/about-us\/"},"modified":"2022-10-26T11:43:40","modified_gmt":"2022-10-26T11:43:40","slug":"about-us","status":"publish","type":"page","link":"https:\/\/buczny.pl\/en\/about-us\/","title":{"rendered":"About us"},"content":{"rendered":"<p><strong>Anna Buczny DECORATION AND INTERIOR DESIGN<\/strong><\/p>\n<p>In particular, we draw your attention to customers&#8217; feedback about us, because it is our best flagship. Renovations and interior design that we have been dealing with for over 25 years are main focus of our business, and the range of orders and flexibility in the designing are unlimited. The orders are carried out on the local market, in Szczecin, West Pomeranian Voivodeship and across all the country and Europe. Feel free to contact us; we will help you find the answers to branch associated questions.<\/p>\n<p><strong>Architect Anna Buczny<\/strong><\/p>\n<p>The Architect Anna Buczny was honoured by the Mayor of Szczecin with the main prize for her diploma thesis. She has been designing the interiors since 1995, developing her activity and gradually enriching the offer of her Studio. The changing construction sector market and customer expectations contribute to the continuous development of the company and expanding the range of services. Currently we offer a wide range of products and materials for interior decoration and full scope interior decoration materials. Selected range of well-known manufacturers, European Market Leaders, producing lightning, upholstered and glass furniture, kitchen furniture, ceramic and fittings for bathroom, floor and wall coverings, supported by professional installation cause, that our Studio stands out on the market.<\/p>\n<p>Projects of Mrs. Anna Buczny are combination of customers&#8217; desires and visions of the experienced architect. Each detail here is developed very precisely, according to current trends and using the most recent technology. The interior designs are made for each customer individually and for this reason are characterised by a large variety of style.<\/p>\n","protected":false},"excerpt":{"rendered":"<p>Anna Buczny DECORATION AND INTERIOR DESIGN In particular, we draw your attention to customers&#8217; feedback [&hellip;]<\/p>\n","protected":false},"author":3,"featured_media":0,"parent":0,"menu_order":0,"comment_status":"open","ping_status":"open","template":"page-onas.php","meta":{"_acf_changed":false,"ngg_post_thumbnail":0,"footnotes":""},"class_list":["post-1309","page","type-page","status-publish","hentry"],"acf":[],"yoast_head":"<!-- This site is optimized with the Yoast SEO plugin v23.5 - https:\/\/yoast.com\/wordpress\/plugins\/seo\/ -->\n<title>About us - Anna Buczny Projektowanie i Aran\u017cacja Wn\u0119trz<\/title>\n<meta name=\"robots\" content=\"index, follow, max-snippet:-1, max-image-preview:large, max-video-preview:-1\" \/>\n<link rel=\"canonical\" href=\"https:\/\/buczny.pl\/en\/about-us\/\" \/>\n<meta property=\"og:locale\" content=\"en_US\" \/>\n<meta property=\"og:type\" content=\"article\" \/>\n<meta property=\"og:title\" content=\"About us - Anna Buczny Projektowanie i Aran\u017cacja Wn\u0119trz\" \/>\n<meta property=\"og:description\" content=\"Anna Buczny DECORATION AND INTERIOR DESIGN In particular, we draw your attention to customers&#8217; feedback [&hellip;]\" \/>\n<meta property=\"og:url\" content=\"https:\/\/buczny.pl\/en\/about-us\/\" \/>\n<meta property=\"og:site_name\" content=\"Anna Buczny Projektowanie i Aran\u017cacja Wn\u0119trz\" \/>\n<meta property=\"article:modified_time\" content=\"2022-10-26T11:43:40+00:00\" \/>\n<meta name=\"twitter:label1\" content=\"Est. reading time\" \/>\n\t<meta name=\"twitter:data1\" content=\"1 minute\" \/>\n<script type=\"application\/ld+json\" class=\"yoast-schema-graph\">{\"@context\":\"https:\/\/schema.org\",\"@graph\":[{\"@type\":\"WebPage\",\"@id\":\"https:\/\/buczny.pl\/en\/about-us\/\",\"url\":\"https:\/\/buczny.pl\/en\/about-us\/\",\"name\":\"About us - Anna Buczny Projektowanie i Aran\u017cacja Wn\u0119trz\",\"isPartOf\":{\"@id\":\"https:\/\/buczny.pl\/en\/#website\"},\"datePublished\":\"2013-04-07T14:17:04+00:00\",\"dateModified\":\"2022-10-26T11:43:40+00:00\",\"breadcrumb\":{\"@id\":\"https:\/\/buczny.pl\/en\/about-us\/#breadcrumb\"},\"inLanguage\":\"en-US\",\"potentialAction\":[{\"@type\":\"ReadAction\",\"target\":[\"https:\/\/buczny.pl\/en\/about-us\/\"]}]},{\"@type\":\"BreadcrumbList\",\"@id\":\"https:\/\/buczny.pl\/en\/about-us\/#breadcrumb\",\"itemListElement\":[{\"@type\":\"ListItem\",\"position\":1,\"name\":\"Strona g\u0142\u00f3wna\",\"item\":\"https:\/\/buczny.pl\/en\/\"},{\"@type\":\"ListItem\",\"position\":2,\"name\":\"About us\"}]},{\"@type\":\"WebSite\",\"@id\":\"https:\/\/buczny.pl\/en\/#website\",\"url\":\"https:\/\/buczny.pl\/en\/\",\"name\":\"Anna Buczny Projektowanie i Aran\u017cacja Wn\u0119trz\",\"description\":\"Projektowanie i Aran\u017cacja Wn\u0119trz\",\"potentialAction\":[{\"@type\":\"SearchAction\",\"target\":{\"@type\":\"EntryPoint\",\"urlTemplate\":\"https:\/\/buczny.pl\/en\/?s={search_term_string}\"},\"query-input\":{\"@type\":\"PropertyValueSpecification\",\"valueRequired\":true,\"valueName\":\"search_term_string\"}}],\"inLanguage\":\"en-US\"}]}<\/script>\n<!-- \/ Yoast SEO plugin. -->","yoast_head_json":{"title":"About us - Anna Buczny Projektowanie i Aran\u017cacja Wn\u0119trz","robots":{"index":"index","follow":"follow","max-snippet":"max-snippet:-1","max-image-preview":"max-image-preview:large","max-video-preview":"max-video-preview:-1"},"canonical":"https:\/\/buczny.pl\/en\/about-us\/","og_locale":"en_US","og_type":"article","og_title":"About us - Anna Buczny Projektowanie i Aran\u017cacja Wn\u0119trz","og_description":"Anna Buczny DECORATION AND INTERIOR DESIGN In particular, we draw your attention to customers&#8217; feedback [&hellip;]","og_url":"https:\/\/buczny.pl\/en\/about-us\/","og_site_name":"Anna Buczny Projektowanie i Aran\u017cacja Wn\u0119trz","article_modified_time":"2022-10-26T11:43:40+00:00","twitter_misc":{"Est. reading time":"1 minute"},"schema":{"@context":"https:\/\/schema.org","@graph":[{"@type":"WebPage","@id":"https:\/\/buczny.pl\/en\/about-us\/","url":"https:\/\/buczny.pl\/en\/about-us\/","name":"About us - Anna Buczny Projektowanie i Aran\u017cacja Wn\u0119trz","isPartOf":{"@id":"https:\/\/buczny.pl\/en\/#website"},"datePublished":"2013-04-07T14:17:04+00:00","dateModified":"2022-10-26T11:43:40+00:00","breadcrumb":{"@id":"https:\/\/buczny.pl\/en\/about-us\/#breadcrumb"},"inLanguage":"en-US","potentialAction":[{"@type":"ReadAction","target":["https:\/\/buczny.pl\/en\/about-us\/"]}]},{"@type":"BreadcrumbList","@id":"https:\/\/buczny.pl\/en\/about-us\/#breadcrumb","itemListElement":[{"@type":"ListItem","position":1,"name":"Strona g\u0142\u00f3wna","item":"https:\/\/buczny.pl\/en\/"},{"@type":"ListItem","position":2,"name":"About us"}]},{"@type":"WebSite","@id":"https:\/\/buczny.pl\/en\/#website","url":"https:\/\/buczny.pl\/en\/","name":"Anna Buczny Projektowanie i Aran\u017cacja Wn\u0119trz","description":"Projektowanie i Aran\u017cacja Wn\u0119trz","potentialAction":[{"@type":"SearchAction","target":{"@type":"EntryPoint","urlTemplate":"https:\/\/buczny.pl\/en\/?s={search_term_string}"},"query-input":{"@type":"PropertyValueSpecification","valueRequired":true,"valueName":"search_term_string"}}],"inLanguage":"en-US"}]}},"_links":{"self":[{"href":"https:\/\/buczny.pl\/en\/wp-json\/wp\/v2\/pages\/1309"}],"collection":[{"href":"https:\/\/buczny.pl\/en\/wp-json\/wp\/v2\/pages"}],"about":[{"href":"https:\/\/buczny.pl\/en\/wp-json\/wp\/v2\/types\/page"}],"author":[{"embeddable":true,"href":"https:\/\/buczny.pl\/en\/wp-json\/wp\/v2\/users\/3"}],"replies":[{"embeddable":true,"href":"https:\/\/buczny.pl\/en\/wp-json\/wp\/v2\/comments?post=1309"}],"version-history":[{"count":0,"href":"https:\/\/buczny.pl\/en\/wp-json\/wp\/v2\/pages\/1309\/revisions"}],"wp:attachment":[{"href":"https:\/\/buczny.pl\/en\/wp-json\/wp\/v2\/media?parent=1309"}],"curies":[{"name":"wp","href":"https:\/\/api.w.org\/{rel}","templated":true}]}}