{"id":2654,"date":"2020-12-10T13:16:18","date_gmt":"2020-12-10T13:16:18","guid":{"rendered":"https:\/\/buczny.pl\/?page_id=2654"},"modified":"2020-12-10T13:16:19","modified_gmt":"2020-12-10T13:16:19","slug":"schluesselfertige-fertigung","status":"publish","type":"page","link":"https:\/\/buczny.pl\/de\/schluesselfertige-fertigung\/","title":{"rendered":"Schl\u00fcsselfertige Fertigung"},"content":{"rendered":"\n<p>Die Fertigstellung einer schl\u00fcsselfertigen Wohnung ist, genau wie die Fertigstellung eines schl\u00fcsselfertigen Hauses, ein Arbeitsschritt, auf den wir uns ebenfalls spezialisiert haben. Nach der Fertigstellung der Projekte erstellen wir Kostenvoranschl\u00e4ge, die den gesamten Arbeits- und Ausstattungsumfang abdecken, einschlie\u00dflich einer umfassenden Ausstattung. Unser Angebot &#8222;schl\u00fcsselfertige Fertigstellung&#8220; richtet sich vor allem an diejenigen, denen der Bau und damit die aktive Teilnahme daran zu zeitaufwendig und m\u00fchsam ist. Bei schl\u00fcsselfertigen Innenausbauten \u00fcbernehmen wir die komplette Arbeit und Verantwortung. Dazu geh\u00f6rt die \u00dcberwachung der Konstruktion, die Leitung einzelner Gruppen unserer Subunternehmer.<\/p>\n\n\n\n<p>Auf die Frage nach dem Preis unserer Dienstleistungen antworten wir: Der Preis h\u00e4ngt davon ab, wie extravagant und arbeitsaufwendig die Innenr\u00e4ume sind, die wir entwerfen und dann ausf\u00fchren.<\/p>\n\n\n\n<p>Nach der Fertigstellung der Investition bieten wir unseren Kunden einen Wartungsservice an.<\/p>\n\n\n\n<p>Wir haben schl\u00fcsselfertige Projekte unter anderem in Warschau, Wroc\u0142aw, Krakau und Szczecin.<\/p>\n\n\n\n<p class=\"has-text-align-center cta\"><strong><strong>Lassen Sie uns gemeinsam Ihr sch\u00f6nes Interieur gestalten<\/strong><\/strong><br><a href=\"https:\/\/buczny.pl\/de\/kontakt\/\">Kontaktieren Sie uns<\/a><\/p>\n","protected":false},"excerpt":{"rendered":"<p>Die Fertigstellung einer schl\u00fcsselfertigen Wohnung ist, genau wie die Fertigstellung eines schl\u00fcsselfertigen Hauses, ein Arbeitsschritt, [&hellip;]<\/p>\n","protected":false},"author":3,"featured_media":0,"parent":0,"menu_order":0,"comment_status":"closed","ping_status":"closed","template":"","meta":{"_acf_changed":false,"ngg_post_thumbnail":0,"footnotes":""},"class_list":["post-2654","page","type-page","status-publish","hentry"],"acf":[],"yoast_head":"<!-- This site is optimized with the Yoast SEO plugin v23.5 - https:\/\/yoast.com\/wordpress\/plugins\/seo\/ -->\n<title>Schl\u00fcsselfertige Fertigung - Anna Buczny Projektowanie i Aran\u017cacja Wn\u0119trz<\/title>\n<meta name=\"robots\" content=\"index, follow, max-snippet:-1, max-image-preview:large, max-video-preview:-1\" \/>\n<link rel=\"canonical\" href=\"https:\/\/buczny.pl\/de\/schluesselfertige-fertigung\/\" \/>\n<meta property=\"og:locale\" content=\"de_DE\" \/>\n<meta property=\"og:type\" content=\"article\" \/>\n<meta property=\"og:title\" content=\"Schl\u00fcsselfertige Fertigung - Anna Buczny Projektowanie i Aran\u017cacja Wn\u0119trz\" \/>\n<meta property=\"og:description\" content=\"Die Fertigstellung einer schl\u00fcsselfertigen Wohnung ist, genau wie die Fertigstellung eines schl\u00fcsselfertigen Hauses, ein Arbeitsschritt, [&hellip;]\" \/>\n<meta property=\"og:url\" content=\"https:\/\/buczny.pl\/de\/schluesselfertige-fertigung\/\" \/>\n<meta property=\"og:site_name\" content=\"Anna Buczny Projektowanie i Aran\u017cacja Wn\u0119trz\" \/>\n<meta property=\"article:modified_time\" content=\"2020-12-10T13:16:19+00:00\" \/>\n<meta name=\"twitter:label1\" content=\"Gesch\u00e4tzte Lesezeit\" \/>\n\t<meta name=\"twitter:data1\" content=\"1\u00a0Minute\" \/>\n<script type=\"application\/ld+json\" class=\"yoast-schema-graph\">{\"@context\":\"https:\/\/schema.org\",\"@graph\":[{\"@type\":\"WebPage\",\"@id\":\"https:\/\/buczny.pl\/de\/schluesselfertige-fertigung\/\",\"url\":\"https:\/\/buczny.pl\/de\/schluesselfertige-fertigung\/\",\"name\":\"Schl\u00fcsselfertige Fertigung - Anna Buczny Projektowanie i Aran\u017cacja Wn\u0119trz\",\"isPartOf\":{\"@id\":\"https:\/\/buczny.pl\/en\/#website\"},\"datePublished\":\"2020-12-10T13:16:18+00:00\",\"dateModified\":\"2020-12-10T13:16:19+00:00\",\"breadcrumb\":{\"@id\":\"https:\/\/buczny.pl\/de\/schluesselfertige-fertigung\/#breadcrumb\"},\"inLanguage\":\"de\",\"potentialAction\":[{\"@type\":\"ReadAction\",\"target\":[\"https:\/\/buczny.pl\/de\/schluesselfertige-fertigung\/\"]}]},{\"@type\":\"BreadcrumbList\",\"@id\":\"https:\/\/buczny.pl\/de\/schluesselfertige-fertigung\/#breadcrumb\",\"itemListElement\":[{\"@type\":\"ListItem\",\"position\":1,\"name\":\"Strona g\u0142\u00f3wna\",\"item\":\"https:\/\/buczny.pl\/de\/\"},{\"@type\":\"ListItem\",\"position\":2,\"name\":\"Schl\u00fcsselfertige Fertigung\"}]},{\"@type\":\"WebSite\",\"@id\":\"https:\/\/buczny.pl\/en\/#website\",\"url\":\"https:\/\/buczny.pl\/en\/\",\"name\":\"Anna Buczny Projektowanie i Aran\u017cacja Wn\u0119trz\",\"description\":\"Projektowanie i Aran\u017cacja Wn\u0119trz\",\"potentialAction\":[{\"@type\":\"SearchAction\",\"target\":{\"@type\":\"EntryPoint\",\"urlTemplate\":\"https:\/\/buczny.pl\/en\/?s={search_term_string}\"},\"query-input\":{\"@type\":\"PropertyValueSpecification\",\"valueRequired\":true,\"valueName\":\"search_term_string\"}}],\"inLanguage\":\"de\"}]}<\/script>\n<!-- \/ Yoast SEO plugin. -->","yoast_head_json":{"title":"Schl\u00fcsselfertige Fertigung - Anna Buczny Projektowanie i Aran\u017cacja Wn\u0119trz","robots":{"index":"index","follow":"follow","max-snippet":"max-snippet:-1","max-image-preview":"max-image-preview:large","max-video-preview":"max-video-preview:-1"},"canonical":"https:\/\/buczny.pl\/de\/schluesselfertige-fertigung\/","og_locale":"de_DE","og_type":"article","og_title":"Schl\u00fcsselfertige Fertigung - Anna Buczny Projektowanie i Aran\u017cacja Wn\u0119trz","og_description":"Die Fertigstellung einer schl\u00fcsselfertigen Wohnung ist, genau wie die Fertigstellung eines schl\u00fcsselfertigen Hauses, ein Arbeitsschritt, [&hellip;]","og_url":"https:\/\/buczny.pl\/de\/schluesselfertige-fertigung\/","og_site_name":"Anna Buczny Projektowanie i Aran\u017cacja Wn\u0119trz","article_modified_time":"2020-12-10T13:16:19+00:00","twitter_misc":{"Gesch\u00e4tzte Lesezeit":"1\u00a0Minute"},"schema":{"@context":"https:\/\/schema.org","@graph":[{"@type":"WebPage","@id":"https:\/\/buczny.pl\/de\/schluesselfertige-fertigung\/","url":"https:\/\/buczny.pl\/de\/schluesselfertige-fertigung\/","name":"Schl\u00fcsselfertige Fertigung - Anna Buczny Projektowanie i Aran\u017cacja Wn\u0119trz","isPartOf":{"@id":"https:\/\/buczny.pl\/en\/#website"},"datePublished":"2020-12-10T13:16:18+00:00","dateModified":"2020-12-10T13:16:19+00:00","breadcrumb":{"@id":"https:\/\/buczny.pl\/de\/schluesselfertige-fertigung\/#breadcrumb"},"inLanguage":"de","potentialAction":[{"@type":"ReadAction","target":["https:\/\/buczny.pl\/de\/schluesselfertige-fertigung\/"]}]},{"@type":"BreadcrumbList","@id":"https:\/\/buczny.pl\/de\/schluesselfertige-fertigung\/#breadcrumb","itemListElement":[{"@type":"ListItem","position":1,"name":"Strona g\u0142\u00f3wna","item":"https:\/\/buczny.pl\/de\/"},{"@type":"ListItem","position":2,"name":"Schl\u00fcsselfertige Fertigung"}]},{"@type":"WebSite","@id":"https:\/\/buczny.pl\/en\/#website","url":"https:\/\/buczny.pl\/en\/","name":"Anna Buczny Projektowanie i Aran\u017cacja Wn\u0119trz","description":"Projektowanie i Aran\u017cacja Wn\u0119trz","potentialAction":[{"@type":"SearchAction","target":{"@type":"EntryPoint","urlTemplate":"https:\/\/buczny.pl\/en\/?s={search_term_string}"},"query-input":{"@type":"PropertyValueSpecification","valueRequired":true,"valueName":"search_term_string"}}],"inLanguage":"de"}]}},"_links":{"self":[{"href":"https:\/\/buczny.pl\/de\/wp-json\/wp\/v2\/pages\/2654"}],"collection":[{"href":"https:\/\/buczny.pl\/de\/wp-json\/wp\/v2\/pages"}],"about":[{"href":"https:\/\/buczny.pl\/de\/wp-json\/wp\/v2\/types\/page"}],"author":[{"embeddable":true,"href":"https:\/\/buczny.pl\/de\/wp-json\/wp\/v2\/users\/3"}],"replies":[{"embeddable":true,"href":"https:\/\/buczny.pl\/de\/wp-json\/wp\/v2\/comments?post=2654"}],"version-history":[{"count":0,"href":"https:\/\/buczny.pl\/de\/wp-json\/wp\/v2\/pages\/2654\/revisions"}],"wp:attachment":[{"href":"https:\/\/buczny.pl\/de\/wp-json\/wp\/v2\/media?parent=2654"}],"curies":[{"name":"wp","href":"https:\/\/api.w.org\/{rel}","templated":true}]}}