{"id":2652,"date":"2020-12-10T13:15:00","date_gmt":"2020-12-10T13:15:00","guid":{"rendered":"https:\/\/buczny.pl\/?page_id=2652"},"modified":"2020-12-10T13:15:01","modified_gmt":"2020-12-10T13:15:01","slug":"raumausstatter","status":"publish","type":"page","link":"https:\/\/buczny.pl\/de\/raumausstatter\/","title":{"rendered":"Raumausstatter"},"content":{"rendered":"\n<p>Unser Innenarchitekturstudio ist seit 25 Jahren auf dem Markt. Jeder von uns, Innenarchitekt, Architekt, Innenarchitektin steht Ihnen jederzeit zur Verf\u00fcgung. In unserem Atelier f\u00fcr Innendekoration finden Sie einzigartige Materialien f\u00fcr den Ausbau und die Einrichtung Ihrer Innenr\u00e4ume. Speziell f\u00fcr Sie importieren wir exklusive M\u00f6bel und Lampen, die in einem eleganten Interieur nicht fehlen d\u00fcrfen.<\/p>\n\n\n\n<p>Warschau, Pozna\u0144, Wroc\u0142aw, Szczecin oder Rzesz\u00f3w sind St\u00e4dte, in denen wir unsere Projekte haben. Wir sind offen f\u00fcr neue Orte und neue Herausforderungen.<\/p>\n\n\n\n<p>Der Preis f\u00fcr jedes Projekt ist unterschiedlich, je nach dem geplanten Arbeitsumfang. Auf unserer Website finden Sie umfassende Informationen, die es Ihnen erm\u00f6glichen, sich ein Bild davon zu machen, welchen Stellenwert wir jedem einzelnen, einzigartigen, einmaligen Innenausbau beimessen: buczny.pl\/jak-pracajemy\/<\/p>\n\n\n\n<p class=\"has-text-align-center cta\"><strong><strong>Lassen Sie uns gemeinsam Ihr sch\u00f6nes Interieur gestalten<\/strong><\/strong><br><a href=\"https:\/\/buczny.pl\/de\/kontakt\/\">Kontaktieren Sie uns<\/a><\/p>\n","protected":false},"excerpt":{"rendered":"<p>Unser Innenarchitekturstudio ist seit 25 Jahren auf dem Markt. Jeder von uns, Innenarchitekt, Architekt, Innenarchitektin [&hellip;]<\/p>\n","protected":false},"author":3,"featured_media":0,"parent":0,"menu_order":0,"comment_status":"closed","ping_status":"closed","template":"","meta":{"_acf_changed":false,"ngg_post_thumbnail":0,"footnotes":""},"class_list":["post-2652","page","type-page","status-publish","hentry"],"acf":[],"yoast_head":"<!-- This site is optimized with the Yoast SEO plugin v23.5 - https:\/\/yoast.com\/wordpress\/plugins\/seo\/ -->\n<title>Raumausstatter - Anna Buczny Projektowanie i Aran\u017cacja Wn\u0119trz<\/title>\n<meta name=\"robots\" content=\"index, follow, max-snippet:-1, max-image-preview:large, max-video-preview:-1\" \/>\n<link rel=\"canonical\" href=\"https:\/\/buczny.pl\/de\/raumausstatter\/\" \/>\n<meta property=\"og:locale\" content=\"de_DE\" \/>\n<meta property=\"og:type\" content=\"article\" \/>\n<meta property=\"og:title\" content=\"Raumausstatter - Anna Buczny Projektowanie i Aran\u017cacja Wn\u0119trz\" \/>\n<meta property=\"og:description\" content=\"Unser Innenarchitekturstudio ist seit 25 Jahren auf dem Markt. Jeder von uns, Innenarchitekt, Architekt, Innenarchitektin [&hellip;]\" \/>\n<meta property=\"og:url\" content=\"https:\/\/buczny.pl\/de\/raumausstatter\/\" \/>\n<meta property=\"og:site_name\" content=\"Anna Buczny Projektowanie i Aran\u017cacja Wn\u0119trz\" \/>\n<meta property=\"article:modified_time\" content=\"2020-12-10T13:15:01+00:00\" \/>\n<meta name=\"twitter:label1\" content=\"Gesch\u00e4tzte Lesezeit\" \/>\n\t<meta name=\"twitter:data1\" content=\"1\u00a0Minute\" \/>\n<script type=\"application\/ld+json\" class=\"yoast-schema-graph\">{\"@context\":\"https:\/\/schema.org\",\"@graph\":[{\"@type\":\"WebPage\",\"@id\":\"https:\/\/buczny.pl\/de\/raumausstatter\/\",\"url\":\"https:\/\/buczny.pl\/de\/raumausstatter\/\",\"name\":\"Raumausstatter - Anna Buczny Projektowanie i Aran\u017cacja Wn\u0119trz\",\"isPartOf\":{\"@id\":\"https:\/\/buczny.pl\/en\/#website\"},\"datePublished\":\"2020-12-10T13:15:00+00:00\",\"dateModified\":\"2020-12-10T13:15:01+00:00\",\"breadcrumb\":{\"@id\":\"https:\/\/buczny.pl\/de\/raumausstatter\/#breadcrumb\"},\"inLanguage\":\"de\",\"potentialAction\":[{\"@type\":\"ReadAction\",\"target\":[\"https:\/\/buczny.pl\/de\/raumausstatter\/\"]}]},{\"@type\":\"BreadcrumbList\",\"@id\":\"https:\/\/buczny.pl\/de\/raumausstatter\/#breadcrumb\",\"itemListElement\":[{\"@type\":\"ListItem\",\"position\":1,\"name\":\"Strona g\u0142\u00f3wna\",\"item\":\"https:\/\/buczny.pl\/de\/\"},{\"@type\":\"ListItem\",\"position\":2,\"name\":\"Raumausstatter\"}]},{\"@type\":\"WebSite\",\"@id\":\"https:\/\/buczny.pl\/en\/#website\",\"url\":\"https:\/\/buczny.pl\/en\/\",\"name\":\"Anna Buczny Projektowanie i Aran\u017cacja Wn\u0119trz\",\"description\":\"Projektowanie i Aran\u017cacja Wn\u0119trz\",\"potentialAction\":[{\"@type\":\"SearchAction\",\"target\":{\"@type\":\"EntryPoint\",\"urlTemplate\":\"https:\/\/buczny.pl\/en\/?s={search_term_string}\"},\"query-input\":{\"@type\":\"PropertyValueSpecification\",\"valueRequired\":true,\"valueName\":\"search_term_string\"}}],\"inLanguage\":\"de\"}]}<\/script>\n<!-- \/ Yoast SEO plugin. -->","yoast_head_json":{"title":"Raumausstatter - Anna Buczny Projektowanie i Aran\u017cacja Wn\u0119trz","robots":{"index":"index","follow":"follow","max-snippet":"max-snippet:-1","max-image-preview":"max-image-preview:large","max-video-preview":"max-video-preview:-1"},"canonical":"https:\/\/buczny.pl\/de\/raumausstatter\/","og_locale":"de_DE","og_type":"article","og_title":"Raumausstatter - Anna Buczny Projektowanie i Aran\u017cacja Wn\u0119trz","og_description":"Unser Innenarchitekturstudio ist seit 25 Jahren auf dem Markt. Jeder von uns, Innenarchitekt, Architekt, Innenarchitektin [&hellip;]","og_url":"https:\/\/buczny.pl\/de\/raumausstatter\/","og_site_name":"Anna Buczny Projektowanie i Aran\u017cacja Wn\u0119trz","article_modified_time":"2020-12-10T13:15:01+00:00","twitter_misc":{"Gesch\u00e4tzte Lesezeit":"1\u00a0Minute"},"schema":{"@context":"https:\/\/schema.org","@graph":[{"@type":"WebPage","@id":"https:\/\/buczny.pl\/de\/raumausstatter\/","url":"https:\/\/buczny.pl\/de\/raumausstatter\/","name":"Raumausstatter - Anna Buczny Projektowanie i Aran\u017cacja Wn\u0119trz","isPartOf":{"@id":"https:\/\/buczny.pl\/en\/#website"},"datePublished":"2020-12-10T13:15:00+00:00","dateModified":"2020-12-10T13:15:01+00:00","breadcrumb":{"@id":"https:\/\/buczny.pl\/de\/raumausstatter\/#breadcrumb"},"inLanguage":"de","potentialAction":[{"@type":"ReadAction","target":["https:\/\/buczny.pl\/de\/raumausstatter\/"]}]},{"@type":"BreadcrumbList","@id":"https:\/\/buczny.pl\/de\/raumausstatter\/#breadcrumb","itemListElement":[{"@type":"ListItem","position":1,"name":"Strona g\u0142\u00f3wna","item":"https:\/\/buczny.pl\/de\/"},{"@type":"ListItem","position":2,"name":"Raumausstatter"}]},{"@type":"WebSite","@id":"https:\/\/buczny.pl\/en\/#website","url":"https:\/\/buczny.pl\/en\/","name":"Anna Buczny Projektowanie i Aran\u017cacja Wn\u0119trz","description":"Projektowanie i Aran\u017cacja Wn\u0119trz","potentialAction":[{"@type":"SearchAction","target":{"@type":"EntryPoint","urlTemplate":"https:\/\/buczny.pl\/en\/?s={search_term_string}"},"query-input":{"@type":"PropertyValueSpecification","valueRequired":true,"valueName":"search_term_string"}}],"inLanguage":"de"}]}},"_links":{"self":[{"href":"https:\/\/buczny.pl\/de\/wp-json\/wp\/v2\/pages\/2652"}],"collection":[{"href":"https:\/\/buczny.pl\/de\/wp-json\/wp\/v2\/pages"}],"about":[{"href":"https:\/\/buczny.pl\/de\/wp-json\/wp\/v2\/types\/page"}],"author":[{"embeddable":true,"href":"https:\/\/buczny.pl\/de\/wp-json\/wp\/v2\/users\/3"}],"replies":[{"embeddable":true,"href":"https:\/\/buczny.pl\/de\/wp-json\/wp\/v2\/comments?post=2652"}],"version-history":[{"count":0,"href":"https:\/\/buczny.pl\/de\/wp-json\/wp\/v2\/pages\/2652\/revisions"}],"wp:attachment":[{"href":"https:\/\/buczny.pl\/de\/wp-json\/wp\/v2\/media?parent=2652"}],"curies":[{"name":"wp","href":"https:\/\/api.w.org\/{rel}","templated":true}]}}