{"id":2650,"date":"2020-12-10T13:13:27","date_gmt":"2020-12-10T13:13:27","guid":{"rendered":"https:\/\/buczny.pl\/?page_id=2650"},"modified":"2020-12-10T13:13:29","modified_gmt":"2020-12-10T13:13:29","slug":"innenausbau","status":"publish","type":"page","link":"https:\/\/buczny.pl\/de\/innenausbau\/","title":{"rendered":"Innenausbau"},"content":{"rendered":"\n<p>Innenausbau ist eine sch\u00f6ne und faszinierende Aufgabe, in der wir uns gerne verwirklichen. F\u00fcr die meisten von Ihnen ist der Bau ein Schlachtfeld, auf dem es schwierig ist, sich selbst zu finden. F\u00fcr alle, die Probleme und Schwierigkeiten vermeiden wollen, die mit dem Betrieb ihres Baus, der Einrichtung ihres Hauses, der Einrichtung ihrer Wohnung oder ihres Appartements verbunden sind, haben wir ein einzigartiges Angebot geschaffen:<\/p>\n\n\n\n<p>Innenausbau des Hauses, Innenausbau der Wohnung und schl\u00fcsselfertiger Ausbau der Wohnung.<\/p>\n\n\n\n<p>Dies ist ein umfassendes Angebot, da das Projekt bereits abgeschlossen ist und zu einem sp\u00e4teren Zeitpunkt abgeschlossen wird. Als Ergebnis erh\u00e4lt unser Kunde die Schl\u00fcssel zu einem komplett eingerichteten und ausgestatteten Innenraum. Seit 25 Jahren arbeiten wir an Exekutivprojekten und Innenraumvisualisierungen, wir bauen Ihren Innenraum von Grund auf, f\u00fchren Renovierungsarbeiten und alle Montagearbeiten durch, einschlie\u00dflich Tischler- und Steinarbeiten. Das Angebot des exklusiven Innenausbaus ist das Ergebnis unserer langj\u00e4hrigen Arbeit, gro\u00dfer Kenntnisse und Erfahrungen und Ihrer Erwartungen.<\/p>\n\n\n\n<p>In vielen St\u00e4dten, wie Gda\u0144sk, Katowice, \u0141\u00f3d\u017a oder Tricity, haben wir unsere Projekte. Der Bereich, in dem wir arbeiten, ist unbegrenzt.<\/p>\n\n\n\n<p>Und f\u00fcr alle Anfragen \u00fcber Preislisten, Wertsachen und Sch\u00e4tzungen verweisen wir auf unsere Website: buczny.pl\/jak-pracajemy\/<\/p>\n\n\n\n<p class=\"has-text-align-center cta\"><strong><strong>Lassen Sie uns gemeinsam Ihr sch\u00f6nes Interieur gestalten<\/strong><\/strong><br><a href=\"https:\/\/buczny.pl\/de\/kontakt\/\">Kontaktieren Sie uns<\/a><\/p>\n","protected":false},"excerpt":{"rendered":"<p>Innenausbau ist eine sch\u00f6ne und faszinierende Aufgabe, in der wir uns gerne verwirklichen. F\u00fcr die [&hellip;]<\/p>\n","protected":false},"author":3,"featured_media":0,"parent":0,"menu_order":0,"comment_status":"closed","ping_status":"closed","template":"","meta":{"_acf_changed":false,"ngg_post_thumbnail":0,"footnotes":""},"class_list":["post-2650","page","type-page","status-publish","hentry"],"acf":[],"yoast_head":"<!-- This site is optimized with the Yoast SEO plugin v23.5 - https:\/\/yoast.com\/wordpress\/plugins\/seo\/ -->\n<title>Innenausbau - Anna Buczny Projektowanie i Aran\u017cacja Wn\u0119trz<\/title>\n<meta name=\"robots\" content=\"index, follow, max-snippet:-1, max-image-preview:large, max-video-preview:-1\" \/>\n<link rel=\"canonical\" href=\"https:\/\/buczny.pl\/de\/innenausbau\/\" \/>\n<meta property=\"og:locale\" content=\"de_DE\" \/>\n<meta property=\"og:type\" content=\"article\" \/>\n<meta property=\"og:title\" content=\"Innenausbau - Anna Buczny Projektowanie i Aran\u017cacja Wn\u0119trz\" \/>\n<meta property=\"og:description\" content=\"Innenausbau ist eine sch\u00f6ne und faszinierende Aufgabe, in der wir uns gerne verwirklichen. F\u00fcr die [&hellip;]\" \/>\n<meta property=\"og:url\" content=\"https:\/\/buczny.pl\/de\/innenausbau\/\" \/>\n<meta property=\"og:site_name\" content=\"Anna Buczny Projektowanie i Aran\u017cacja Wn\u0119trz\" \/>\n<meta property=\"article:modified_time\" content=\"2020-12-10T13:13:29+00:00\" \/>\n<meta name=\"twitter:label1\" content=\"Gesch\u00e4tzte Lesezeit\" \/>\n\t<meta name=\"twitter:data1\" content=\"1\u00a0Minute\" \/>\n<script type=\"application\/ld+json\" class=\"yoast-schema-graph\">{\"@context\":\"https:\/\/schema.org\",\"@graph\":[{\"@type\":\"WebPage\",\"@id\":\"https:\/\/buczny.pl\/de\/innenausbau\/\",\"url\":\"https:\/\/buczny.pl\/de\/innenausbau\/\",\"name\":\"Innenausbau - Anna Buczny Projektowanie i Aran\u017cacja Wn\u0119trz\",\"isPartOf\":{\"@id\":\"https:\/\/buczny.pl\/en\/#website\"},\"datePublished\":\"2020-12-10T13:13:27+00:00\",\"dateModified\":\"2020-12-10T13:13:29+00:00\",\"breadcrumb\":{\"@id\":\"https:\/\/buczny.pl\/de\/innenausbau\/#breadcrumb\"},\"inLanguage\":\"de\",\"potentialAction\":[{\"@type\":\"ReadAction\",\"target\":[\"https:\/\/buczny.pl\/de\/innenausbau\/\"]}]},{\"@type\":\"BreadcrumbList\",\"@id\":\"https:\/\/buczny.pl\/de\/innenausbau\/#breadcrumb\",\"itemListElement\":[{\"@type\":\"ListItem\",\"position\":1,\"name\":\"Strona g\u0142\u00f3wna\",\"item\":\"https:\/\/buczny.pl\/de\/\"},{\"@type\":\"ListItem\",\"position\":2,\"name\":\"Innenausbau\"}]},{\"@type\":\"WebSite\",\"@id\":\"https:\/\/buczny.pl\/en\/#website\",\"url\":\"https:\/\/buczny.pl\/en\/\",\"name\":\"Anna Buczny Projektowanie i Aran\u017cacja Wn\u0119trz\",\"description\":\"Projektowanie i Aran\u017cacja Wn\u0119trz\",\"potentialAction\":[{\"@type\":\"SearchAction\",\"target\":{\"@type\":\"EntryPoint\",\"urlTemplate\":\"https:\/\/buczny.pl\/en\/?s={search_term_string}\"},\"query-input\":{\"@type\":\"PropertyValueSpecification\",\"valueRequired\":true,\"valueName\":\"search_term_string\"}}],\"inLanguage\":\"de\"}]}<\/script>\n<!-- \/ Yoast SEO plugin. -->","yoast_head_json":{"title":"Innenausbau - Anna Buczny Projektowanie i Aran\u017cacja Wn\u0119trz","robots":{"index":"index","follow":"follow","max-snippet":"max-snippet:-1","max-image-preview":"max-image-preview:large","max-video-preview":"max-video-preview:-1"},"canonical":"https:\/\/buczny.pl\/de\/innenausbau\/","og_locale":"de_DE","og_type":"article","og_title":"Innenausbau - Anna Buczny Projektowanie i Aran\u017cacja Wn\u0119trz","og_description":"Innenausbau ist eine sch\u00f6ne und faszinierende Aufgabe, in der wir uns gerne verwirklichen. F\u00fcr die [&hellip;]","og_url":"https:\/\/buczny.pl\/de\/innenausbau\/","og_site_name":"Anna Buczny Projektowanie i Aran\u017cacja Wn\u0119trz","article_modified_time":"2020-12-10T13:13:29+00:00","twitter_misc":{"Gesch\u00e4tzte Lesezeit":"1\u00a0Minute"},"schema":{"@context":"https:\/\/schema.org","@graph":[{"@type":"WebPage","@id":"https:\/\/buczny.pl\/de\/innenausbau\/","url":"https:\/\/buczny.pl\/de\/innenausbau\/","name":"Innenausbau - Anna Buczny Projektowanie i Aran\u017cacja Wn\u0119trz","isPartOf":{"@id":"https:\/\/buczny.pl\/en\/#website"},"datePublished":"2020-12-10T13:13:27+00:00","dateModified":"2020-12-10T13:13:29+00:00","breadcrumb":{"@id":"https:\/\/buczny.pl\/de\/innenausbau\/#breadcrumb"},"inLanguage":"de","potentialAction":[{"@type":"ReadAction","target":["https:\/\/buczny.pl\/de\/innenausbau\/"]}]},{"@type":"BreadcrumbList","@id":"https:\/\/buczny.pl\/de\/innenausbau\/#breadcrumb","itemListElement":[{"@type":"ListItem","position":1,"name":"Strona g\u0142\u00f3wna","item":"https:\/\/buczny.pl\/de\/"},{"@type":"ListItem","position":2,"name":"Innenausbau"}]},{"@type":"WebSite","@id":"https:\/\/buczny.pl\/en\/#website","url":"https:\/\/buczny.pl\/en\/","name":"Anna Buczny Projektowanie i Aran\u017cacja Wn\u0119trz","description":"Projektowanie i Aran\u017cacja Wn\u0119trz","potentialAction":[{"@type":"SearchAction","target":{"@type":"EntryPoint","urlTemplate":"https:\/\/buczny.pl\/en\/?s={search_term_string}"},"query-input":{"@type":"PropertyValueSpecification","valueRequired":true,"valueName":"search_term_string"}}],"inLanguage":"de"}]}},"_links":{"self":[{"href":"https:\/\/buczny.pl\/de\/wp-json\/wp\/v2\/pages\/2650"}],"collection":[{"href":"https:\/\/buczny.pl\/de\/wp-json\/wp\/v2\/pages"}],"about":[{"href":"https:\/\/buczny.pl\/de\/wp-json\/wp\/v2\/types\/page"}],"author":[{"embeddable":true,"href":"https:\/\/buczny.pl\/de\/wp-json\/wp\/v2\/users\/3"}],"replies":[{"embeddable":true,"href":"https:\/\/buczny.pl\/de\/wp-json\/wp\/v2\/comments?post=2650"}],"version-history":[{"count":0,"href":"https:\/\/buczny.pl\/de\/wp-json\/wp\/v2\/pages\/2650\/revisions"}],"wp:attachment":[{"href":"https:\/\/buczny.pl\/de\/wp-json\/wp\/v2\/media?parent=2650"}],"curies":[{"name":"wp","href":"https:\/\/api.w.org\/{rel}","templated":true}]}}