{"id":2648,"date":"2020-12-10T13:10:04","date_gmt":"2020-12-10T13:10:04","guid":{"rendered":"https:\/\/buczny.pl\/?page_id=2648"},"modified":"2020-12-10T13:10:06","modified_gmt":"2020-12-10T13:10:06","slug":"innenarchitekt","status":"publish","type":"page","link":"https:\/\/buczny.pl\/de\/innenarchitekt\/","title":{"rendered":"Innenarchitekt"},"content":{"rendered":"\n<p><strong>Innenarchitektin, Anna Buczny M.Sc:<\/strong><\/p>\n\n\n\n<p>Wir arbeiten seit 25 Jahren mit Ihnen zusammen, und unser Team hat sich in dieser Zeit weiterentwickelt, so wie sich auch der Auftragsmarkt ver\u00e4ndert hat. Als Antwort auf Ihre Erwartungen erweitern wir st\u00e4ndig unser Angebot durch die Einf\u00fchrung neuer Dienstleistungen und neuer Produkte. Unser Team besteht nun aus Innenarchitekten und Architekten, die gewissenhaft an jedem Detail Ihrer Projekte arbeiten.<\/p>\n\n\n\n<p>Warschau, Breslau, Krakau, Posen, Lodz sind St\u00e4dte, in denen wir nicht nur planen, sondern auch eine breite Palette von Renovierungs- und Bauarbeiten durchf\u00fchren. Wir sind offen f\u00fcr neue Herausforderungen, f\u00fcr sch\u00f6ne Arbeiten, die wir gerne f\u00fcr Sie erledigen.<\/p>\n\n\n\n<p class=\"has-text-align-center cta\"><strong><strong>Lassen Sie uns gemeinsam Ihr sch\u00f6nes Interieur gestalten<\/strong><\/strong><br><a href=\"https:\/\/buczny.pl\/de\/kontakt\/\">Kontaktieren Sie uns<\/a><\/p>\n","protected":false},"excerpt":{"rendered":"<p>Innenarchitektin, Anna Buczny M.Sc: Wir arbeiten seit 25 Jahren mit Ihnen zusammen, und unser Team [&hellip;]<\/p>\n","protected":false},"author":3,"featured_media":0,"parent":0,"menu_order":0,"comment_status":"closed","ping_status":"closed","template":"","meta":{"_acf_changed":false,"ngg_post_thumbnail":0,"footnotes":""},"class_list":["post-2648","page","type-page","status-publish","hentry"],"acf":[],"yoast_head":"<!-- This site is optimized with the Yoast SEO plugin v23.5 - https:\/\/yoast.com\/wordpress\/plugins\/seo\/ -->\n<title>Innenarchitekt - Anna Buczny Projektowanie i Aran\u017cacja Wn\u0119trz<\/title>\n<meta name=\"robots\" content=\"index, follow, max-snippet:-1, max-image-preview:large, max-video-preview:-1\" \/>\n<link rel=\"canonical\" href=\"https:\/\/buczny.pl\/de\/innenarchitekt\/\" \/>\n<meta property=\"og:locale\" content=\"de_DE\" \/>\n<meta property=\"og:type\" content=\"article\" \/>\n<meta property=\"og:title\" content=\"Innenarchitekt - Anna Buczny Projektowanie i Aran\u017cacja Wn\u0119trz\" \/>\n<meta property=\"og:description\" content=\"Innenarchitektin, Anna Buczny M.Sc: Wir arbeiten seit 25 Jahren mit Ihnen zusammen, und unser Team [&hellip;]\" \/>\n<meta property=\"og:url\" content=\"https:\/\/buczny.pl\/de\/innenarchitekt\/\" \/>\n<meta property=\"og:site_name\" content=\"Anna Buczny Projektowanie i Aran\u017cacja Wn\u0119trz\" \/>\n<meta property=\"article:modified_time\" content=\"2020-12-10T13:10:06+00:00\" \/>\n<meta name=\"twitter:label1\" content=\"Gesch\u00e4tzte Lesezeit\" \/>\n\t<meta name=\"twitter:data1\" content=\"1\u00a0Minute\" \/>\n<script type=\"application\/ld+json\" class=\"yoast-schema-graph\">{\"@context\":\"https:\/\/schema.org\",\"@graph\":[{\"@type\":\"WebPage\",\"@id\":\"https:\/\/buczny.pl\/de\/innenarchitekt\/\",\"url\":\"https:\/\/buczny.pl\/de\/innenarchitekt\/\",\"name\":\"Innenarchitekt - Anna Buczny Projektowanie i Aran\u017cacja Wn\u0119trz\",\"isPartOf\":{\"@id\":\"https:\/\/buczny.pl\/en\/#website\"},\"datePublished\":\"2020-12-10T13:10:04+00:00\",\"dateModified\":\"2020-12-10T13:10:06+00:00\",\"breadcrumb\":{\"@id\":\"https:\/\/buczny.pl\/de\/innenarchitekt\/#breadcrumb\"},\"inLanguage\":\"de\",\"potentialAction\":[{\"@type\":\"ReadAction\",\"target\":[\"https:\/\/buczny.pl\/de\/innenarchitekt\/\"]}]},{\"@type\":\"BreadcrumbList\",\"@id\":\"https:\/\/buczny.pl\/de\/innenarchitekt\/#breadcrumb\",\"itemListElement\":[{\"@type\":\"ListItem\",\"position\":1,\"name\":\"Strona g\u0142\u00f3wna\",\"item\":\"https:\/\/buczny.pl\/de\/\"},{\"@type\":\"ListItem\",\"position\":2,\"name\":\"Innenarchitekt\"}]},{\"@type\":\"WebSite\",\"@id\":\"https:\/\/buczny.pl\/en\/#website\",\"url\":\"https:\/\/buczny.pl\/en\/\",\"name\":\"Anna Buczny Projektowanie i Aran\u017cacja Wn\u0119trz\",\"description\":\"Projektowanie i Aran\u017cacja Wn\u0119trz\",\"potentialAction\":[{\"@type\":\"SearchAction\",\"target\":{\"@type\":\"EntryPoint\",\"urlTemplate\":\"https:\/\/buczny.pl\/en\/?s={search_term_string}\"},\"query-input\":{\"@type\":\"PropertyValueSpecification\",\"valueRequired\":true,\"valueName\":\"search_term_string\"}}],\"inLanguage\":\"de\"}]}<\/script>\n<!-- \/ Yoast SEO plugin. -->","yoast_head_json":{"title":"Innenarchitekt - Anna Buczny Projektowanie i Aran\u017cacja Wn\u0119trz","robots":{"index":"index","follow":"follow","max-snippet":"max-snippet:-1","max-image-preview":"max-image-preview:large","max-video-preview":"max-video-preview:-1"},"canonical":"https:\/\/buczny.pl\/de\/innenarchitekt\/","og_locale":"de_DE","og_type":"article","og_title":"Innenarchitekt - Anna Buczny Projektowanie i Aran\u017cacja Wn\u0119trz","og_description":"Innenarchitektin, Anna Buczny M.Sc: Wir arbeiten seit 25 Jahren mit Ihnen zusammen, und unser Team [&hellip;]","og_url":"https:\/\/buczny.pl\/de\/innenarchitekt\/","og_site_name":"Anna Buczny Projektowanie i Aran\u017cacja Wn\u0119trz","article_modified_time":"2020-12-10T13:10:06+00:00","twitter_misc":{"Gesch\u00e4tzte Lesezeit":"1\u00a0Minute"},"schema":{"@context":"https:\/\/schema.org","@graph":[{"@type":"WebPage","@id":"https:\/\/buczny.pl\/de\/innenarchitekt\/","url":"https:\/\/buczny.pl\/de\/innenarchitekt\/","name":"Innenarchitekt - Anna Buczny Projektowanie i Aran\u017cacja Wn\u0119trz","isPartOf":{"@id":"https:\/\/buczny.pl\/en\/#website"},"datePublished":"2020-12-10T13:10:04+00:00","dateModified":"2020-12-10T13:10:06+00:00","breadcrumb":{"@id":"https:\/\/buczny.pl\/de\/innenarchitekt\/#breadcrumb"},"inLanguage":"de","potentialAction":[{"@type":"ReadAction","target":["https:\/\/buczny.pl\/de\/innenarchitekt\/"]}]},{"@type":"BreadcrumbList","@id":"https:\/\/buczny.pl\/de\/innenarchitekt\/#breadcrumb","itemListElement":[{"@type":"ListItem","position":1,"name":"Strona g\u0142\u00f3wna","item":"https:\/\/buczny.pl\/de\/"},{"@type":"ListItem","position":2,"name":"Innenarchitekt"}]},{"@type":"WebSite","@id":"https:\/\/buczny.pl\/en\/#website","url":"https:\/\/buczny.pl\/en\/","name":"Anna Buczny Projektowanie i Aran\u017cacja Wn\u0119trz","description":"Projektowanie i Aran\u017cacja Wn\u0119trz","potentialAction":[{"@type":"SearchAction","target":{"@type":"EntryPoint","urlTemplate":"https:\/\/buczny.pl\/en\/?s={search_term_string}"},"query-input":{"@type":"PropertyValueSpecification","valueRequired":true,"valueName":"search_term_string"}}],"inLanguage":"de"}]}},"_links":{"self":[{"href":"https:\/\/buczny.pl\/de\/wp-json\/wp\/v2\/pages\/2648"}],"collection":[{"href":"https:\/\/buczny.pl\/de\/wp-json\/wp\/v2\/pages"}],"about":[{"href":"https:\/\/buczny.pl\/de\/wp-json\/wp\/v2\/types\/page"}],"author":[{"embeddable":true,"href":"https:\/\/buczny.pl\/de\/wp-json\/wp\/v2\/users\/3"}],"replies":[{"embeddable":true,"href":"https:\/\/buczny.pl\/de\/wp-json\/wp\/v2\/comments?post=2648"}],"version-history":[{"count":0,"href":"https:\/\/buczny.pl\/de\/wp-json\/wp\/v2\/pages\/2648\/revisions"}],"wp:attachment":[{"href":"https:\/\/buczny.pl\/de\/wp-json\/wp\/v2\/media?parent=2648"}],"curies":[{"name":"wp","href":"https:\/\/api.w.org\/{rel}","templated":true}]}}