{"id":2643,"date":"2020-12-10T13:07:08","date_gmt":"2020-12-10T13:07:08","guid":{"rendered":"https:\/\/buczny.pl\/?page_id=2643"},"modified":"2020-12-10T13:07:09","modified_gmt":"2020-12-10T13:07:09","slug":"innenarchitektur","status":"publish","type":"page","link":"https:\/\/buczny.pl\/de\/innenarchitektur\/","title":{"rendered":"Innenarchitektur"},"content":{"rendered":"\n<p>Innenarchitektur ist unsere Leidenschaft. Wir sind seit 25 Jahren f\u00fcr Sie da und f\u00fchren einzigartige Innenraumgestaltungen durch, was bedeutet, dass wir individuelle Innenraumgestaltungen durchf\u00fchren, die das Ergebnis unserer Ideen und Ihrer Erwartungen sind. Gr\u00f6\u00dftenteils entwickeln wir moderne Innenraumgestaltungen, denn moderne Innenr\u00e4ume werden von unseren Kunden bevorzugt.<\/p>\n\n\n\n<p>Warschau, Krakau, Breslau, Posen oder Lublin sind die St\u00e4dte, in denen wir unsere Projekte durchgef\u00fchrt oder eine komplette Innenraumgestaltung vorgenommen haben. Die Grenzen der Stadt, der Region oder Ihre sind f\u00fcr uns kein Hindernis. F\u00fcr Anfragen \u00fcber die Preisliste unserer Dienstleistungen schicken wir alle Interessenten auf unsere Webseite: buczny.pl\/jak-pracajemy\/, weil hier eine Quelle von Informationen \u00fcber die Erstellung von Bewertungen f\u00fcr eine individuelle Innenraumgestaltung ist.<\/p>\n\n\n\n<p class=\"has-text-align-center cta\"><strong><strong>Lassen Sie uns gemeinsam Ihr sch\u00f6nes Interieur gestalten<\/strong><\/strong><br><a href=\"https:\/\/buczny.pl\/de\/kontakt\/\">Kontaktieren Sie uns<\/a><\/p>\n","protected":false},"excerpt":{"rendered":"<p>Innenarchitektur ist unsere Leidenschaft. Wir sind seit 25 Jahren f\u00fcr Sie da und f\u00fchren einzigartige [&hellip;]<\/p>\n","protected":false},"author":3,"featured_media":0,"parent":0,"menu_order":0,"comment_status":"closed","ping_status":"closed","template":"","meta":{"_acf_changed":false,"ngg_post_thumbnail":0,"footnotes":""},"class_list":["post-2643","page","type-page","status-publish","hentry"],"acf":[],"yoast_head":"<!-- This site is optimized with the Yoast SEO plugin v23.5 - https:\/\/yoast.com\/wordpress\/plugins\/seo\/ -->\n<title>Innenarchitektur - Anna Buczny Projektowanie i Aran\u017cacja Wn\u0119trz<\/title>\n<meta name=\"robots\" content=\"index, follow, max-snippet:-1, max-image-preview:large, max-video-preview:-1\" \/>\n<link rel=\"canonical\" href=\"https:\/\/buczny.pl\/de\/innenarchitektur\/\" \/>\n<meta property=\"og:locale\" content=\"de_DE\" \/>\n<meta property=\"og:type\" content=\"article\" \/>\n<meta property=\"og:title\" content=\"Innenarchitektur - Anna Buczny Projektowanie i Aran\u017cacja Wn\u0119trz\" \/>\n<meta property=\"og:description\" content=\"Innenarchitektur ist unsere Leidenschaft. Wir sind seit 25 Jahren f\u00fcr Sie da und f\u00fchren einzigartige [&hellip;]\" \/>\n<meta property=\"og:url\" content=\"https:\/\/buczny.pl\/de\/innenarchitektur\/\" \/>\n<meta property=\"og:site_name\" content=\"Anna Buczny Projektowanie i Aran\u017cacja Wn\u0119trz\" \/>\n<meta property=\"article:modified_time\" content=\"2020-12-10T13:07:09+00:00\" \/>\n<meta name=\"twitter:label1\" content=\"Gesch\u00e4tzte Lesezeit\" \/>\n\t<meta name=\"twitter:data1\" content=\"1\u00a0Minute\" \/>\n<script type=\"application\/ld+json\" class=\"yoast-schema-graph\">{\"@context\":\"https:\/\/schema.org\",\"@graph\":[{\"@type\":\"WebPage\",\"@id\":\"https:\/\/buczny.pl\/de\/innenarchitektur\/\",\"url\":\"https:\/\/buczny.pl\/de\/innenarchitektur\/\",\"name\":\"Innenarchitektur - Anna Buczny Projektowanie i Aran\u017cacja Wn\u0119trz\",\"isPartOf\":{\"@id\":\"https:\/\/buczny.pl\/en\/#website\"},\"datePublished\":\"2020-12-10T13:07:08+00:00\",\"dateModified\":\"2020-12-10T13:07:09+00:00\",\"breadcrumb\":{\"@id\":\"https:\/\/buczny.pl\/de\/innenarchitektur\/#breadcrumb\"},\"inLanguage\":\"de\",\"potentialAction\":[{\"@type\":\"ReadAction\",\"target\":[\"https:\/\/buczny.pl\/de\/innenarchitektur\/\"]}]},{\"@type\":\"BreadcrumbList\",\"@id\":\"https:\/\/buczny.pl\/de\/innenarchitektur\/#breadcrumb\",\"itemListElement\":[{\"@type\":\"ListItem\",\"position\":1,\"name\":\"Strona g\u0142\u00f3wna\",\"item\":\"https:\/\/buczny.pl\/de\/\"},{\"@type\":\"ListItem\",\"position\":2,\"name\":\"Innenarchitektur\"}]},{\"@type\":\"WebSite\",\"@id\":\"https:\/\/buczny.pl\/en\/#website\",\"url\":\"https:\/\/buczny.pl\/en\/\",\"name\":\"Anna Buczny Projektowanie i Aran\u017cacja Wn\u0119trz\",\"description\":\"Projektowanie i Aran\u017cacja Wn\u0119trz\",\"potentialAction\":[{\"@type\":\"SearchAction\",\"target\":{\"@type\":\"EntryPoint\",\"urlTemplate\":\"https:\/\/buczny.pl\/en\/?s={search_term_string}\"},\"query-input\":{\"@type\":\"PropertyValueSpecification\",\"valueRequired\":true,\"valueName\":\"search_term_string\"}}],\"inLanguage\":\"de\"}]}<\/script>\n<!-- \/ Yoast SEO plugin. -->","yoast_head_json":{"title":"Innenarchitektur - Anna Buczny Projektowanie i Aran\u017cacja Wn\u0119trz","robots":{"index":"index","follow":"follow","max-snippet":"max-snippet:-1","max-image-preview":"max-image-preview:large","max-video-preview":"max-video-preview:-1"},"canonical":"https:\/\/buczny.pl\/de\/innenarchitektur\/","og_locale":"de_DE","og_type":"article","og_title":"Innenarchitektur - Anna Buczny Projektowanie i Aran\u017cacja Wn\u0119trz","og_description":"Innenarchitektur ist unsere Leidenschaft. Wir sind seit 25 Jahren f\u00fcr Sie da und f\u00fchren einzigartige [&hellip;]","og_url":"https:\/\/buczny.pl\/de\/innenarchitektur\/","og_site_name":"Anna Buczny Projektowanie i Aran\u017cacja Wn\u0119trz","article_modified_time":"2020-12-10T13:07:09+00:00","twitter_misc":{"Gesch\u00e4tzte Lesezeit":"1\u00a0Minute"},"schema":{"@context":"https:\/\/schema.org","@graph":[{"@type":"WebPage","@id":"https:\/\/buczny.pl\/de\/innenarchitektur\/","url":"https:\/\/buczny.pl\/de\/innenarchitektur\/","name":"Innenarchitektur - Anna Buczny Projektowanie i Aran\u017cacja Wn\u0119trz","isPartOf":{"@id":"https:\/\/buczny.pl\/en\/#website"},"datePublished":"2020-12-10T13:07:08+00:00","dateModified":"2020-12-10T13:07:09+00:00","breadcrumb":{"@id":"https:\/\/buczny.pl\/de\/innenarchitektur\/#breadcrumb"},"inLanguage":"de","potentialAction":[{"@type":"ReadAction","target":["https:\/\/buczny.pl\/de\/innenarchitektur\/"]}]},{"@type":"BreadcrumbList","@id":"https:\/\/buczny.pl\/de\/innenarchitektur\/#breadcrumb","itemListElement":[{"@type":"ListItem","position":1,"name":"Strona g\u0142\u00f3wna","item":"https:\/\/buczny.pl\/de\/"},{"@type":"ListItem","position":2,"name":"Innenarchitektur"}]},{"@type":"WebSite","@id":"https:\/\/buczny.pl\/en\/#website","url":"https:\/\/buczny.pl\/en\/","name":"Anna Buczny Projektowanie i Aran\u017cacja Wn\u0119trz","description":"Projektowanie i Aran\u017cacja Wn\u0119trz","potentialAction":[{"@type":"SearchAction","target":{"@type":"EntryPoint","urlTemplate":"https:\/\/buczny.pl\/en\/?s={search_term_string}"},"query-input":{"@type":"PropertyValueSpecification","valueRequired":true,"valueName":"search_term_string"}}],"inLanguage":"de"}]}},"_links":{"self":[{"href":"https:\/\/buczny.pl\/de\/wp-json\/wp\/v2\/pages\/2643"}],"collection":[{"href":"https:\/\/buczny.pl\/de\/wp-json\/wp\/v2\/pages"}],"about":[{"href":"https:\/\/buczny.pl\/de\/wp-json\/wp\/v2\/types\/page"}],"author":[{"embeddable":true,"href":"https:\/\/buczny.pl\/de\/wp-json\/wp\/v2\/users\/3"}],"replies":[{"embeddable":true,"href":"https:\/\/buczny.pl\/de\/wp-json\/wp\/v2\/comments?post=2643"}],"version-history":[{"count":0,"href":"https:\/\/buczny.pl\/de\/wp-json\/wp\/v2\/pages\/2643\/revisions"}],"wp:attachment":[{"href":"https:\/\/buczny.pl\/de\/wp-json\/wp\/v2\/media?parent=2643"}],"curies":[{"name":"wp","href":"https:\/\/api.w.org\/{rel}","templated":true}]}}