{"id":1333,"date":"2015-11-07T12:29:06","date_gmt":"2015-11-07T12:29:06","guid":{"rendered":"http:\/\/buczny.pl\/unsere-arbeitsweise\/"},"modified":"2015-11-07T12:29:06","modified_gmt":"2015-11-07T12:29:06","slug":"unsere-arbeitsweise","status":"publish","type":"page","link":"https:\/\/buczny.pl\/de\/unsere-arbeitsweise\/","title":{"rendered":"Unsere Arbeitsweise"},"content":{"rendered":"<h2>Erste Gespr\u00e4che<\/h2>\n<p>Treffen mit unseren Kunden sowie die Koordination von Projekten werden von Frau Mag. Ing. Architektin Anna Buczny durchgef\u00fchrt. Erste Gespr\u00e4che finden in unserem Firmensitz oder am Ort der geplanten Investition statt. W\u00e4hrend des ersten Treffens wird der Umfang und die Art der Projektarbeiten besprochen, was notwendig f\u00fcr die Vorbereitung des Angebots ist.<\/p>\n<h2>Erstellung eines Konzepts<\/h2>\n<p>Nach der Festlegung der Details und Annahme der Bedingungen f\u00fcr die Zusammenarbeit, f\u00fchren wir eine Inventarisierung des betroffenen Objekts durch. Danach wird ein Konzept erarbeitet, das eine grafische Zusammenfassung der bisherigen Gespr\u00e4che und unserer Vision ist.<\/p>\n<h2>Arbeit am Projekt<\/h2>\n<p>Die den Planungs-Abschnitt zusammenfassenden Richtlinien bilden die Grundlage f\u00fcr weitere, pr\u00e4zise Erarbeitungen, die eine Visualisierung sowie technische Zeichnungen umfassen, die alle zur Durchf\u00fchrung des Projekts erforderlichen Informationen umfassen. Ein Teil dieses Abschnitts der Arbeiten ist die Pr\u00e4sentation von Materialien und Proben durch uns. Unsere Kunden haben dank der Betrachtung unserer Auslage die M\u00f6glichkeit, die Qualit\u00e4t der von uns angebotenen Ausstattung zu beurteilen.<\/p>\n<h2>Schl\u00fcsselfertige Ausf\u00fchrung und Ausstattung<\/h2>\n<p>Unsere Kunden k\u00f6nnen uns nicht nur die Ausf\u00fchrung eines Projekts sondern auch dessen Umsetzung in Auftrag geben. Wir f\u00fchren alle Renovierungs- und Bauarbeiten, Montage- und Ausbauarbeiten aus. Wir arbeiten mit bew\u00e4hrten Materialien von hoher Qualit\u00e4t. Wir statten K\u00fcchen, Esszimmer, Wohnzimmer, Schlafzimmer, Arbeitszimmer, Kinderzimmer und Badezimmer ganzheitlich aus. Wir erbringen Service-Dienstleistungen f\u00fcr die bei uns gekauften Waren und die von uns ausgef\u00fchrten Arbeiten. Wir sind nicht nur w\u00e4hrend der Durchf\u00fchrung des Auftrags f\u00fcr unsere Kunden dar, sondern auch nach dessen Fertigstellung.<\/p>\n<div class=\"grid-33\"><img loading=\"lazy\" decoding=\"async\" class=\"alignnone size-full wp-image-1040\" src=\"http:\/\/buczny.pl\/wp-content\/gallery\/nowosc\/thumbs\/thumbs_Anna-Buczny-Dom-Spelnionych-Marzen-Salon.jpg\" alt=\"\" width=\"800\" height=\"533\" \/><\/div>\n<div class=\"grid-33\"><img loading=\"lazy\" decoding=\"async\" class=\"alignnone size-full wp-image-1039\" src=\"https:\/\/buczny.pl\/wp-content\/uploads\/2015\/11\/IMG_02471.jpg\" alt=\"IMG_0247\" width=\"800\" height=\"533\" srcset=\"https:\/\/buczny.pl\/wp-content\/uploads\/2015\/11\/IMG_02471.jpg 800w, https:\/\/buczny.pl\/wp-content\/uploads\/2015\/11\/IMG_02471-768x512.jpg 768w, https:\/\/buczny.pl\/wp-content\/uploads\/2015\/11\/IMG_02471-150x100.jpg 150w, https:\/\/buczny.pl\/wp-content\/uploads\/2015\/11\/IMG_02471-394x264.jpg 394w, https:\/\/buczny.pl\/wp-content\/uploads\/2015\/11\/IMG_02471-300x200.jpg 300w, https:\/\/buczny.pl\/wp-content\/uploads\/2015\/11\/IMG_02471-353x235.jpg 353w\" sizes=\"(max-width: 800px) 100vw, 800px\" \/><\/div>\n<div class=\"grid-33\"><img loading=\"lazy\" decoding=\"async\" class=\"alignnone size-full wp-image-1041\" src=\"https:\/\/buczny.pl\/wp-content\/uploads\/2015\/11\/02_marchewka_real_katowice_2014_004.jpg\" alt=\"02_marchewka_real_katowice_2014_004\" width=\"800\" height=\"533\" srcset=\"https:\/\/buczny.pl\/wp-content\/uploads\/2015\/11\/02_marchewka_real_katowice_2014_004.jpg 800w, https:\/\/buczny.pl\/wp-content\/uploads\/2015\/11\/02_marchewka_real_katowice_2014_004-768x512.jpg 768w, https:\/\/buczny.pl\/wp-content\/uploads\/2015\/11\/02_marchewka_real_katowice_2014_004-150x100.jpg 150w, https:\/\/buczny.pl\/wp-content\/uploads\/2015\/11\/02_marchewka_real_katowice_2014_004-394x264.jpg 394w, https:\/\/buczny.pl\/wp-content\/uploads\/2015\/11\/02_marchewka_real_katowice_2014_004-300x200.jpg 300w, https:\/\/buczny.pl\/wp-content\/uploads\/2015\/11\/02_marchewka_real_katowice_2014_004-353x235.jpg 353w\" sizes=\"(max-width: 800px) 100vw, 800px\" \/><\/div>\n","protected":false},"excerpt":{"rendered":"<p>Erste Gespr\u00e4che Treffen mit unseren Kunden sowie die Koordination von Projekten werden von Frau Mag. [&hellip;]<\/p>\n","protected":false},"author":3,"featured_media":0,"parent":0,"menu_order":0,"comment_status":"closed","ping_status":"open","template":"","meta":{"_acf_changed":false,"ngg_post_thumbnail":0,"footnotes":""},"class_list":["post-1333","page","type-page","status-publish","hentry"],"acf":[],"yoast_head":"<!-- This site is optimized with the Yoast SEO plugin v23.5 - https:\/\/yoast.com\/wordpress\/plugins\/seo\/ -->\n<title>Unsere Arbeitsweise - Anna Buczny Projektowanie i Aran\u017cacja Wn\u0119trz<\/title>\n<meta name=\"robots\" content=\"index, follow, max-snippet:-1, max-image-preview:large, max-video-preview:-1\" \/>\n<link rel=\"canonical\" href=\"https:\/\/buczny.pl\/de\/unsere-arbeitsweise\/\" \/>\n<meta property=\"og:locale\" content=\"de_DE\" \/>\n<meta property=\"og:type\" content=\"article\" \/>\n<meta property=\"og:title\" content=\"Unsere Arbeitsweise - Anna Buczny Projektowanie i Aran\u017cacja Wn\u0119trz\" \/>\n<meta property=\"og:description\" content=\"Erste Gespr\u00e4che Treffen mit unseren Kunden sowie die Koordination von Projekten werden von Frau Mag. [&hellip;]\" \/>\n<meta property=\"og:url\" content=\"https:\/\/buczny.pl\/de\/unsere-arbeitsweise\/\" \/>\n<meta property=\"og:site_name\" content=\"Anna Buczny Projektowanie i Aran\u017cacja Wn\u0119trz\" \/>\n<meta property=\"og:image\" content=\"http:\/\/buczny.pl\/wp-content\/gallery\/nowosc\/thumbs\/thumbs_Anna-Buczny-Dom-Spelnionych-Marzen-Salon.jpg\" \/>\n<meta name=\"twitter:label1\" content=\"Gesch\u00e4tzte Lesezeit\" \/>\n\t<meta name=\"twitter:data1\" content=\"1\u00a0Minute\" \/>\n<script type=\"application\/ld+json\" class=\"yoast-schema-graph\">{\"@context\":\"https:\/\/schema.org\",\"@graph\":[{\"@type\":\"WebPage\",\"@id\":\"https:\/\/buczny.pl\/de\/unsere-arbeitsweise\/\",\"url\":\"https:\/\/buczny.pl\/de\/unsere-arbeitsweise\/\",\"name\":\"Unsere Arbeitsweise - Anna Buczny Projektowanie i Aran\u017cacja Wn\u0119trz\",\"isPartOf\":{\"@id\":\"https:\/\/buczny.pl\/en\/#website\"},\"primaryImageOfPage\":{\"@id\":\"https:\/\/buczny.pl\/de\/unsere-arbeitsweise\/#primaryimage\"},\"image\":{\"@id\":\"https:\/\/buczny.pl\/de\/unsere-arbeitsweise\/#primaryimage\"},\"thumbnailUrl\":\"http:\/\/buczny.pl\/wp-content\/gallery\/nowosc\/thumbs\/thumbs_Anna-Buczny-Dom-Spelnionych-Marzen-Salon.jpg\",\"datePublished\":\"2015-11-07T12:29:06+00:00\",\"dateModified\":\"2015-11-07T12:29:06+00:00\",\"breadcrumb\":{\"@id\":\"https:\/\/buczny.pl\/de\/unsere-arbeitsweise\/#breadcrumb\"},\"inLanguage\":\"de\",\"potentialAction\":[{\"@type\":\"ReadAction\",\"target\":[\"https:\/\/buczny.pl\/de\/unsere-arbeitsweise\/\"]}]},{\"@type\":\"ImageObject\",\"inLanguage\":\"de\",\"@id\":\"https:\/\/buczny.pl\/de\/unsere-arbeitsweise\/#primaryimage\",\"url\":\"http:\/\/buczny.pl\/wp-content\/gallery\/nowosc\/thumbs\/thumbs_Anna-Buczny-Dom-Spelnionych-Marzen-Salon.jpg\",\"contentUrl\":\"http:\/\/buczny.pl\/wp-content\/gallery\/nowosc\/thumbs\/thumbs_Anna-Buczny-Dom-Spelnionych-Marzen-Salon.jpg\"},{\"@type\":\"BreadcrumbList\",\"@id\":\"https:\/\/buczny.pl\/de\/unsere-arbeitsweise\/#breadcrumb\",\"itemListElement\":[{\"@type\":\"ListItem\",\"position\":1,\"name\":\"Strona g\u0142\u00f3wna\",\"item\":\"https:\/\/buczny.pl\/de\/\"},{\"@type\":\"ListItem\",\"position\":2,\"name\":\"Unsere Arbeitsweise\"}]},{\"@type\":\"WebSite\",\"@id\":\"https:\/\/buczny.pl\/en\/#website\",\"url\":\"https:\/\/buczny.pl\/en\/\",\"name\":\"Anna Buczny Projektowanie i Aran\u017cacja Wn\u0119trz\",\"description\":\"Projektowanie i Aran\u017cacja Wn\u0119trz\",\"potentialAction\":[{\"@type\":\"SearchAction\",\"target\":{\"@type\":\"EntryPoint\",\"urlTemplate\":\"https:\/\/buczny.pl\/en\/?s={search_term_string}\"},\"query-input\":{\"@type\":\"PropertyValueSpecification\",\"valueRequired\":true,\"valueName\":\"search_term_string\"}}],\"inLanguage\":\"de\"}]}<\/script>\n<!-- \/ Yoast SEO plugin. -->","yoast_head_json":{"title":"Unsere Arbeitsweise - Anna Buczny Projektowanie i Aran\u017cacja Wn\u0119trz","robots":{"index":"index","follow":"follow","max-snippet":"max-snippet:-1","max-image-preview":"max-image-preview:large","max-video-preview":"max-video-preview:-1"},"canonical":"https:\/\/buczny.pl\/de\/unsere-arbeitsweise\/","og_locale":"de_DE","og_type":"article","og_title":"Unsere Arbeitsweise - Anna Buczny Projektowanie i Aran\u017cacja Wn\u0119trz","og_description":"Erste Gespr\u00e4che Treffen mit unseren Kunden sowie die Koordination von Projekten werden von Frau Mag. [&hellip;]","og_url":"https:\/\/buczny.pl\/de\/unsere-arbeitsweise\/","og_site_name":"Anna Buczny Projektowanie i Aran\u017cacja Wn\u0119trz","og_image":[{"url":"http:\/\/buczny.pl\/wp-content\/gallery\/nowosc\/thumbs\/thumbs_Anna-Buczny-Dom-Spelnionych-Marzen-Salon.jpg"}],"twitter_misc":{"Gesch\u00e4tzte Lesezeit":"1\u00a0Minute"},"schema":{"@context":"https:\/\/schema.org","@graph":[{"@type":"WebPage","@id":"https:\/\/buczny.pl\/de\/unsere-arbeitsweise\/","url":"https:\/\/buczny.pl\/de\/unsere-arbeitsweise\/","name":"Unsere Arbeitsweise - Anna Buczny Projektowanie i Aran\u017cacja Wn\u0119trz","isPartOf":{"@id":"https:\/\/buczny.pl\/en\/#website"},"primaryImageOfPage":{"@id":"https:\/\/buczny.pl\/de\/unsere-arbeitsweise\/#primaryimage"},"image":{"@id":"https:\/\/buczny.pl\/de\/unsere-arbeitsweise\/#primaryimage"},"thumbnailUrl":"http:\/\/buczny.pl\/wp-content\/gallery\/nowosc\/thumbs\/thumbs_Anna-Buczny-Dom-Spelnionych-Marzen-Salon.jpg","datePublished":"2015-11-07T12:29:06+00:00","dateModified":"2015-11-07T12:29:06+00:00","breadcrumb":{"@id":"https:\/\/buczny.pl\/de\/unsere-arbeitsweise\/#breadcrumb"},"inLanguage":"de","potentialAction":[{"@type":"ReadAction","target":["https:\/\/buczny.pl\/de\/unsere-arbeitsweise\/"]}]},{"@type":"ImageObject","inLanguage":"de","@id":"https:\/\/buczny.pl\/de\/unsere-arbeitsweise\/#primaryimage","url":"http:\/\/buczny.pl\/wp-content\/gallery\/nowosc\/thumbs\/thumbs_Anna-Buczny-Dom-Spelnionych-Marzen-Salon.jpg","contentUrl":"http:\/\/buczny.pl\/wp-content\/gallery\/nowosc\/thumbs\/thumbs_Anna-Buczny-Dom-Spelnionych-Marzen-Salon.jpg"},{"@type":"BreadcrumbList","@id":"https:\/\/buczny.pl\/de\/unsere-arbeitsweise\/#breadcrumb","itemListElement":[{"@type":"ListItem","position":1,"name":"Strona g\u0142\u00f3wna","item":"https:\/\/buczny.pl\/de\/"},{"@type":"ListItem","position":2,"name":"Unsere Arbeitsweise"}]},{"@type":"WebSite","@id":"https:\/\/buczny.pl\/en\/#website","url":"https:\/\/buczny.pl\/en\/","name":"Anna Buczny Projektowanie i Aran\u017cacja Wn\u0119trz","description":"Projektowanie i Aran\u017cacja Wn\u0119trz","potentialAction":[{"@type":"SearchAction","target":{"@type":"EntryPoint","urlTemplate":"https:\/\/buczny.pl\/en\/?s={search_term_string}"},"query-input":{"@type":"PropertyValueSpecification","valueRequired":true,"valueName":"search_term_string"}}],"inLanguage":"de"}]}},"_links":{"self":[{"href":"https:\/\/buczny.pl\/de\/wp-json\/wp\/v2\/pages\/1333"}],"collection":[{"href":"https:\/\/buczny.pl\/de\/wp-json\/wp\/v2\/pages"}],"about":[{"href":"https:\/\/buczny.pl\/de\/wp-json\/wp\/v2\/types\/page"}],"author":[{"embeddable":true,"href":"https:\/\/buczny.pl\/de\/wp-json\/wp\/v2\/users\/3"}],"replies":[{"embeddable":true,"href":"https:\/\/buczny.pl\/de\/wp-json\/wp\/v2\/comments?post=1333"}],"version-history":[{"count":0,"href":"https:\/\/buczny.pl\/de\/wp-json\/wp\/v2\/pages\/1333\/revisions"}],"wp:attachment":[{"href":"https:\/\/buczny.pl\/de\/wp-json\/wp\/v2\/media?parent=1333"}],"curies":[{"name":"wp","href":"https:\/\/api.w.org\/{rel}","templated":true}]}}