{"id":1322,"date":"2013-07-19T13:34:43","date_gmt":"2013-07-19T13:34:43","guid":{"rendered":"http:\/\/buczny.pl\/kundenrezensionen\/"},"modified":"2018-03-12T10:40:30","modified_gmt":"2018-03-12T10:40:30","slug":"neue-kundenrezensionen","status":"publish","type":"page","link":"https:\/\/buczny.pl\/de\/neue-kundenrezensionen\/","title":{"rendered":"Kundenrezensionen"},"content":{"rendered":"<h3>Frau Jolanta Niszczota<\/h3>\n<p>Bewertung der Investorin:<br \/>\numfassende Ausf\u00fchrung, Renovierung eines Hauses. Bezugsfertig.<\/p>\n<div class=\"video-embed\">\n<div class=\"video-container\">\n<p><iframe loading=\"lazy\" src=\"https:\/\/www.youtube.com\/embed\/7qB1OWRMB1E?rel=0\" width=\"640\" height=\"380\" frameborder=\"0\" allowfullscreen=\"allowfullscreen\"><\/iframe><\/p>\n<\/div>\n<\/div>\n<h3>Frau Agnieszka Nordbo<\/h3>\n<p>Bewertung der Investorin:<br \/>\numfassende Ausf\u00fchrung, Renovierung eines Appartements. Bezugsfertig.<\/p>\n<div class=\"video-embed\">\n<div class=\"video-container\">\n<p><iframe loading=\"lazy\" src=\"https:\/\/www.youtube.com\/embed\/bFOnniKPBGs?rel=0&amp;cc_load_policy=1&amp;hl=de\" width=\"640\" height=\"380\" frameborder=\"0\" allowfullscreen=\"allowfullscreen\"><\/iframe><\/p>\n<\/div>\n<\/div>\n<h3>Frau El\u017cbieta Szydelska \u2013 Roszak<\/h3>\n<p>Rezension von Investor:<br \/>\nInnenraum Design, Fertigung und Ausr\u00fcstung Schl\u00fcsselfertiges Erstellen<\/p>\n<div class=\"video-embed\">\n<div class=\"video-container\">\n<p><iframe loading=\"lazy\" src=\"https:\/\/www.youtube.com\/embed\/i497Z0OxG5c?rel=0&amp;cc_load_policy=1&amp;hl=de\" width=\"640\" height=\"380\" frameborder=\"0\" allowfullscreen=\"allowfullscreen\"><\/iframe><\/div>\n<\/div>\n","protected":false},"excerpt":{"rendered":"<p>Frau Jolanta Niszczota Bewertung der Investorin: umfassende Ausf\u00fchrung, Renovierung eines Hauses. Bezugsfertig. Frau Agnieszka Nordbo [&hellip;]<\/p>\n","protected":false},"author":3,"featured_media":0,"parent":0,"menu_order":0,"comment_status":"open","ping_status":"open","template":"page-nowe-opinie-klientow.php","meta":{"_acf_changed":false,"ngg_post_thumbnail":0,"footnotes":""},"class_list":["post-1322","page","type-page","status-publish","hentry"],"acf":[],"yoast_head":"<!-- This site is optimized with the Yoast SEO plugin v23.5 - https:\/\/yoast.com\/wordpress\/plugins\/seo\/ -->\n<title>Kundenrezensionen - Anna Buczny Projektowanie i Aran\u017cacja Wn\u0119trz<\/title>\n<meta name=\"robots\" content=\"index, follow, max-snippet:-1, max-image-preview:large, max-video-preview:-1\" \/>\n<link rel=\"canonical\" href=\"https:\/\/buczny.pl\/de\/neue-kundenrezensionen\/\" \/>\n<meta property=\"og:locale\" content=\"de_DE\" \/>\n<meta property=\"og:type\" content=\"article\" \/>\n<meta property=\"og:title\" content=\"Kundenrezensionen - Anna Buczny Projektowanie i Aran\u017cacja Wn\u0119trz\" \/>\n<meta property=\"og:description\" content=\"Frau Jolanta Niszczota Bewertung der Investorin: umfassende Ausf\u00fchrung, Renovierung eines Hauses. Bezugsfertig. Frau Agnieszka Nordbo [&hellip;]\" \/>\n<meta property=\"og:url\" content=\"https:\/\/buczny.pl\/de\/neue-kundenrezensionen\/\" \/>\n<meta property=\"og:site_name\" content=\"Anna Buczny Projektowanie i Aran\u017cacja Wn\u0119trz\" \/>\n<meta property=\"article:modified_time\" content=\"2018-03-12T10:40:30+00:00\" \/>\n<script type=\"application\/ld+json\" class=\"yoast-schema-graph\">{\"@context\":\"https:\/\/schema.org\",\"@graph\":[{\"@type\":\"WebPage\",\"@id\":\"https:\/\/buczny.pl\/de\/neue-kundenrezensionen\/\",\"url\":\"https:\/\/buczny.pl\/de\/neue-kundenrezensionen\/\",\"name\":\"Kundenrezensionen - Anna Buczny Projektowanie i Aran\u017cacja Wn\u0119trz\",\"isPartOf\":{\"@id\":\"https:\/\/buczny.pl\/en\/#website\"},\"datePublished\":\"2013-07-19T13:34:43+00:00\",\"dateModified\":\"2018-03-12T10:40:30+00:00\",\"breadcrumb\":{\"@id\":\"https:\/\/buczny.pl\/de\/neue-kundenrezensionen\/#breadcrumb\"},\"inLanguage\":\"de\",\"potentialAction\":[{\"@type\":\"ReadAction\",\"target\":[\"https:\/\/buczny.pl\/de\/neue-kundenrezensionen\/\"]}]},{\"@type\":\"BreadcrumbList\",\"@id\":\"https:\/\/buczny.pl\/de\/neue-kundenrezensionen\/#breadcrumb\",\"itemListElement\":[{\"@type\":\"ListItem\",\"position\":1,\"name\":\"Strona g\u0142\u00f3wna\",\"item\":\"https:\/\/buczny.pl\/de\/\"},{\"@type\":\"ListItem\",\"position\":2,\"name\":\"Kundenrezensionen\"}]},{\"@type\":\"WebSite\",\"@id\":\"https:\/\/buczny.pl\/en\/#website\",\"url\":\"https:\/\/buczny.pl\/en\/\",\"name\":\"Anna Buczny Projektowanie i Aran\u017cacja Wn\u0119trz\",\"description\":\"Projektowanie i Aran\u017cacja Wn\u0119trz\",\"potentialAction\":[{\"@type\":\"SearchAction\",\"target\":{\"@type\":\"EntryPoint\",\"urlTemplate\":\"https:\/\/buczny.pl\/en\/?s={search_term_string}\"},\"query-input\":{\"@type\":\"PropertyValueSpecification\",\"valueRequired\":true,\"valueName\":\"search_term_string\"}}],\"inLanguage\":\"de\"}]}<\/script>\n<!-- \/ Yoast SEO plugin. -->","yoast_head_json":{"title":"Kundenrezensionen - Anna Buczny Projektowanie i Aran\u017cacja Wn\u0119trz","robots":{"index":"index","follow":"follow","max-snippet":"max-snippet:-1","max-image-preview":"max-image-preview:large","max-video-preview":"max-video-preview:-1"},"canonical":"https:\/\/buczny.pl\/de\/neue-kundenrezensionen\/","og_locale":"de_DE","og_type":"article","og_title":"Kundenrezensionen - Anna Buczny Projektowanie i Aran\u017cacja Wn\u0119trz","og_description":"Frau Jolanta Niszczota Bewertung der Investorin: umfassende Ausf\u00fchrung, Renovierung eines Hauses. Bezugsfertig. Frau Agnieszka Nordbo [&hellip;]","og_url":"https:\/\/buczny.pl\/de\/neue-kundenrezensionen\/","og_site_name":"Anna Buczny Projektowanie i Aran\u017cacja Wn\u0119trz","article_modified_time":"2018-03-12T10:40:30+00:00","schema":{"@context":"https:\/\/schema.org","@graph":[{"@type":"WebPage","@id":"https:\/\/buczny.pl\/de\/neue-kundenrezensionen\/","url":"https:\/\/buczny.pl\/de\/neue-kundenrezensionen\/","name":"Kundenrezensionen - Anna Buczny Projektowanie i Aran\u017cacja Wn\u0119trz","isPartOf":{"@id":"https:\/\/buczny.pl\/en\/#website"},"datePublished":"2013-07-19T13:34:43+00:00","dateModified":"2018-03-12T10:40:30+00:00","breadcrumb":{"@id":"https:\/\/buczny.pl\/de\/neue-kundenrezensionen\/#breadcrumb"},"inLanguage":"de","potentialAction":[{"@type":"ReadAction","target":["https:\/\/buczny.pl\/de\/neue-kundenrezensionen\/"]}]},{"@type":"BreadcrumbList","@id":"https:\/\/buczny.pl\/de\/neue-kundenrezensionen\/#breadcrumb","itemListElement":[{"@type":"ListItem","position":1,"name":"Strona g\u0142\u00f3wna","item":"https:\/\/buczny.pl\/de\/"},{"@type":"ListItem","position":2,"name":"Kundenrezensionen"}]},{"@type":"WebSite","@id":"https:\/\/buczny.pl\/en\/#website","url":"https:\/\/buczny.pl\/en\/","name":"Anna Buczny Projektowanie i Aran\u017cacja Wn\u0119trz","description":"Projektowanie i Aran\u017cacja Wn\u0119trz","potentialAction":[{"@type":"SearchAction","target":{"@type":"EntryPoint","urlTemplate":"https:\/\/buczny.pl\/en\/?s={search_term_string}"},"query-input":{"@type":"PropertyValueSpecification","valueRequired":true,"valueName":"search_term_string"}}],"inLanguage":"de"}]}},"_links":{"self":[{"href":"https:\/\/buczny.pl\/de\/wp-json\/wp\/v2\/pages\/1322"}],"collection":[{"href":"https:\/\/buczny.pl\/de\/wp-json\/wp\/v2\/pages"}],"about":[{"href":"https:\/\/buczny.pl\/de\/wp-json\/wp\/v2\/types\/page"}],"author":[{"embeddable":true,"href":"https:\/\/buczny.pl\/de\/wp-json\/wp\/v2\/users\/3"}],"replies":[{"embeddable":true,"href":"https:\/\/buczny.pl\/de\/wp-json\/wp\/v2\/comments?post=1322"}],"version-history":[{"count":0,"href":"https:\/\/buczny.pl\/de\/wp-json\/wp\/v2\/pages\/1322\/revisions"}],"wp:attachment":[{"href":"https:\/\/buczny.pl\/de\/wp-json\/wp\/v2\/media?parent=1322"}],"curies":[{"name":"wp","href":"https:\/\/api.w.org\/{rel}","templated":true}]}}