{"id":1316,"date":"2013-04-10T12:42:19","date_gmt":"2013-04-10T12:42:19","guid":{"rendered":"http:\/\/buczny.pl\/angebot\/"},"modified":"2020-12-10T13:04:22","modified_gmt":"2020-12-10T13:04:22","slug":"angebot","status":"publish","type":"page","link":"https:\/\/buczny.pl\/de\/angebot\/","title":{"rendered":"Angebot"},"content":{"rendered":"\n<p>Anna Buczny Innenarchitektur ist eine Firma, die von einer Architektin Anna Buczny gegr\u00fcndet wurde und gef\u00fchrt wird. Seit 1995 besch\u00e4ftigt sie sich mit der Innengestaltung von H\u00e4usern, Wohnungen, Gesch\u00e4ftsr\u00e4umen, Hotels und Yachten \u2013 zu gro\u00dfem Teil schl\u00fcsselfertig. Dies bedeutet, dass die Firma Anna Buczny Innenarchitektur , neben der Innenarchitektur, Innenr\u00e4ume vollst\u00e4ndig renoviert und ausstattet. Die Kunden des B\u00fcros sind meist Einzelkunden, Firmen und Institutionen. Das kommerzielle Angebot von Anna Buczny Innenarchitektur umfasst hochwertige Lampen, K\u00fcchenm\u00f6bel, Wohnzimmer- und B\u00fcrom\u00f6bel, Keramik und Badezimmerarmaturen von solchen Herstellern wie: Swarovski, Schonbek, SerienLighting, Alno, Bruehl, Fiam Italia, Porada, Villeroy&amp;Boch.<\/p>\n\n\n\n<p>Umfassende Dienstleistungen von Anna Buczny Innenarchitektur bedeuten, dass die Kunden kompletten Service und professionelle Betreuung, nicht nur im Zuge der Renovierung- und Bauarbeiten, sondern auch nach ihrer Fertigstellung, haben.<\/p>\n\n\n\n<div class=\"wp-block-columns has-6-columns offer-grid is-layout-flex wp-container-core-columns-is-layout-1 wp-block-columns-is-layout-flex\">\n<div class=\"wp-block-column is-layout-flow wp-block-column-is-layout-flow\">\n<h2 class=\"wp-block-heading\"><a href=\"https:\/\/buczny.pl\/de\/innenarchitektur\/\">Innenarchitektur<\/a><\/h2>\n\n\n\n<figure class=\"wp-block-image\"><a href=\"https:\/\/buczny.pl\/de\/innenarchitektur\/\"><img loading=\"lazy\" decoding=\"async\" width=\"600\" height=\"350\" src=\"https:\/\/buczny.pl\/wp-content\/uploads\/2019\/08\/projektowanie-wnetrz.jpg\" alt=\"Projektowanie Wn\u0119trz\" class=\"wp-image-2558\" srcset=\"https:\/\/buczny.pl\/wp-content\/uploads\/2019\/08\/projektowanie-wnetrz.jpg 600w, https:\/\/buczny.pl\/wp-content\/uploads\/2019\/08\/projektowanie-wnetrz-300x175.jpg 300w, https:\/\/buczny.pl\/wp-content\/uploads\/2019\/08\/projektowanie-wnetrz-353x206.jpg 353w\" sizes=\"(max-width: 600px) 100vw, 600px\" \/><\/a><\/figure>\n\n\n\n<div class=\"wp-block-buttons is-layout-flex wp-block-buttons-is-layout-flex\">\n<div class=\"wp-block-button offer-btn\"><a class=\"wp-block-button__link no-border-radius\" href=\"https:\/\/buczny.pl\/de\/innenarchitektur\/\">mehr<\/a><\/div>\n<\/div>\n<\/div>\n\n\n\n<div class=\"wp-block-column is-layout-flow wp-block-column-is-layout-flow\">\n<h2 class=\"wp-block-heading\"><a href=\"https:\/\/buczny.pl\/de\/inneneinrichtung\/\">Inneneinrichtung<\/a><\/h2>\n\n\n\n<figure class=\"wp-block-image\"><a href=\"https:\/\/buczny.pl\/de\/inneneinrichtung\/\"><img loading=\"lazy\" decoding=\"async\" width=\"600\" height=\"350\" src=\"https:\/\/buczny.pl\/wp-content\/uploads\/2019\/08\/aranzacja-wnetrz.jpg\" alt=\"Aran\u017cacja Wn\u0119trz\" class=\"wp-image-2570\" srcset=\"https:\/\/buczny.pl\/wp-content\/uploads\/2019\/08\/aranzacja-wnetrz.jpg 600w, https:\/\/buczny.pl\/wp-content\/uploads\/2019\/08\/aranzacja-wnetrz-300x175.jpg 300w, https:\/\/buczny.pl\/wp-content\/uploads\/2019\/08\/aranzacja-wnetrz-353x206.jpg 353w\" sizes=\"(max-width: 600px) 100vw, 600px\" \/><\/a><\/figure>\n\n\n\n<div class=\"wp-block-buttons is-layout-flex wp-block-buttons-is-layout-flex\">\n<div class=\"wp-block-button offer-btn\"><a class=\"wp-block-button__link no-border-radius\" href=\"https:\/\/buczny.pl\/de\/inneneinrichtung\/\">mehr<\/a><\/div>\n<\/div>\n<\/div>\n\n\n\n<div class=\"wp-block-column is-layout-flow wp-block-column-is-layout-flow\">\n<h2 class=\"wp-block-heading\"><a href=\"https:\/\/buczny.pl\/de\/innenarchitekt\/\">Innenarchitekt<\/a><\/h2>\n\n\n\n<figure class=\"wp-block-image\"><a href=\"https:\/\/buczny.pl\/de\/innenarchitekt\/\"><img loading=\"lazy\" decoding=\"async\" width=\"600\" height=\"350\" src=\"https:\/\/buczny.pl\/wp-content\/uploads\/2019\/08\/architekt-wnetrz.jpg\" alt=\"Architekt Wn\u0119trz\" class=\"wp-image-2550\" srcset=\"https:\/\/buczny.pl\/wp-content\/uploads\/2019\/08\/architekt-wnetrz.jpg 600w, https:\/\/buczny.pl\/wp-content\/uploads\/2019\/08\/architekt-wnetrz-300x175.jpg 300w, https:\/\/buczny.pl\/wp-content\/uploads\/2019\/08\/architekt-wnetrz-353x206.jpg 353w\" sizes=\"(max-width: 600px) 100vw, 600px\" \/><\/a><\/figure>\n\n\n\n<div class=\"wp-block-buttons is-layout-flex wp-block-buttons-is-layout-flex\">\n<div class=\"wp-block-button offer-btn\"><a class=\"wp-block-button__link no-border-radius\" href=\"https:\/\/buczny.pl\/de\/innenarchitekt\/\">mehr<\/a><\/div>\n<\/div>\n<\/div>\n\n\n\n<div class=\"wp-block-column is-layout-flow wp-block-column-is-layout-flow\">\n<h2 class=\"wp-block-heading\"><a href=\"https:\/\/buczny.pl\/de\/innenausbau\/\">Innenausbau<\/a> <\/h2>\n\n\n\n<figure class=\"wp-block-image\"><a href=\"https:\/\/buczny.pl\/de\/innenausbau\/\"><img loading=\"lazy\" decoding=\"async\" width=\"600\" height=\"350\" src=\"https:\/\/buczny.pl\/wp-content\/uploads\/2019\/08\/wykonczenie-wnetrz.jpg\" alt=\"Wyko\u0144czenie Wn\u0119trz\" class=\"wp-image-2562\" srcset=\"https:\/\/buczny.pl\/wp-content\/uploads\/2019\/08\/wykonczenie-wnetrz.jpg 600w, https:\/\/buczny.pl\/wp-content\/uploads\/2019\/08\/wykonczenie-wnetrz-300x175.jpg 300w, https:\/\/buczny.pl\/wp-content\/uploads\/2019\/08\/wykonczenie-wnetrz-353x206.jpg 353w\" sizes=\"(max-width: 600px) 100vw, 600px\" \/><\/a><\/figure>\n\n\n\n<div class=\"wp-block-buttons is-layout-flex wp-block-buttons-is-layout-flex\">\n<div class=\"wp-block-button offer-btn\"><a class=\"wp-block-button__link no-border-radius\" href=\"https:\/\/buczny.pl\/de\/innenausbau\/\">mehr<\/a><\/div>\n<\/div>\n<\/div>\n\n\n\n<div class=\"wp-block-column is-layout-flow wp-block-column-is-layout-flow\">\n<h2 class=\"wp-block-heading\"><a href=\"https:\/\/buczny.pl\/de\/raumausstatter\/\">Raumausstatter<\/a><\/h2>\n\n\n\n<figure class=\"wp-block-image\"><a href=\"https:\/\/buczny.pl\/de\/raumausstatter\/\"><img loading=\"lazy\" decoding=\"async\" width=\"600\" height=\"350\" src=\"https:\/\/buczny.pl\/wp-content\/uploads\/2019\/08\/dekorator-wnetrz.jpg\" alt=\"Dekorator Wn\u0119trz\" class=\"wp-image-2554\" srcset=\"https:\/\/buczny.pl\/wp-content\/uploads\/2019\/08\/dekorator-wnetrz.jpg 600w, https:\/\/buczny.pl\/wp-content\/uploads\/2019\/08\/dekorator-wnetrz-300x175.jpg 300w, https:\/\/buczny.pl\/wp-content\/uploads\/2019\/08\/dekorator-wnetrz-353x206.jpg 353w\" sizes=\"(max-width: 600px) 100vw, 600px\" \/><\/a><\/figure>\n\n\n\n<div class=\"wp-block-buttons is-layout-flex wp-block-buttons-is-layout-flex\">\n<div class=\"wp-block-button offer-btn\"><a class=\"wp-block-button__link no-border-radius\" href=\"https:\/\/buczny.pl\/de\/raumausstatter\/\">mehr<\/a><\/div>\n<\/div>\n<\/div>\n\n\n\n<div class=\"wp-block-column is-layout-flow wp-block-column-is-layout-flow\">\n<h2 class=\"wp-block-heading\"><a href=\"https:\/\/buczny.pl\/de\/schluesselfertige-fertigung\/\">Schl\u00fcsselfertige Fertigung<\/a><\/h2>\n\n\n\n<figure class=\"wp-block-image\"><a href=\"https:\/\/buczny.pl\/de\/schluesselfertige-fertigung\/\"><img loading=\"lazy\" decoding=\"async\" width=\"600\" height=\"350\" src=\"https:\/\/buczny.pl\/wp-content\/uploads\/2019\/08\/wykonzenie-pod-klucz.jpg\" alt=\"Wyko\u0144czenie Pod Klucz\" class=\"wp-image-2566\" srcset=\"https:\/\/buczny.pl\/wp-content\/uploads\/2019\/08\/wykonzenie-pod-klucz.jpg 600w, https:\/\/buczny.pl\/wp-content\/uploads\/2019\/08\/wykonzenie-pod-klucz-300x175.jpg 300w, https:\/\/buczny.pl\/wp-content\/uploads\/2019\/08\/wykonzenie-pod-klucz-353x206.jpg 353w\" sizes=\"(max-width: 600px) 100vw, 600px\" \/><\/a><\/figure>\n\n\n\n<div class=\"wp-block-buttons is-layout-flex wp-block-buttons-is-layout-flex\">\n<div class=\"wp-block-button offer-btn\"><a class=\"wp-block-button__link no-border-radius\" href=\"https:\/\/buczny.pl\/de\/schluesselfertige-fertigung\/\">mehr<\/a><\/div>\n<\/div>\n<\/div>\n<\/div>\n","protected":false},"excerpt":{"rendered":"<p>Anna Buczny Innenarchitektur ist eine Firma, die von einer Architektin Anna Buczny gegr\u00fcndet wurde und [&hellip;]<\/p>\n","protected":false},"author":3,"featured_media":0,"parent":0,"menu_order":0,"comment_status":"open","ping_status":"open","template":"","meta":{"_acf_changed":false,"ngg_post_thumbnail":0,"footnotes":""},"class_list":["post-1316","page","type-page","status-publish","hentry"],"acf":[],"yoast_head":"<!-- This site is optimized with the Yoast SEO plugin v23.5 - https:\/\/yoast.com\/wordpress\/plugins\/seo\/ -->\n<title>Angebot - Anna Buczny Projektowanie i Aran\u017cacja Wn\u0119trz<\/title>\n<meta name=\"robots\" content=\"index, follow, max-snippet:-1, max-image-preview:large, max-video-preview:-1\" \/>\n<link rel=\"canonical\" href=\"https:\/\/buczny.pl\/de\/angebot\/\" \/>\n<meta property=\"og:locale\" content=\"de_DE\" \/>\n<meta property=\"og:type\" content=\"article\" \/>\n<meta property=\"og:title\" content=\"Angebot - Anna Buczny Projektowanie i Aran\u017cacja Wn\u0119trz\" \/>\n<meta property=\"og:description\" content=\"Anna Buczny Innenarchitektur ist eine Firma, die von einer Architektin Anna Buczny gegr\u00fcndet wurde und [&hellip;]\" \/>\n<meta property=\"og:url\" content=\"https:\/\/buczny.pl\/de\/angebot\/\" \/>\n<meta property=\"og:site_name\" content=\"Anna Buczny Projektowanie i Aran\u017cacja Wn\u0119trz\" \/>\n<meta property=\"article:modified_time\" content=\"2020-12-10T13:04:22+00:00\" \/>\n<meta property=\"og:image\" content=\"https:\/\/buczny.pl\/wp-content\/uploads\/2019\/08\/projektowanie-wnetrz.jpg\" \/>\n<meta name=\"twitter:label1\" content=\"Gesch\u00e4tzte Lesezeit\" \/>\n\t<meta name=\"twitter:data1\" content=\"1\u00a0Minute\" \/>\n<script type=\"application\/ld+json\" class=\"yoast-schema-graph\">{\"@context\":\"https:\/\/schema.org\",\"@graph\":[{\"@type\":\"WebPage\",\"@id\":\"https:\/\/buczny.pl\/de\/angebot\/\",\"url\":\"https:\/\/buczny.pl\/de\/angebot\/\",\"name\":\"Angebot - Anna Buczny Projektowanie i Aran\u017cacja Wn\u0119trz\",\"isPartOf\":{\"@id\":\"https:\/\/buczny.pl\/en\/#website\"},\"primaryImageOfPage\":{\"@id\":\"https:\/\/buczny.pl\/de\/angebot\/#primaryimage\"},\"image\":{\"@id\":\"https:\/\/buczny.pl\/de\/angebot\/#primaryimage\"},\"thumbnailUrl\":\"https:\/\/buczny.pl\/wp-content\/uploads\/2019\/08\/projektowanie-wnetrz.jpg\",\"datePublished\":\"2013-04-10T12:42:19+00:00\",\"dateModified\":\"2020-12-10T13:04:22+00:00\",\"breadcrumb\":{\"@id\":\"https:\/\/buczny.pl\/de\/angebot\/#breadcrumb\"},\"inLanguage\":\"de\",\"potentialAction\":[{\"@type\":\"ReadAction\",\"target\":[\"https:\/\/buczny.pl\/de\/angebot\/\"]}]},{\"@type\":\"ImageObject\",\"inLanguage\":\"de\",\"@id\":\"https:\/\/buczny.pl\/de\/angebot\/#primaryimage\",\"url\":\"https:\/\/buczny.pl\/wp-content\/uploads\/2019\/08\/projektowanie-wnetrz.jpg\",\"contentUrl\":\"https:\/\/buczny.pl\/wp-content\/uploads\/2019\/08\/projektowanie-wnetrz.jpg\"},{\"@type\":\"BreadcrumbList\",\"@id\":\"https:\/\/buczny.pl\/de\/angebot\/#breadcrumb\",\"itemListElement\":[{\"@type\":\"ListItem\",\"position\":1,\"name\":\"Strona g\u0142\u00f3wna\",\"item\":\"https:\/\/buczny.pl\/de\/\"},{\"@type\":\"ListItem\",\"position\":2,\"name\":\"Angebot\"}]},{\"@type\":\"WebSite\",\"@id\":\"https:\/\/buczny.pl\/en\/#website\",\"url\":\"https:\/\/buczny.pl\/en\/\",\"name\":\"Anna Buczny Projektowanie i Aran\u017cacja Wn\u0119trz\",\"description\":\"Projektowanie i Aran\u017cacja Wn\u0119trz\",\"potentialAction\":[{\"@type\":\"SearchAction\",\"target\":{\"@type\":\"EntryPoint\",\"urlTemplate\":\"https:\/\/buczny.pl\/en\/?s={search_term_string}\"},\"query-input\":{\"@type\":\"PropertyValueSpecification\",\"valueRequired\":true,\"valueName\":\"search_term_string\"}}],\"inLanguage\":\"de\"}]}<\/script>\n<!-- \/ Yoast SEO plugin. -->","yoast_head_json":{"title":"Angebot - Anna Buczny Projektowanie i Aran\u017cacja Wn\u0119trz","robots":{"index":"index","follow":"follow","max-snippet":"max-snippet:-1","max-image-preview":"max-image-preview:large","max-video-preview":"max-video-preview:-1"},"canonical":"https:\/\/buczny.pl\/de\/angebot\/","og_locale":"de_DE","og_type":"article","og_title":"Angebot - Anna Buczny Projektowanie i Aran\u017cacja Wn\u0119trz","og_description":"Anna Buczny Innenarchitektur ist eine Firma, die von einer Architektin Anna Buczny gegr\u00fcndet wurde und [&hellip;]","og_url":"https:\/\/buczny.pl\/de\/angebot\/","og_site_name":"Anna Buczny Projektowanie i Aran\u017cacja Wn\u0119trz","article_modified_time":"2020-12-10T13:04:22+00:00","og_image":[{"url":"https:\/\/buczny.pl\/wp-content\/uploads\/2019\/08\/projektowanie-wnetrz.jpg"}],"twitter_misc":{"Gesch\u00e4tzte Lesezeit":"1\u00a0Minute"},"schema":{"@context":"https:\/\/schema.org","@graph":[{"@type":"WebPage","@id":"https:\/\/buczny.pl\/de\/angebot\/","url":"https:\/\/buczny.pl\/de\/angebot\/","name":"Angebot - Anna Buczny Projektowanie i Aran\u017cacja Wn\u0119trz","isPartOf":{"@id":"https:\/\/buczny.pl\/en\/#website"},"primaryImageOfPage":{"@id":"https:\/\/buczny.pl\/de\/angebot\/#primaryimage"},"image":{"@id":"https:\/\/buczny.pl\/de\/angebot\/#primaryimage"},"thumbnailUrl":"https:\/\/buczny.pl\/wp-content\/uploads\/2019\/08\/projektowanie-wnetrz.jpg","datePublished":"2013-04-10T12:42:19+00:00","dateModified":"2020-12-10T13:04:22+00:00","breadcrumb":{"@id":"https:\/\/buczny.pl\/de\/angebot\/#breadcrumb"},"inLanguage":"de","potentialAction":[{"@type":"ReadAction","target":["https:\/\/buczny.pl\/de\/angebot\/"]}]},{"@type":"ImageObject","inLanguage":"de","@id":"https:\/\/buczny.pl\/de\/angebot\/#primaryimage","url":"https:\/\/buczny.pl\/wp-content\/uploads\/2019\/08\/projektowanie-wnetrz.jpg","contentUrl":"https:\/\/buczny.pl\/wp-content\/uploads\/2019\/08\/projektowanie-wnetrz.jpg"},{"@type":"BreadcrumbList","@id":"https:\/\/buczny.pl\/de\/angebot\/#breadcrumb","itemListElement":[{"@type":"ListItem","position":1,"name":"Strona g\u0142\u00f3wna","item":"https:\/\/buczny.pl\/de\/"},{"@type":"ListItem","position":2,"name":"Angebot"}]},{"@type":"WebSite","@id":"https:\/\/buczny.pl\/en\/#website","url":"https:\/\/buczny.pl\/en\/","name":"Anna Buczny Projektowanie i Aran\u017cacja Wn\u0119trz","description":"Projektowanie i Aran\u017cacja Wn\u0119trz","potentialAction":[{"@type":"SearchAction","target":{"@type":"EntryPoint","urlTemplate":"https:\/\/buczny.pl\/en\/?s={search_term_string}"},"query-input":{"@type":"PropertyValueSpecification","valueRequired":true,"valueName":"search_term_string"}}],"inLanguage":"de"}]}},"_links":{"self":[{"href":"https:\/\/buczny.pl\/de\/wp-json\/wp\/v2\/pages\/1316"}],"collection":[{"href":"https:\/\/buczny.pl\/de\/wp-json\/wp\/v2\/pages"}],"about":[{"href":"https:\/\/buczny.pl\/de\/wp-json\/wp\/v2\/types\/page"}],"author":[{"embeddable":true,"href":"https:\/\/buczny.pl\/de\/wp-json\/wp\/v2\/users\/3"}],"replies":[{"embeddable":true,"href":"https:\/\/buczny.pl\/de\/wp-json\/wp\/v2\/comments?post=1316"}],"version-history":[{"count":0,"href":"https:\/\/buczny.pl\/de\/wp-json\/wp\/v2\/pages\/1316\/revisions"}],"wp:attachment":[{"href":"https:\/\/buczny.pl\/de\/wp-json\/wp\/v2\/media?parent=1316"}],"curies":[{"name":"wp","href":"https:\/\/api.w.org\/{rel}","templated":true}]}}