{"id":1308,"date":"2013-04-07T14:17:04","date_gmt":"2013-04-07T14:17:04","guid":{"rendered":"http:\/\/buczny.pl\/uber-uns\/"},"modified":"2022-10-26T11:43:28","modified_gmt":"2022-10-26T11:43:28","slug":"uber-uns","status":"publish","type":"page","link":"https:\/\/buczny.pl\/de\/uber-uns\/","title":{"rendered":"\u00dcber uns"},"content":{"rendered":"<p><strong>Anna Buczny DESIGN UND INNENARCHITEKTUR<\/strong><\/p>\n<p>Insbesondere weisen wir Ihre Aufmerksamkeit auf Kunden-Feedback, weil das unser bestes Markenzeichen ist. Renovierungen und Innenausbau, mit denen wir uns seit \u00fcber 25 Jahren besch\u00e4ftigen sind Hauptgebiet unserer T\u00e4tigkeit, und unsere Flexibilit\u00e4t beim Design als auch die M\u00f6glichkeiten der Auftr\u00e4ge auf dem Markt sind unbeschr\u00e4nkt. Die Bestellungen werden sowohl auf der lokalen Markt &#8211; in Stettin oder Westpommern Woiwodschaft, sondern auch im ganzen Land und Europa verwirklicht.. F\u00fchlen Sie sich frei, uns zu kontaktieren, wir werden Ihnen helfen, die Antworten auf Branchen-Fragen zu finden.<\/p>\n<p><strong>Architektin Anna Buczny<\/strong><\/p>\n<p>Die Architektin, Anna Buczny, die durch den B\u00fcrgermeister von Stettin mit dem Hauptpreis f\u00fcr die Diplomarbeit pr\u00e4miert wurde, entwirft seit 1995 Innenr\u00e4ume und entwickelt st\u00e4ndig ihre Technik, sowie bereichert allm\u00e4hlich das Angebot des B\u00fcros. Die sich \u00e4ndernde Baubranchenmarkt und Erwartungen der Kunden tragen zur kontinuierlichen Entwicklung des Unternehmens und die Erweiterung der Palette von Dienstleistungen. Aktuell haben wir eine breite Palette von Produkten und Materialien f\u00fcr den Innenausbau und die vollst\u00e4ndige Palette von Bau- und Renovierungsdienstleistungen. Ausgew\u00e4hltes Angebot von bekannten Herstellern, der europ\u00e4ischen Marktf\u00fchrer in der Herstellung von Beleuchtung, Leder, Glas und Polsterm\u00f6beln, K\u00fcchenm\u00f6bel, Keramik und Badarmatur, Boden- und Wandbel\u00e4gen, die durch eine professionelle Montage erg\u00e4nzt ist, ist das, was unser B\u00fcro auf dem Markt auszeichnet.<\/p>\n<p>Werke von Anna Buczny sind eine Kombination aus den W\u00fcnschen der Konsumenten und die Vision von einem erfahrenen Designer. Jedes Detail ist hier sehr genau, nach aktuellen Trends und mit der neuesten Technologie entwickelt. Innenraum Designs sind f\u00fcr jeden Kunden individuell gefertigt, so dass die Projekte dadurch von einer Vielzahl von Stil gepr\u00e4gt sind.<\/p>\n","protected":false},"excerpt":{"rendered":"<p>Anna Buczny DESIGN UND INNENARCHITEKTUR Insbesondere weisen wir Ihre Aufmerksamkeit auf Kunden-Feedback, weil das unser [&hellip;]<\/p>\n","protected":false},"author":3,"featured_media":0,"parent":0,"menu_order":0,"comment_status":"open","ping_status":"open","template":"page-onas.php","meta":{"_acf_changed":false,"ngg_post_thumbnail":0,"footnotes":""},"class_list":["post-1308","page","type-page","status-publish","hentry"],"acf":[],"yoast_head":"<!-- This site is optimized with the Yoast SEO plugin v23.5 - https:\/\/yoast.com\/wordpress\/plugins\/seo\/ -->\n<title>\u00dcber uns - Anna Buczny Projektowanie i Aran\u017cacja Wn\u0119trz<\/title>\n<meta name=\"robots\" content=\"index, follow, max-snippet:-1, max-image-preview:large, max-video-preview:-1\" \/>\n<link rel=\"canonical\" href=\"https:\/\/buczny.pl\/de\/uber-uns\/\" \/>\n<meta property=\"og:locale\" content=\"de_DE\" \/>\n<meta property=\"og:type\" content=\"article\" \/>\n<meta property=\"og:title\" content=\"\u00dcber uns - Anna Buczny Projektowanie i Aran\u017cacja Wn\u0119trz\" \/>\n<meta property=\"og:description\" content=\"Anna Buczny DESIGN UND INNENARCHITEKTUR Insbesondere weisen wir Ihre Aufmerksamkeit auf Kunden-Feedback, weil das unser [&hellip;]\" \/>\n<meta property=\"og:url\" content=\"https:\/\/buczny.pl\/de\/uber-uns\/\" \/>\n<meta property=\"og:site_name\" content=\"Anna Buczny Projektowanie i Aran\u017cacja Wn\u0119trz\" \/>\n<meta property=\"article:modified_time\" content=\"2022-10-26T11:43:28+00:00\" \/>\n<meta name=\"twitter:label1\" content=\"Gesch\u00e4tzte Lesezeit\" \/>\n\t<meta name=\"twitter:data1\" content=\"1\u00a0Minute\" \/>\n<script type=\"application\/ld+json\" class=\"yoast-schema-graph\">{\"@context\":\"https:\/\/schema.org\",\"@graph\":[{\"@type\":\"WebPage\",\"@id\":\"https:\/\/buczny.pl\/de\/uber-uns\/\",\"url\":\"https:\/\/buczny.pl\/de\/uber-uns\/\",\"name\":\"\u00dcber uns - Anna Buczny Projektowanie i Aran\u017cacja Wn\u0119trz\",\"isPartOf\":{\"@id\":\"https:\/\/buczny.pl\/en\/#website\"},\"datePublished\":\"2013-04-07T14:17:04+00:00\",\"dateModified\":\"2022-10-26T11:43:28+00:00\",\"breadcrumb\":{\"@id\":\"https:\/\/buczny.pl\/de\/uber-uns\/#breadcrumb\"},\"inLanguage\":\"de\",\"potentialAction\":[{\"@type\":\"ReadAction\",\"target\":[\"https:\/\/buczny.pl\/de\/uber-uns\/\"]}]},{\"@type\":\"BreadcrumbList\",\"@id\":\"https:\/\/buczny.pl\/de\/uber-uns\/#breadcrumb\",\"itemListElement\":[{\"@type\":\"ListItem\",\"position\":1,\"name\":\"Strona g\u0142\u00f3wna\",\"item\":\"https:\/\/buczny.pl\/de\/\"},{\"@type\":\"ListItem\",\"position\":2,\"name\":\"\u00dcber uns\"}]},{\"@type\":\"WebSite\",\"@id\":\"https:\/\/buczny.pl\/en\/#website\",\"url\":\"https:\/\/buczny.pl\/en\/\",\"name\":\"Anna Buczny Projektowanie i Aran\u017cacja Wn\u0119trz\",\"description\":\"Projektowanie i Aran\u017cacja Wn\u0119trz\",\"potentialAction\":[{\"@type\":\"SearchAction\",\"target\":{\"@type\":\"EntryPoint\",\"urlTemplate\":\"https:\/\/buczny.pl\/en\/?s={search_term_string}\"},\"query-input\":{\"@type\":\"PropertyValueSpecification\",\"valueRequired\":true,\"valueName\":\"search_term_string\"}}],\"inLanguage\":\"de\"}]}<\/script>\n<!-- \/ Yoast SEO plugin. -->","yoast_head_json":{"title":"\u00dcber uns - Anna Buczny Projektowanie i Aran\u017cacja Wn\u0119trz","robots":{"index":"index","follow":"follow","max-snippet":"max-snippet:-1","max-image-preview":"max-image-preview:large","max-video-preview":"max-video-preview:-1"},"canonical":"https:\/\/buczny.pl\/de\/uber-uns\/","og_locale":"de_DE","og_type":"article","og_title":"\u00dcber uns - Anna Buczny Projektowanie i Aran\u017cacja Wn\u0119trz","og_description":"Anna Buczny DESIGN UND INNENARCHITEKTUR Insbesondere weisen wir Ihre Aufmerksamkeit auf Kunden-Feedback, weil das unser [&hellip;]","og_url":"https:\/\/buczny.pl\/de\/uber-uns\/","og_site_name":"Anna Buczny Projektowanie i Aran\u017cacja Wn\u0119trz","article_modified_time":"2022-10-26T11:43:28+00:00","twitter_misc":{"Gesch\u00e4tzte Lesezeit":"1\u00a0Minute"},"schema":{"@context":"https:\/\/schema.org","@graph":[{"@type":"WebPage","@id":"https:\/\/buczny.pl\/de\/uber-uns\/","url":"https:\/\/buczny.pl\/de\/uber-uns\/","name":"\u00dcber uns - Anna Buczny Projektowanie i Aran\u017cacja Wn\u0119trz","isPartOf":{"@id":"https:\/\/buczny.pl\/en\/#website"},"datePublished":"2013-04-07T14:17:04+00:00","dateModified":"2022-10-26T11:43:28+00:00","breadcrumb":{"@id":"https:\/\/buczny.pl\/de\/uber-uns\/#breadcrumb"},"inLanguage":"de","potentialAction":[{"@type":"ReadAction","target":["https:\/\/buczny.pl\/de\/uber-uns\/"]}]},{"@type":"BreadcrumbList","@id":"https:\/\/buczny.pl\/de\/uber-uns\/#breadcrumb","itemListElement":[{"@type":"ListItem","position":1,"name":"Strona g\u0142\u00f3wna","item":"https:\/\/buczny.pl\/de\/"},{"@type":"ListItem","position":2,"name":"\u00dcber uns"}]},{"@type":"WebSite","@id":"https:\/\/buczny.pl\/en\/#website","url":"https:\/\/buczny.pl\/en\/","name":"Anna Buczny Projektowanie i Aran\u017cacja Wn\u0119trz","description":"Projektowanie i Aran\u017cacja Wn\u0119trz","potentialAction":[{"@type":"SearchAction","target":{"@type":"EntryPoint","urlTemplate":"https:\/\/buczny.pl\/en\/?s={search_term_string}"},"query-input":{"@type":"PropertyValueSpecification","valueRequired":true,"valueName":"search_term_string"}}],"inLanguage":"de"}]}},"_links":{"self":[{"href":"https:\/\/buczny.pl\/de\/wp-json\/wp\/v2\/pages\/1308"}],"collection":[{"href":"https:\/\/buczny.pl\/de\/wp-json\/wp\/v2\/pages"}],"about":[{"href":"https:\/\/buczny.pl\/de\/wp-json\/wp\/v2\/types\/page"}],"author":[{"embeddable":true,"href":"https:\/\/buczny.pl\/de\/wp-json\/wp\/v2\/users\/3"}],"replies":[{"embeddable":true,"href":"https:\/\/buczny.pl\/de\/wp-json\/wp\/v2\/comments?post=1308"}],"version-history":[{"count":0,"href":"https:\/\/buczny.pl\/de\/wp-json\/wp\/v2\/pages\/1308\/revisions"}],"wp:attachment":[{"href":"https:\/\/buczny.pl\/de\/wp-json\/wp\/v2\/media?parent=1308"}],"curies":[{"name":"wp","href":"https:\/\/api.w.org\/{rel}","templated":true}]}}